{"id":3403,"date":"2015-12-07T15:36:36","date_gmt":"2015-12-07T20:36:36","guid":{"rendered":"http:\/\/obgynmiami.com\/es\/patient-forms\/"},"modified":"2017-06-27T13:13:43","modified_gmt":"2017-06-27T18:13:43","slug":"patient-forms","status":"publish","type":"page","link":"https:\/\/obgynmiami.com\/es\/patient-forms\/","title":{"rendered":"Formularios para Pacientes &#8211; Dr. Susan Fox&#8217;s Center for Women"},"content":{"rendered":"<p>[vc_row rt_row_background_width=\u00bbfullwidth\u00bb rt_row_content_width=\u00bbdefault\u00bb rt_row_style=\u00bbdefault-style\u00bb rt_row_borders=\u00bb\u00bb rt_row_paddings=\u00bbtrue\u00bb rt_bg_image=\u00bb3127&#8243; rt_bg_effect=\u00bbclassic\u00bb rt_bg_image_repeat=\u00bbno-repeat\u00bb rt_bg_size=\u00bbauto auto\u00bb rt_bg_position=\u00bbcenter center\u00bb rt_bg_attachment=\u00bbscroll\u00bb rt_bg_video_format=\u00bbself-hosted\u00bb rt_padding_top=\u00bb100&#8243; rt_padding_bottom=\u00bb140&#8243; rt_bg_color=\u00bb#ffffff\u00bb][vc_column rt_bg_image_repeat=\u00bbrepeat\u00bb rt_bg_size=\u00bbauto auto\u00bb rt_bg_attachment=\u00bbscroll\u00bb]<div class=\"rt_heading_wrapper style-4\">\n\t\t\t\t\t\t<span class=\"punchline\">Formularios para Pacientes - Espa\u00f1ol &amp; Ingles<\/span><h1 class=\"rt_heading  with_punchline style-4\" >Formularios para Pacientes<\/h1>\n\t\t\t\t\t<\/div>[\/vc_column][\/vc_row][vc_row rt_row_background_width=\u00bbfullwidth\u00bb rt_row_content_width=\u00bbdefault\u00bb rt_row_style=\u00bbdefault-style\u00bb rt_row_borders=\u00bb\u00bb rt_row_paddings=\u00bbtrue\u00bb rt_bg_effect=\u00bbclassic\u00bb rt_bg_image_repeat=\u00bbrepeat\u00bb rt_bg_size=\u00bbcover\u00bb rt_bg_position=\u00bbright top\u00bb rt_bg_attachment=\u00bbscroll\u00bb rt_bg_video_format=\u00bbself-hosted\u00bb rt_bg_color=\u00bb#ffffff\u00bb][vc_column rt_bg_image_repeat=\u00bbrepeat\u00bb rt_bg_size=\u00bbauto auto\u00bb rt_bg_attachment=\u00bbscroll\u00bb][vc_column_text]<\/p>\n<h2>Formularios para Pacientes<\/h2>\n<p>Bienvenido a <span style=\"color: #ed687c;\">el Centro de la Dra. Susan Fox para Mujeres<\/span>. Para su comodidad, por favor imprima y llene todos los formularios de los pacientes correspondientes y presentarlos a la recepci\u00f3n cuando llegue a su primera visita al consultorio.<\/p>\n<h3>Espa\u00f1ol<\/h3>\n<p><a href=\"http:\/\/obgynmiami.com\/wp-content\/uploads\/2015\/12\/Patient-Consent-Form-Spanish-v4.15.pdf\">Formulario de Consentimiento del Paciente<\/a><\/p>\n<p><a href=\"http:\/\/obgynmiami.com\/wp-content\/uploads\/2015\/12\/Patient-Info-Form-Spanish-v4.15.pdf\">Formulario de Informaci\u00f3n del Paciente<\/a><\/p>\n<p><a href=\"http:\/\/obgynmiami.com\/wp-content\/uploads\/2015\/12\/Privacy-Practices-Form-Spanish-v4.15.pdf\">Formulario de Privacidad Pr\u00e1cticas<\/a><\/p>\n<p><a href=\"http:\/\/obgynmiami.com\/wp-content\/uploads\/2015\/12\/Medical-Release-Form-Spanish-v4.15.pdf\">Formulario de Autorizaci\u00f3n M\u00e9dica<\/a><\/p>\n<h3>Ingles<\/h3>\n<p><a href=\"http:\/\/obgynmiami.com\/wp-content\/uploads\/2015\/12\/Patient-Info-Form-v4.15.pdf\">Patient Info Form<\/a><\/p>\n<p><a href=\"http:\/\/obgynmiami.com\/wp-content\/uploads\/2015\/12\/Medical-Release-Form-v4.15.pdf\">Medical Release Form<\/a><\/p>\n<p><a href=\"http:\/\/obgynmiami.com\/wp-content\/uploads\/2015\/12\/Privacy-Practices-Form-v4.15.pdf\">Privacy Practices Form<\/a><\/p>\n<p><a href=\"http:\/\/obgynmiami.com\/wp-content\/uploads\/2015\/12\/Patient-Consent-Form-v4.15.pdf\">Patient Consent Form<\/a><\/p>\n<p>&nbsp;<\/p>\n<h2>P\u00f3ngase en contacto con el Centro de la Dra. Susan Fox para Mujeres<\/h2>\n<p><span style=\"font-weight: 400;\">Our Team y su equipo de profesionales dedicados hace un esfuerzo extra para asegurarse de que sus pacientes son completamente satisfecho despu\u00e9s de cada cita, contestar cualquier pregunta que un paciente pueda tener. Si usted necesita un especialista ginec\u00f3logo\/obstetra confiable para la atenci\u00f3n ginecol\u00f3gica de rutina o un profesional con conocimientos para realizar una cirug\u00eda reconstructiva de la pelvis,<\/span><b> el Centro de la Dra. Susan Fox para Mujeres<\/b><span style=\"font-weight: 400;\">es la opci\u00f3n m\u00e1s segura.<\/span><\/p>\n<p>P\u00f3ngase en contacto con <span style=\"color: #f2697d;\"><b>el Centro de la Dra. Susan Fox para Mujeres<\/b><\/span>\u00a0hoy al (305) 595-6488 para ser tratada por uno de los mejores ginec\u00f3logos en el sur de Florida o haga <b><a href=\"http:\/\/obgynmiami.com\/es\/contact-us\/\" target=\"_blank\" rel=\"noopener noreferrer\">clic aqu\u00ed<\/a><\/b> para programar su primer examen.[\/vc_column_text][\/vc_column][\/vc_row]<\/p>\n","protected":false},"excerpt":{"rendered":"<p>[vc_row rt_row_background_width=\u00bbfullwidth\u00bb rt_row_content_width=\u00bbdefault\u00bb rt_row_style=\u00bbdefault-style\u00bb rt_row_borders=\u00bb\u00bb rt_row_paddings=\u00bbtrue\u00bb rt_bg_image=\u00bb3127&#8243; rt_bg_effect=\u00bbclassic\u00bb rt_bg_image_repeat=\u00bbno-repeat\u00bb rt_bg_size=\u00bbauto auto\u00bb rt_bg_position=\u00bbcenter center\u00bb rt_bg_attachment=\u00bbscroll\u00bb rt_bg_video_format=\u00bbself-hosted\u00bb rt_padding_top=\u00bb100&#8243; rt_padding_bottom=\u00bb140&#8243; rt_bg_color=\u00bb#ffffff\u00bb][vc_column rt_bg_image_repeat=\u00bbrepeat\u00bb rt_bg_size=\u00bbauto auto\u00bb rt_bg_attachment=\u00bbscroll\u00bb][\/vc_column][\/vc_row][vc_row rt_row_background_width=\u00bbfullwidth\u00bb rt_row_content_width=\u00bbdefault\u00bb rt_row_style=\u00bbdefault-style\u00bb rt_row_borders=\u00bb\u00bb rt_row_paddings=\u00bbtrue\u00bb rt_bg_effect=\u00bbclassic\u00bb rt_bg_image_repeat=\u00bbrepeat\u00bb rt_bg_size=\u00bbcover\u00bb rt_bg_position=\u00bbright top\u00bb rt_bg_attachment=\u00bbscroll\u00bb rt_bg_video_format=\u00bbself-hosted\u00bb rt_bg_color=\u00bb#ffffff\u00bb][vc_column rt_bg_image_repeat=\u00bbrepeat\u00bb rt_bg_size=\u00bbauto auto\u00bb rt_bg_attachment=\u00bbscroll\u00bb][vc_column_text] Formularios para Pacientes Bienvenido a el Centro de la Dra. Susan Fox para Mujeres. Para su [&hellip;]<\/p>\n","protected":false},"author":1,"featured_media":0,"parent":0,"menu_order":0,"comment_status":"closed","ping_status":"closed","template":"","meta":{"jetpack_post_was_ever_published":false,"footnotes":""},"class_list":["post-3403","page","type-page","status-publish","hentry"],"yoast_head":"<!-- This site is optimized with the Yoast SEO plugin v27.3 - https:\/\/yoast.com\/product\/yoast-seo-wordpress\/ -->\n<title>Obstetra en Miami - Dr. Susan Fox&#039;s Centro de la Mujer<\/title>\n<meta name=\"description\" content=\"Mejor Obstetra en Miami, Dra. Susan Fox. Para su comodidad, por favor Llene nuestra solicitud para pacientes. - Centro de la Mujer\" \/>\n<meta name=\"robots\" content=\"index, follow, max-snippet:-1, max-image-preview:large, max-video-preview:-1\" \/>\n<link rel=\"canonical\" href=\"https:\/\/obgynmiami.com\/es\/patient-forms\/\" \/>\n<meta property=\"og:locale\" content=\"es_ES\" \/>\n<meta property=\"og:type\" content=\"article\" \/>\n<meta property=\"og:title\" content=\"Obstetra en Miami - Dr. Susan Fox&#039;s Centro de la Mujer\" \/>\n<meta property=\"og:description\" content=\"Mejor Obstetra en Miami, Dra. Susan Fox. Para su comodidad, por favor Llene nuestra solicitud para pacientes. - Centro de la Mujer\" \/>\n<meta property=\"og:url\" content=\"https:\/\/obgynmiami.com\/es\/patient-forms\/\" \/>\n<meta property=\"og:site_name\" content=\"Center For Women&#039;s Health And Wellness\" \/>\n<meta property=\"article:publisher\" content=\"https:\/\/www.facebook.com\/pages\/Fox-Susan\/139797669401130?fref=ts\" \/>\n<meta property=\"article:modified_time\" content=\"2017-06-27T18:13:43+00:00\" \/>\n<meta name=\"twitter:card\" content=\"summary_large_image\" \/>\n<meta name=\"twitter:site\" content=\"@drsusanfox\" \/>\n<meta name=\"twitter:label1\" content=\"Tiempo de lectura\" \/>\n\t<meta name=\"twitter:data1\" content=\"2 minutos\" \/>\n<script type=\"application\/ld+json\" class=\"yoast-schema-graph\">{\"@context\":\"https:\\\/\\\/schema.org\",\"@graph\":[{\"@type\":\"WebPage\",\"@id\":\"https:\\\/\\\/obgynmiami.com\\\/es\\\/patient-forms\\\/\",\"url\":\"https:\\\/\\\/obgynmiami.com\\\/es\\\/patient-forms\\\/\",\"name\":\"Obstetra en Miami - Dr. Susan Fox's Centro de la Mujer\",\"isPartOf\":{\"@id\":\"https:\\\/\\\/obgynmiami.com\\\/#website\"},\"datePublished\":\"2015-12-07T20:36:36+00:00\",\"dateModified\":\"2017-06-27T18:13:43+00:00\",\"description\":\"Mejor Obstetra en Miami, Dra. Susan Fox. Para su comodidad, por favor Llene nuestra solicitud para pacientes. - Centro de la Mujer\",\"breadcrumb\":{\"@id\":\"https:\\\/\\\/obgynmiami.com\\\/es\\\/patient-forms\\\/#breadcrumb\"},\"inLanguage\":\"es\",\"potentialAction\":[{\"@type\":\"ReadAction\",\"target\":[\"https:\\\/\\\/obgynmiami.com\\\/es\\\/patient-forms\\\/\"]}]},{\"@type\":\"BreadcrumbList\",\"@id\":\"https:\\\/\\\/obgynmiami.com\\\/es\\\/patient-forms\\\/#breadcrumb\",\"itemListElement\":[{\"@type\":\"ListItem\",\"position\":1,\"name\":\"Home\",\"item\":\"https:\\\/\\\/obgynmiami.com\\\/es\\\/inicio\\\/\"},{\"@type\":\"ListItem\",\"position\":2,\"name\":\"Formularios para Pacientes &#8211; Dr. Susan Fox&#8217;s Center for Women\"}]},{\"@type\":\"WebSite\",\"@id\":\"https:\\\/\\\/obgynmiami.com\\\/#website\",\"url\":\"https:\\\/\\\/obgynmiami.com\\\/\",\"name\":\"Center For Women&#039;s Health And Wellness\",\"description\":\"Miami Obstetrician &amp; Gynecologist - OB-GYN in Kendall, Florida\",\"publisher\":{\"@id\":\"https:\\\/\\\/obgynmiami.com\\\/#organization\"},\"potentialAction\":[{\"@type\":\"SearchAction\",\"target\":{\"@type\":\"EntryPoint\",\"urlTemplate\":\"https:\\\/\\\/obgynmiami.com\\\/?s={search_term_string}\"},\"query-input\":{\"@type\":\"PropertyValueSpecification\",\"valueRequired\":true,\"valueName\":\"search_term_string\"}}],\"inLanguage\":\"es\"},{\"@type\":\"Organization\",\"@id\":\"https:\\\/\\\/obgynmiami.com\\\/#organization\",\"name\":\"Dr. Susan Fox D.O., OB-GYN\",\"url\":\"https:\\\/\\\/obgynmiami.com\\\/\",\"logo\":{\"@type\":\"ImageObject\",\"inLanguage\":\"es\",\"@id\":\"https:\\\/\\\/obgynmiami.com\\\/#\\\/schema\\\/logo\\\/image\\\/\",\"url\":\"https:\\\/\\\/obgynmiami.com\\\/wp-content\\\/uploads\\\/2015\\\/11\\\/Susan-Fox-Logo-Bold.png\",\"contentUrl\":\"https:\\\/\\\/obgynmiami.com\\\/wp-content\\\/uploads\\\/2015\\\/11\\\/Susan-Fox-Logo-Bold.png\",\"width\":300,\"height\":140,\"caption\":\"Dr. Susan Fox D.O., OB-GYN\"},\"image\":{\"@id\":\"https:\\\/\\\/obgynmiami.com\\\/#\\\/schema\\\/logo\\\/image\\\/\"},\"sameAs\":[\"https:\\\/\\\/www.facebook.com\\\/pages\\\/Fox-Susan\\\/139797669401130?fref=ts\",\"https:\\\/\\\/x.com\\\/drsusanfox\"]}]}<\/script>\n<!-- \/ Yoast SEO plugin. -->","yoast_head_json":{"title":"Obstetra en Miami - Dr. Susan Fox's Centro de la Mujer","description":"Mejor Obstetra en Miami, Dra. Susan Fox. Para su comodidad, por favor Llene nuestra solicitud para pacientes. - Centro de la Mujer","robots":{"index":"index","follow":"follow","max-snippet":"max-snippet:-1","max-image-preview":"max-image-preview:large","max-video-preview":"max-video-preview:-1"},"canonical":"https:\/\/obgynmiami.com\/es\/patient-forms\/","og_locale":"es_ES","og_type":"article","og_title":"Obstetra en Miami - Dr. Susan Fox's Centro de la Mujer","og_description":"Mejor Obstetra en Miami, Dra. Susan Fox. Para su comodidad, por favor Llene nuestra solicitud para pacientes. - Centro de la Mujer","og_url":"https:\/\/obgynmiami.com\/es\/patient-forms\/","og_site_name":"Center For Women&#039;s Health And Wellness","article_publisher":"https:\/\/www.facebook.com\/pages\/Fox-Susan\/139797669401130?fref=ts","article_modified_time":"2017-06-27T18:13:43+00:00","twitter_card":"summary_large_image","twitter_site":"@drsusanfox","twitter_misc":{"Tiempo de lectura":"2 minutos"},"schema":{"@context":"https:\/\/schema.org","@graph":[{"@type":"WebPage","@id":"https:\/\/obgynmiami.com\/es\/patient-forms\/","url":"https:\/\/obgynmiami.com\/es\/patient-forms\/","name":"Obstetra en Miami - Dr. Susan Fox's Centro de la Mujer","isPartOf":{"@id":"https:\/\/obgynmiami.com\/#website"},"datePublished":"2015-12-07T20:36:36+00:00","dateModified":"2017-06-27T18:13:43+00:00","description":"Mejor Obstetra en Miami, Dra. Susan Fox. Para su comodidad, por favor Llene nuestra solicitud para pacientes. - Centro de la Mujer","breadcrumb":{"@id":"https:\/\/obgynmiami.com\/es\/patient-forms\/#breadcrumb"},"inLanguage":"es","potentialAction":[{"@type":"ReadAction","target":["https:\/\/obgynmiami.com\/es\/patient-forms\/"]}]},{"@type":"BreadcrumbList","@id":"https:\/\/obgynmiami.com\/es\/patient-forms\/#breadcrumb","itemListElement":[{"@type":"ListItem","position":1,"name":"Home","item":"https:\/\/obgynmiami.com\/es\/inicio\/"},{"@type":"ListItem","position":2,"name":"Formularios para Pacientes &#8211; Dr. Susan Fox&#8217;s Center for Women"}]},{"@type":"WebSite","@id":"https:\/\/obgynmiami.com\/#website","url":"https:\/\/obgynmiami.com\/","name":"Center For Women&#039;s Health And Wellness","description":"Miami Obstetrician &amp; Gynecologist - OB-GYN in Kendall, Florida","publisher":{"@id":"https:\/\/obgynmiami.com\/#organization"},"potentialAction":[{"@type":"SearchAction","target":{"@type":"EntryPoint","urlTemplate":"https:\/\/obgynmiami.com\/?s={search_term_string}"},"query-input":{"@type":"PropertyValueSpecification","valueRequired":true,"valueName":"search_term_string"}}],"inLanguage":"es"},{"@type":"Organization","@id":"https:\/\/obgynmiami.com\/#organization","name":"Dr. Susan Fox D.O., OB-GYN","url":"https:\/\/obgynmiami.com\/","logo":{"@type":"ImageObject","inLanguage":"es","@id":"https:\/\/obgynmiami.com\/#\/schema\/logo\/image\/","url":"https:\/\/obgynmiami.com\/wp-content\/uploads\/2015\/11\/Susan-Fox-Logo-Bold.png","contentUrl":"https:\/\/obgynmiami.com\/wp-content\/uploads\/2015\/11\/Susan-Fox-Logo-Bold.png","width":300,"height":140,"caption":"Dr. Susan Fox D.O., OB-GYN"},"image":{"@id":"https:\/\/obgynmiami.com\/#\/schema\/logo\/image\/"},"sameAs":["https:\/\/www.facebook.com\/pages\/Fox-Susan\/139797669401130?fref=ts","https:\/\/x.com\/drsusanfox"]}]}},"jetpack_sharing_enabled":true,"jetpack_shortlink":"https:\/\/wp.me\/P8s4X2-ST","_links":{"self":[{"href":"https:\/\/obgynmiami.com\/es\/wp-json\/wp\/v2\/pages\/3403","targetHints":{"allow":["GET"]}}],"collection":[{"href":"https:\/\/obgynmiami.com\/es\/wp-json\/wp\/v2\/pages"}],"about":[{"href":"https:\/\/obgynmiami.com\/es\/wp-json\/wp\/v2\/types\/page"}],"author":[{"embeddable":true,"href":"https:\/\/obgynmiami.com\/es\/wp-json\/wp\/v2\/users\/1"}],"replies":[{"embeddable":true,"href":"https:\/\/obgynmiami.com\/es\/wp-json\/wp\/v2\/comments?post=3403"}],"version-history":[{"count":0,"href":"https:\/\/obgynmiami.com\/es\/wp-json\/wp\/v2\/pages\/3403\/revisions"}],"wp:attachment":[{"href":"https:\/\/obgynmiami.com\/es\/wp-json\/wp\/v2\/media?parent=3403"}],"curies":[{"name":"wp","href":"https:\/\/api.w.org\/{rel}","templated":true}]}}