{"id":3414,"date":"2015-11-18T11:17:20","date_gmt":"2015-11-18T16:17:20","guid":{"rendered":"http:\/\/obgynmiami.com\/es\/bartholin-cyst-drainage\/"},"modified":"2017-01-02T16:21:01","modified_gmt":"2017-01-02T21:21:01","slug":"bartholin-cyst-drainage","status":"publish","type":"page","link":"https:\/\/obgynmiami.com\/es\/bartholin-cyst-drainage\/","title":{"rendered":"Drenaje Bartholin Quiste"},"content":{"rendered":"<p>[vc_row rt_row_background_width=\u00bbfullwidth\u00bb rt_row_content_width=\u00bbdefault\u00bb rt_row_style=\u00bbdefault-style\u00bb rt_row_borders=\u00bb\u00bb rt_row_paddings=\u00bbtrue\u00bb rt_bg_image=\u00bb3127&#8243; rt_bg_effect=\u00bbclassic\u00bb rt_bg_image_repeat=\u00bbno-repeat\u00bb rt_bg_size=\u00bbauto auto\u00bb rt_bg_position=\u00bbcenter center\u00bb rt_bg_attachment=\u00bbscroll\u00bb rt_bg_video_format=\u00bbself-hosted\u00bb rt_padding_top=\u00bb100&#8243; rt_padding_bottom=\u00bb140&#8243;][vc_column rt_bg_image_repeat=\u00bbrepeat\u00bb rt_bg_size=\u00bbauto auto\u00bb rt_bg_attachment=\u00bbscroll\u00bb]<div class=\"rt_heading_wrapper style-4\">\n\t\t\t\t\t\t<h1 class=\"rt_heading  style-4\" >QUSTE DE LA GL\u00c1NDULA DE BARTOLINO<\/h1>\n\t\t\t\t\t<\/div>[\/vc_column][\/vc_row][vc_row rt_row_background_width=\u00bbfullwidth\u00bb rt_row_content_width=\u00bbdefault\u00bb rt_row_style=\u00bbdefault-style\u00bb rt_row_borders=\u00bb\u00bb rt_row_paddings=\u00bbtrue\u00bb rt_bg_effect=\u00bbclassic\u00bb rt_bg_image_repeat=\u00bbrepeat\u00bb rt_bg_size=\u00bbcover\u00bb rt_bg_position=\u00bbright top\u00bb rt_bg_attachment=\u00bbscroll\u00bb rt_bg_video_format=\u00bbself-hosted\u00bb rt_bg_color=\u00bb#ffffff\u00bb][vc_column rt_bg_image_repeat=\u00bbrepeat\u00bb rt_bg_size=\u00bbauto auto\u00bb rt_bg_attachment=\u00bbscroll\u00bb][vc_column_text]<\/p>\n<h2><strong>Quiste de la Gl\u00e1ndula de Bartolino<\/strong><\/h2>\n<p><span style=\"font-weight: 400;\">Las gl\u00e1ndulas de Bartolino se encuentran en ambos lados de los labios, alrededor de la vagina. Los \u00f3rganos son muy peque\u00f1os y producen el l\u00edquido que humedece el \u00e1rea vaginal a trav\u00e9s de los conductos de Bartolino. Cuando los conductos est\u00e1n bloqueados por las bacterias, un quiste se forma que puede ser doloroso y se puede infectar. Si no es tratado, este quiste puede crearse en un absceso de Bartolino, causando hinchaz\u00f3n, enrojecimiento y presi\u00f3n dolorosa. <\/span><\/p>\n<p><span style=\"font-weight: 400;\">El <span style=\"color: #ee6679;\"><b>Centro de la Dra. Susan Fox para Mujeres<\/b><\/span><span style=\"font-weight: 400;\">, generalmente recomienda un drenaje a los pacientes que tienen un quiste de Bartolino. Nuestros expertos m\u00e9dicos colocan al paciente bajo anestesia local para hacer una incisi\u00f3n en el quiste. Luego se coloca un cat\u00e9ter dentro del absceso para drenar el l\u00edquido. Despu\u00e9s, se prescriben antibi\u00f3ticos para tratar la infecci\u00f3n, pero generalmente no son necesarios despu\u00e9s que el l\u00edquido fue drenado. En algunos casos la condici\u00f3n puede regresar, pero si es tratado correctamente, la mayor\u00eda de los pacientes se recuperan completamente.<br \/>\n<\/span><\/span><\/p>\n<h2>Causas de Bartolinitis<\/h2>\n<p><span style=\"font-weight: 400;\">Se cree que los quistes de Bartolino son causados por una acumulaci\u00f3n de l\u00edquido en las gl\u00e1ndulas de Bartolino. Cuando las bacterias da\u00f1inas, como las que causa enfermedades de transmisi\u00f3n sexual clamidia, gonorrea y e. coli entra en contacto con el quiste, se produce una infecci\u00f3n. <\/span><\/p>\n<h2>Sintomas de Bartolinitis<\/h2>\n<p><span style=\"font-weight: 400;\">Muchas mujeres no se dan cuenta que tienen un quiste de Bartolino hasta que se empeora o se infecta. Esto es generalmente debido al tama\u00f1o peque\u00f1o de los conductos de Bartolino. Una vez que el quiste se infecta, sus efectos son reconocibles seg\u00fan pasan los d\u00edas. \u00bfNo est\u00e1 segura si usted tiene un quiste de Bartolino? Abajo encontrar\u00e1s una lista de s\u00edntomas comunes que una puede mujer experimentar durante una infecci\u00f3n.<\/span><\/p>\n<ul>\n<li style=\"font-weight: 400;\"><span style=\"font-weight: 400;\">Fiebre <\/span><\/li>\n<li style=\"font-weight: 400;\"><span style=\"font-weight: 400;\">Bulto blando cerca de la abertura vaginal<\/span><\/li>\n<li style=\"font-weight: 400;\"><span style=\"font-weight: 400;\">Dolor inusual durante las relaciones sexuales<\/span><\/li>\n<li style=\"font-weight: 400;\"><span style=\"font-weight: 400;\">Dolor cerca de la zona genital<\/span><\/li>\n<li style=\"font-weight: 400;\"><span style=\"font-weight: 400;\">Dolor o molestia que empeora o persiste por m\u00e1s de tres d\u00edas<\/span><\/li>\n<\/ul>\n<p><span style=\"font-weight: 400;\"><br \/>\nSi usted est\u00e1 experimentando cualquiera de estos s\u00edntomas y quisiera a ser examinada por uno de nuestros profesionales cualificados, p\u00f3ngase en contacto con el <\/span><span style=\"color: #ee6679;\"><b>Centro de Dra. Susan Fox para Mujeres <\/b><\/span><span style=\"font-weight: 400;\">en el (305) 595-6488 o haga clic <strong><a href=\"http:\/\/obgynmiami.com\/es\/contact-us\/\" target=\"_blank\">aqu\u00ed <\/a><\/strong>para programar una cita y encontrar soluciones efectivas a su condiciones.<br \/>\n<\/span>[\/vc_column_text][\/vc_column][\/vc_row]<\/p>\n","protected":false},"excerpt":{"rendered":"<p>[vc_row rt_row_background_width=\u00bbfullwidth\u00bb rt_row_content_width=\u00bbdefault\u00bb rt_row_style=\u00bbdefault-style\u00bb rt_row_borders=\u00bb\u00bb rt_row_paddings=\u00bbtrue\u00bb rt_bg_image=\u00bb3127&#8243; rt_bg_effect=\u00bbclassic\u00bb rt_bg_image_repeat=\u00bbno-repeat\u00bb rt_bg_size=\u00bbauto auto\u00bb rt_bg_position=\u00bbcenter center\u00bb rt_bg_attachment=\u00bbscroll\u00bb rt_bg_video_format=\u00bbself-hosted\u00bb rt_padding_top=\u00bb100&#8243; rt_padding_bottom=\u00bb140&#8243;][vc_column rt_bg_image_repeat=\u00bbrepeat\u00bb rt_bg_size=\u00bbauto auto\u00bb rt_bg_attachment=\u00bbscroll\u00bb][\/vc_column][\/vc_row][vc_row rt_row_background_width=\u00bbfullwidth\u00bb rt_row_content_width=\u00bbdefault\u00bb rt_row_style=\u00bbdefault-style\u00bb rt_row_borders=\u00bb\u00bb rt_row_paddings=\u00bbtrue\u00bb rt_bg_effect=\u00bbclassic\u00bb rt_bg_image_repeat=\u00bbrepeat\u00bb rt_bg_size=\u00bbcover\u00bb rt_bg_position=\u00bbright top\u00bb rt_bg_attachment=\u00bbscroll\u00bb rt_bg_video_format=\u00bbself-hosted\u00bb rt_bg_color=\u00bb#ffffff\u00bb][vc_column rt_bg_image_repeat=\u00bbrepeat\u00bb rt_bg_size=\u00bbauto auto\u00bb rt_bg_attachment=\u00bbscroll\u00bb][vc_column_text] Quiste de la Gl\u00e1ndula de Bartolino Las gl\u00e1ndulas de Bartolino se encuentran en ambos lados de los [&hellip;]<\/p>\n","protected":false},"author":1,"featured_media":0,"parent":0,"menu_order":0,"comment_status":"closed","ping_status":"closed","template":"","meta":{"jetpack_post_was_ever_published":false,"footnotes":""},"class_list":["post-3414","page","type-page","status-publish","hentry"],"yoast_head":"<!-- This site is optimized with the Yoast SEO plugin v27.3 - https:\/\/yoast.com\/product\/yoast-seo-wordpress\/ -->\n<title>Bartholin Cyst Drainage | Bartholin Gland Cyst Treatment Miami<\/title>\n<meta name=\"description\" content=\"Many women do not realize they have a Bartholin cyst until it worsens or becomes infected. Contact Dr. Susan Fox&#039;s Center for Women at (305) 595-6488 !\" \/>\n<meta name=\"robots\" content=\"index, follow, max-snippet:-1, max-image-preview:large, max-video-preview:-1\" \/>\n<link rel=\"canonical\" href=\"https:\/\/obgynmiami.com\/es\/bartholin-cyst-drainage\/\" \/>\n<meta property=\"og:locale\" content=\"es_ES\" \/>\n<meta property=\"og:type\" content=\"article\" \/>\n<meta property=\"og:title\" content=\"Bartholin Cyst Drainage | Bartholin Gland Cyst Treatment Miami\" \/>\n<meta property=\"og:description\" content=\"Many women do not realize they have a Bartholin cyst until it worsens or becomes infected. Contact Dr. Susan Fox&#039;s Center for Women at (305) 595-6488 !\" \/>\n<meta property=\"og:url\" content=\"https:\/\/obgynmiami.com\/es\/bartholin-cyst-drainage\/\" \/>\n<meta property=\"og:site_name\" content=\"Center For Women&#039;s Health And Wellness\" \/>\n<meta property=\"article:publisher\" content=\"https:\/\/www.facebook.com\/pages\/Fox-Susan\/139797669401130?fref=ts\" \/>\n<meta property=\"article:modified_time\" content=\"2017-01-02T21:21:01+00:00\" \/>\n<meta name=\"twitter:card\" content=\"summary_large_image\" \/>\n<meta name=\"twitter:site\" content=\"@drsusanfox\" \/>\n<meta name=\"twitter:label1\" content=\"Tiempo de lectura\" \/>\n\t<meta name=\"twitter:data1\" content=\"3 minutos\" \/>\n<script type=\"application\/ld+json\" class=\"yoast-schema-graph\">{\"@context\":\"https:\\\/\\\/schema.org\",\"@graph\":[{\"@type\":\"WebPage\",\"@id\":\"https:\\\/\\\/obgynmiami.com\\\/es\\\/bartholin-cyst-drainage\\\/\",\"url\":\"https:\\\/\\\/obgynmiami.com\\\/es\\\/bartholin-cyst-drainage\\\/\",\"name\":\"Bartholin Cyst Drainage | Bartholin Gland Cyst Treatment Miami\",\"isPartOf\":{\"@id\":\"https:\\\/\\\/obgynmiami.com\\\/#website\"},\"datePublished\":\"2015-11-18T16:17:20+00:00\",\"dateModified\":\"2017-01-02T21:21:01+00:00\",\"description\":\"Many women do not realize they have a Bartholin cyst until it worsens or becomes infected. Contact Dr. Susan Fox's Center for Women at (305) 595-6488 !\",\"breadcrumb\":{\"@id\":\"https:\\\/\\\/obgynmiami.com\\\/es\\\/bartholin-cyst-drainage\\\/#breadcrumb\"},\"inLanguage\":\"es\",\"potentialAction\":[{\"@type\":\"ReadAction\",\"target\":[\"https:\\\/\\\/obgynmiami.com\\\/es\\\/bartholin-cyst-drainage\\\/\"]}]},{\"@type\":\"BreadcrumbList\",\"@id\":\"https:\\\/\\\/obgynmiami.com\\\/es\\\/bartholin-cyst-drainage\\\/#breadcrumb\",\"itemListElement\":[{\"@type\":\"ListItem\",\"position\":1,\"name\":\"Home\",\"item\":\"https:\\\/\\\/obgynmiami.com\\\/es\\\/inicio\\\/\"},{\"@type\":\"ListItem\",\"position\":2,\"name\":\"Drenaje Bartholin Quiste\"}]},{\"@type\":\"WebSite\",\"@id\":\"https:\\\/\\\/obgynmiami.com\\\/#website\",\"url\":\"https:\\\/\\\/obgynmiami.com\\\/\",\"name\":\"Center For Women&#039;s Health And Wellness\",\"description\":\"Miami Obstetrician &amp; Gynecologist - OB-GYN in Kendall, Florida\",\"publisher\":{\"@id\":\"https:\\\/\\\/obgynmiami.com\\\/#organization\"},\"potentialAction\":[{\"@type\":\"SearchAction\",\"target\":{\"@type\":\"EntryPoint\",\"urlTemplate\":\"https:\\\/\\\/obgynmiami.com\\\/?s={search_term_string}\"},\"query-input\":{\"@type\":\"PropertyValueSpecification\",\"valueRequired\":true,\"valueName\":\"search_term_string\"}}],\"inLanguage\":\"es\"},{\"@type\":\"Organization\",\"@id\":\"https:\\\/\\\/obgynmiami.com\\\/#organization\",\"name\":\"Dr. Susan Fox D.O., OB-GYN\",\"url\":\"https:\\\/\\\/obgynmiami.com\\\/\",\"logo\":{\"@type\":\"ImageObject\",\"inLanguage\":\"es\",\"@id\":\"https:\\\/\\\/obgynmiami.com\\\/#\\\/schema\\\/logo\\\/image\\\/\",\"url\":\"https:\\\/\\\/obgynmiami.com\\\/wp-content\\\/uploads\\\/2015\\\/11\\\/Susan-Fox-Logo-Bold.png\",\"contentUrl\":\"https:\\\/\\\/obgynmiami.com\\\/wp-content\\\/uploads\\\/2015\\\/11\\\/Susan-Fox-Logo-Bold.png\",\"width\":300,\"height\":140,\"caption\":\"Dr. Susan Fox D.O., OB-GYN\"},\"image\":{\"@id\":\"https:\\\/\\\/obgynmiami.com\\\/#\\\/schema\\\/logo\\\/image\\\/\"},\"sameAs\":[\"https:\\\/\\\/www.facebook.com\\\/pages\\\/Fox-Susan\\\/139797669401130?fref=ts\",\"https:\\\/\\\/x.com\\\/drsusanfox\"]}]}<\/script>\n<!-- \/ Yoast SEO plugin. -->","yoast_head_json":{"title":"Bartholin Cyst Drainage | Bartholin Gland Cyst Treatment Miami","description":"Many women do not realize they have a Bartholin cyst until it worsens or becomes infected. Contact Dr. Susan Fox's Center for Women at (305) 595-6488 !","robots":{"index":"index","follow":"follow","max-snippet":"max-snippet:-1","max-image-preview":"max-image-preview:large","max-video-preview":"max-video-preview:-1"},"canonical":"https:\/\/obgynmiami.com\/es\/bartholin-cyst-drainage\/","og_locale":"es_ES","og_type":"article","og_title":"Bartholin Cyst Drainage | Bartholin Gland Cyst Treatment Miami","og_description":"Many women do not realize they have a Bartholin cyst until it worsens or becomes infected. Contact Dr. Susan Fox's Center for Women at (305) 595-6488 !","og_url":"https:\/\/obgynmiami.com\/es\/bartholin-cyst-drainage\/","og_site_name":"Center For Women&#039;s Health And Wellness","article_publisher":"https:\/\/www.facebook.com\/pages\/Fox-Susan\/139797669401130?fref=ts","article_modified_time":"2017-01-02T21:21:01+00:00","twitter_card":"summary_large_image","twitter_site":"@drsusanfox","twitter_misc":{"Tiempo de lectura":"3 minutos"},"schema":{"@context":"https:\/\/schema.org","@graph":[{"@type":"WebPage","@id":"https:\/\/obgynmiami.com\/es\/bartholin-cyst-drainage\/","url":"https:\/\/obgynmiami.com\/es\/bartholin-cyst-drainage\/","name":"Bartholin Cyst Drainage | Bartholin Gland Cyst Treatment Miami","isPartOf":{"@id":"https:\/\/obgynmiami.com\/#website"},"datePublished":"2015-11-18T16:17:20+00:00","dateModified":"2017-01-02T21:21:01+00:00","description":"Many women do not realize they have a Bartholin cyst until it worsens or becomes infected. Contact Dr. Susan Fox's Center for Women at (305) 595-6488 !","breadcrumb":{"@id":"https:\/\/obgynmiami.com\/es\/bartholin-cyst-drainage\/#breadcrumb"},"inLanguage":"es","potentialAction":[{"@type":"ReadAction","target":["https:\/\/obgynmiami.com\/es\/bartholin-cyst-drainage\/"]}]},{"@type":"BreadcrumbList","@id":"https:\/\/obgynmiami.com\/es\/bartholin-cyst-drainage\/#breadcrumb","itemListElement":[{"@type":"ListItem","position":1,"name":"Home","item":"https:\/\/obgynmiami.com\/es\/inicio\/"},{"@type":"ListItem","position":2,"name":"Drenaje Bartholin Quiste"}]},{"@type":"WebSite","@id":"https:\/\/obgynmiami.com\/#website","url":"https:\/\/obgynmiami.com\/","name":"Center For Women&#039;s Health And Wellness","description":"Miami Obstetrician &amp; Gynecologist - OB-GYN in Kendall, Florida","publisher":{"@id":"https:\/\/obgynmiami.com\/#organization"},"potentialAction":[{"@type":"SearchAction","target":{"@type":"EntryPoint","urlTemplate":"https:\/\/obgynmiami.com\/?s={search_term_string}"},"query-input":{"@type":"PropertyValueSpecification","valueRequired":true,"valueName":"search_term_string"}}],"inLanguage":"es"},{"@type":"Organization","@id":"https:\/\/obgynmiami.com\/#organization","name":"Dr. Susan Fox D.O., OB-GYN","url":"https:\/\/obgynmiami.com\/","logo":{"@type":"ImageObject","inLanguage":"es","@id":"https:\/\/obgynmiami.com\/#\/schema\/logo\/image\/","url":"https:\/\/obgynmiami.com\/wp-content\/uploads\/2015\/11\/Susan-Fox-Logo-Bold.png","contentUrl":"https:\/\/obgynmiami.com\/wp-content\/uploads\/2015\/11\/Susan-Fox-Logo-Bold.png","width":300,"height":140,"caption":"Dr. Susan Fox D.O., OB-GYN"},"image":{"@id":"https:\/\/obgynmiami.com\/#\/schema\/logo\/image\/"},"sameAs":["https:\/\/www.facebook.com\/pages\/Fox-Susan\/139797669401130?fref=ts","https:\/\/x.com\/drsusanfox"]}]}},"jetpack_sharing_enabled":true,"jetpack_shortlink":"https:\/\/wp.me\/P8s4X2-T4","_links":{"self":[{"href":"https:\/\/obgynmiami.com\/es\/wp-json\/wp\/v2\/pages\/3414","targetHints":{"allow":["GET"]}}],"collection":[{"href":"https:\/\/obgynmiami.com\/es\/wp-json\/wp\/v2\/pages"}],"about":[{"href":"https:\/\/obgynmiami.com\/es\/wp-json\/wp\/v2\/types\/page"}],"author":[{"embeddable":true,"href":"https:\/\/obgynmiami.com\/es\/wp-json\/wp\/v2\/users\/1"}],"replies":[{"embeddable":true,"href":"https:\/\/obgynmiami.com\/es\/wp-json\/wp\/v2\/comments?post=3414"}],"version-history":[{"count":0,"href":"https:\/\/obgynmiami.com\/es\/wp-json\/wp\/v2\/pages\/3414\/revisions"}],"wp:attachment":[{"href":"https:\/\/obgynmiami.com\/es\/wp-json\/wp\/v2\/media?parent=3414"}],"curies":[{"name":"wp","href":"https:\/\/api.w.org\/{rel}","templated":true}]}}