{"id":3415,"date":"2015-11-23T10:39:46","date_gmt":"2015-11-23T15:39:46","guid":{"rendered":"http:\/\/obgynmiami.com\/es\/cancer-screening\/"},"modified":"2016-01-26T18:26:49","modified_gmt":"2016-01-26T23:26:49","slug":"cancer-screening","status":"publish","type":"page","link":"https:\/\/obgynmiami.com\/es\/cancer-screening\/","title":{"rendered":"Detecci\u00f3n del C\u00e1ncer"},"content":{"rendered":"<p>[vc_row rt_row_background_width=\u00bbfullwidth\u00bb rt_row_content_width=\u00bbdefault\u00bb rt_row_style=\u00bbdefault-style\u00bb rt_row_borders=\u00bb\u00bb rt_row_paddings=\u00bbtrue\u00bb rt_bg_effect=\u00bbclassic\u00bb rt_bg_image_repeat=\u00bbno-repeat\u00bb rt_bg_size=\u00bbauto auto\u00bb rt_bg_position=\u00bbcenter center\u00bb rt_bg_attachment=\u00bbscroll\u00bb rt_bg_video_format=\u00bbself-hosted\u00bb rt_padding_top=\u00bb100&#8243; rt_padding_bottom=\u00bb140&#8243; rt_bg_image=\u00bb3127&#8243;][vc_column rt_bg_image_repeat=\u00bbrepeat\u00bb rt_bg_size=\u00bbauto auto\u00bb rt_bg_attachment=\u00bbscroll\u00bb]<div class=\"rt_heading_wrapper style-4\">\n\t\t\t\t\t\t<h1 class=\"rt_heading  style-4\" >DETECCI\u00d3N DEL C\u00c1NCER<\/h1>\n\t\t\t\t\t<\/div>[\/vc_column][\/vc_row][vc_row rt_row_background_width=\u00bbfullwidth\u00bb rt_row_content_width=\u00bbdefault\u00bb rt_row_style=\u00bbdefault-style\u00bb rt_row_borders=\u00bb\u00bb rt_row_paddings=\u00bbtrue\u00bb rt_bg_effect=\u00bbclassic\u00bb rt_bg_image_repeat=\u00bbrepeat\u00bb rt_bg_size=\u00bbcover\u00bb rt_bg_position=\u00bbright top\u00bb rt_bg_attachment=\u00bbscroll\u00bb rt_bg_video_format=\u00bbself-hosted\u00bb][vc_column rt_bg_image_repeat=\u00bbrepeat\u00bb rt_bg_size=\u00bbauto auto\u00bb rt_bg_attachment=\u00bbscroll\u00bb][vc_column_text]<span style=\"font-weight: 400;\">En el<\/span><span style=\"color: #ee6679;\"><b> Centro de la Dra. Susan Fox para Mujeres<\/b><\/span><span style=\"font-weight: 400;\">, entendemos la importancia de ex\u00e1menes rutinarios para todos nuestros pacientes. Ex\u00e1menes de Papanicolau regulares son fundamentales para asegurar la salud general de cualquier mujer. Estas pruebas pueden detectar diferentes formas de c\u00e1ncer desde el principio, permitiendo que tratamiento sea iniciado antes el c\u00e1ncer tiene una oportunidad de progresar y empeorar. Cuando se trata de un tratamiento para el c\u00e1ncer, lo m\u00e1s temprano que el c\u00e1ncer sea detectado, lo mejor para el paciente. Muchas mujeres pudieron evitar cirug\u00edas dr\u00e1sticas y opciones de tratamiento por su seguimiento en la detecci\u00f3n de c\u00e1ncer y completaci\u00f3n a menudo.<br \/>\n<\/span><\/p>\n<p>&nbsp;<\/p>\n<h2><span style=\"font-weight: 400;\">Cancer de Endometrio<\/span><\/h2>\n<h3>Tratamiento del C\u00e1ncer de Endometrio<\/h3>\n<p><span style=\"font-weight: 400;\">El c\u00e1ncer de endometrio es una forma de c\u00e1ncer que afecta el revestimiento del \u00fatero. Actualmente hay m\u00e1s de 200.000 casos de c\u00e1ncer de endometrio en los Estados Unidos cada a\u00f1o, un n\u00famero que sigue aumentando mientras pasa el tiempo. Este tipo de c\u00e1ncer se refiere algunas veces como el c\u00e1ncer de cuello uterino. Algunos s\u00edntomas comunes encontrados en mujeres que han desarrollado el c\u00e1ncer de endometrio incluye:<\/span><\/p>\n<ul>\n<li style=\"font-weight: 400;\"><span style=\"font-weight: 400;\">Sangrado vaginal anormal <\/span><\/li>\n<li style=\"font-weight: 400;\"><span style=\"font-weight: 400;\">Dolor p\u00e9lvico<\/span><\/li>\n<li style=\"font-weight: 400;\"><span style=\"font-weight: 400;\">Dolor durante la intimidad <\/span><\/li>\n<li style=\"font-weight: 400;\"><span style=\"font-weight: 400;\">Descarga irregular entre per\u00edodos<\/span><\/li>\n<li style=\"font-weight: 400;\"><span style=\"font-weight: 400;\">Fatiga dr\u00e1stica<\/span><\/li>\n<\/ul>\n<p><span style=\"font-weight: 400;\">Este tipo de c\u00e1ncer es m\u00e1s com\u00fan en mujeres de 55 a\u00f1os y mayores. Damos cuidado especial para hablar con nuestros pacientes que est\u00e1n empezando o ya han pasado por la menopausia y le alertamos sobre la importancia de programar ex\u00e1menes regulares. El c\u00e1ncer de endometrio puede ser detectado mediante un examen p\u00e9lvico, que puede ser programado f\u00e1cilmente en cualquier momento en nuestro centro.<br \/>\n<\/span><\/p>\n<p>&nbsp;<\/p>\n<h2><span style=\"font-weight: 400;\">C\u00e1ncer Cervical<\/span><\/h2>\n<h3>Tratamiento del C\u00e1ncer Cervical<\/h3>\n<p><span style=\"font-weight: 400;\">El c\u00e1ncer de cuello uterino afecta el cuello del \u00fatero, el tejido cartilaginoso que conecta la vagina y el \u00fatero. La mayor\u00eda de los casos de este tipo de c\u00e1ncer provienen de individuos con HPV (virus del papiloma humano). Es una de las formas de c\u00e1ncer m\u00e1s comunes en las mujeres, pero se puede tratar adecuadamente con la ayuda de doctores profesionales. No hay muchos s\u00edntomas evidentes que surgen con el desarrollo de las c\u00e9lulas cervicales anormales, sin embargo, una mujer puede comenzar a notar s\u00edntomas tales como:<\/span><\/p>\n<ul>\n<li style=\"font-weight: 400;\"><span style=\"font-weight: 400;\">Sangrado despu\u00e9s de la menopausia, las relaciones sexuales, o entre ciclos menstruales <\/span><\/li>\n<li style=\"font-weight: 400;\"><span style=\"font-weight: 400;\">Descarga anormal, pesada <\/span><\/li>\n<li style=\"font-weight: 400;\"><span style=\"font-weight: 400;\">Dolor en la parte inferior del abdomen<\/span><\/li>\n<\/ul>\n<p><span style=\"font-weight: 400;\">Aunque 12.000 mujeres al a\u00f1o son diagnosticadas con C\u00e1ncer Cervical en los Estados Unidos, la detecci\u00f3n temprana es encontrada mediante ex\u00e1menes regulares de Papanicolaou. La completaci\u00f3n de una prueba de Papanicolaou junto a un examen de rutina en el <\/span><span style=\"color: #ee6679;\"><b>Centro de la Dra. Susan Fox para Mujeres<\/b><\/span><span style=\"font-weight: 400;\">, puede hacer una diferencia dr\u00e1stica en las opciones de tratamiento disponibles para usted.<\/span><\/p>\n<p>&nbsp;<\/p>\n<h2><span style=\"font-weight: 400;\">C\u00e1ncer de Ovario<\/span><\/h2>\n<h3>Tratamiento de C\u00e1ncer de Ovario<\/h3>\n<p><span style=\"font-weight: 400;\">El c\u00e1ncer de ovario generalmente no muestra s\u00edntomas hasta que ya se desarroll\u00f3 completamente. Algunos de los s\u00edntomas que una mujer puede experimentar son:<\/span><\/p>\n<ul>\n<li style=\"font-weight: 400;\"><span style=\"font-weight: 400;\">Calambres persistentes en el abdomen o la espalda inferior<\/span><\/li>\n<li style=\"font-weight: 400;\"><span style=\"font-weight: 400;\">N\u00e1useas <\/span><\/li>\n<li style=\"font-weight: 400;\"><span style=\"font-weight: 400;\">Distensi\u00f3n abdominal<\/span><\/li>\n<li style=\"font-weight: 400;\"><span style=\"font-weight: 400;\">Sangrado vaginal inusual<\/span><\/li>\n<\/ul>\n<p>&nbsp;<\/p>\n<p><span style=\"font-weight: 400;\">Un examen f\u00edsico completo puede ayudar a detectar el c\u00e1ncer ov\u00e1rico temprano. Aunque algunas veces es dif\u00edcil de detectar, a trav\u00e9s de un examen p\u00e9lvico y una citolog\u00eda vaginal, nuestros profesionales m\u00e9dicos pueden buscar si existe alg\u00fan tumor de ovario. Es por esta raz\u00f3n, entre muchas otras, que animamos a nuestros pacientes a visitar el<\/span><span style=\"color: #ee6679;\"><b> Centro de la Dra. Susan Fox para Mujeres\u00a0<\/b><\/span><span style=\"font-weight: 400;\">para ex\u00e1menes de rutina. Ll\u00e1menos al (305) 595-6488 o haga clic <span style=\"color: #ee6679;\"><strong><a href=\"http:\/\/obgynmiami.com\/es\/contact-us\/\" target=\"_blank\">aqu\u00ed<\/a><\/strong><\/span> para hacer una cita hoy mismo y mantener su salud en \u00f3ptimas condiciones!<\/span>[\/vc_column_text][\/vc_column][\/vc_row]<\/p>\n","protected":false},"excerpt":{"rendered":"<p>[vc_row rt_row_background_width=\u00bbfullwidth\u00bb rt_row_content_width=\u00bbdefault\u00bb rt_row_style=\u00bbdefault-style\u00bb rt_row_borders=\u00bb\u00bb rt_row_paddings=\u00bbtrue\u00bb rt_bg_effect=\u00bbclassic\u00bb rt_bg_image_repeat=\u00bbno-repeat\u00bb rt_bg_size=\u00bbauto auto\u00bb rt_bg_position=\u00bbcenter center\u00bb rt_bg_attachment=\u00bbscroll\u00bb rt_bg_video_format=\u00bbself-hosted\u00bb rt_padding_top=\u00bb100&#8243; rt_padding_bottom=\u00bb140&#8243; rt_bg_image=\u00bb3127&#8243;][vc_column rt_bg_image_repeat=\u00bbrepeat\u00bb rt_bg_size=\u00bbauto auto\u00bb rt_bg_attachment=\u00bbscroll\u00bb][\/vc_column][\/vc_row][vc_row rt_row_background_width=\u00bbfullwidth\u00bb rt_row_content_width=\u00bbdefault\u00bb rt_row_style=\u00bbdefault-style\u00bb rt_row_borders=\u00bb\u00bb rt_row_paddings=\u00bbtrue\u00bb rt_bg_effect=\u00bbclassic\u00bb rt_bg_image_repeat=\u00bbrepeat\u00bb rt_bg_size=\u00bbcover\u00bb rt_bg_position=\u00bbright top\u00bb rt_bg_attachment=\u00bbscroll\u00bb rt_bg_video_format=\u00bbself-hosted\u00bb][vc_column rt_bg_image_repeat=\u00bbrepeat\u00bb rt_bg_size=\u00bbauto auto\u00bb rt_bg_attachment=\u00bbscroll\u00bb][vc_column_text]En el Centro de la Dra. Susan Fox para Mujeres, entendemos la importancia de ex\u00e1menes rutinarios para todos nuestros [&hellip;]<\/p>\n","protected":false},"author":1,"featured_media":0,"parent":0,"menu_order":0,"comment_status":"closed","ping_status":"closed","template":"","meta":{"jetpack_post_was_ever_published":false,"footnotes":""},"class_list":["post-3415","page","type-page","status-publish","hentry"],"yoast_head":"<!-- This site is optimized with the Yoast SEO plugin v27.3 - https:\/\/yoast.com\/product\/yoast-seo-wordpress\/ -->\n<title>Cancer Screening in Miami | Cervical Cancer Treatment Miami<\/title>\n<meta name=\"description\" content=\"A full physical exam can help detect Cervical Cancer early on. Contact our medical professionals for an Endometrial, Ovarian and Cervical Cancer Treatment !\" \/>\n<meta name=\"robots\" content=\"index, follow, max-snippet:-1, max-image-preview:large, max-video-preview:-1\" \/>\n<link rel=\"canonical\" href=\"https:\/\/obgynmiami.com\/es\/cancer-screening\/\" \/>\n<meta property=\"og:locale\" content=\"es_ES\" \/>\n<meta property=\"og:type\" content=\"article\" \/>\n<meta property=\"og:title\" content=\"Cancer Screening in Miami | Cervical Cancer Treatment Miami\" \/>\n<meta property=\"og:description\" content=\"A full physical exam can help detect Cervical Cancer early on. Contact our medical professionals for an Endometrial, Ovarian and Cervical Cancer Treatment !\" \/>\n<meta property=\"og:url\" content=\"https:\/\/obgynmiami.com\/es\/cancer-screening\/\" \/>\n<meta property=\"og:site_name\" content=\"Center For Women&#039;s Health And Wellness\" \/>\n<meta property=\"article:publisher\" content=\"https:\/\/www.facebook.com\/pages\/Fox-Susan\/139797669401130?fref=ts\" \/>\n<meta property=\"article:modified_time\" content=\"2016-01-26T23:26:49+00:00\" \/>\n<meta name=\"twitter:card\" content=\"summary_large_image\" \/>\n<meta name=\"twitter:site\" content=\"@drsusanfox\" \/>\n<meta name=\"twitter:label1\" content=\"Tiempo de lectura\" \/>\n\t<meta name=\"twitter:data1\" content=\"4 minutos\" \/>\n<script type=\"application\/ld+json\" class=\"yoast-schema-graph\">{\"@context\":\"https:\\\/\\\/schema.org\",\"@graph\":[{\"@type\":\"WebPage\",\"@id\":\"https:\\\/\\\/obgynmiami.com\\\/es\\\/cancer-screening\\\/\",\"url\":\"https:\\\/\\\/obgynmiami.com\\\/es\\\/cancer-screening\\\/\",\"name\":\"Cancer Screening in Miami | Cervical Cancer Treatment Miami\",\"isPartOf\":{\"@id\":\"https:\\\/\\\/obgynmiami.com\\\/#website\"},\"datePublished\":\"2015-11-23T15:39:46+00:00\",\"dateModified\":\"2016-01-26T23:26:49+00:00\",\"description\":\"A full physical exam can help detect Cervical Cancer early on. Contact our medical professionals for an Endometrial, Ovarian and Cervical Cancer Treatment !\",\"breadcrumb\":{\"@id\":\"https:\\\/\\\/obgynmiami.com\\\/es\\\/cancer-screening\\\/#breadcrumb\"},\"inLanguage\":\"es\",\"potentialAction\":[{\"@type\":\"ReadAction\",\"target\":[\"https:\\\/\\\/obgynmiami.com\\\/es\\\/cancer-screening\\\/\"]}]},{\"@type\":\"BreadcrumbList\",\"@id\":\"https:\\\/\\\/obgynmiami.com\\\/es\\\/cancer-screening\\\/#breadcrumb\",\"itemListElement\":[{\"@type\":\"ListItem\",\"position\":1,\"name\":\"Home\",\"item\":\"https:\\\/\\\/obgynmiami.com\\\/es\\\/inicio\\\/\"},{\"@type\":\"ListItem\",\"position\":2,\"name\":\"Detecci\u00f3n del C\u00e1ncer\"}]},{\"@type\":\"WebSite\",\"@id\":\"https:\\\/\\\/obgynmiami.com\\\/#website\",\"url\":\"https:\\\/\\\/obgynmiami.com\\\/\",\"name\":\"Center For Women&#039;s Health And Wellness\",\"description\":\"Miami Obstetrician &amp; Gynecologist - OB-GYN in Kendall, Florida\",\"publisher\":{\"@id\":\"https:\\\/\\\/obgynmiami.com\\\/#organization\"},\"potentialAction\":[{\"@type\":\"SearchAction\",\"target\":{\"@type\":\"EntryPoint\",\"urlTemplate\":\"https:\\\/\\\/obgynmiami.com\\\/?s={search_term_string}\"},\"query-input\":{\"@type\":\"PropertyValueSpecification\",\"valueRequired\":true,\"valueName\":\"search_term_string\"}}],\"inLanguage\":\"es\"},{\"@type\":\"Organization\",\"@id\":\"https:\\\/\\\/obgynmiami.com\\\/#organization\",\"name\":\"Dr. Susan Fox D.O., OB-GYN\",\"url\":\"https:\\\/\\\/obgynmiami.com\\\/\",\"logo\":{\"@type\":\"ImageObject\",\"inLanguage\":\"es\",\"@id\":\"https:\\\/\\\/obgynmiami.com\\\/#\\\/schema\\\/logo\\\/image\\\/\",\"url\":\"https:\\\/\\\/obgynmiami.com\\\/wp-content\\\/uploads\\\/2015\\\/11\\\/Susan-Fox-Logo-Bold.png\",\"contentUrl\":\"https:\\\/\\\/obgynmiami.com\\\/wp-content\\\/uploads\\\/2015\\\/11\\\/Susan-Fox-Logo-Bold.png\",\"width\":300,\"height\":140,\"caption\":\"Dr. Susan Fox D.O., OB-GYN\"},\"image\":{\"@id\":\"https:\\\/\\\/obgynmiami.com\\\/#\\\/schema\\\/logo\\\/image\\\/\"},\"sameAs\":[\"https:\\\/\\\/www.facebook.com\\\/pages\\\/Fox-Susan\\\/139797669401130?fref=ts\",\"https:\\\/\\\/x.com\\\/drsusanfox\"]}]}<\/script>\n<!-- \/ Yoast SEO plugin. -->","yoast_head_json":{"title":"Cancer Screening in Miami | Cervical Cancer Treatment Miami","description":"A full physical exam can help detect Cervical Cancer early on. Contact our medical professionals for an Endometrial, Ovarian and Cervical Cancer Treatment !","robots":{"index":"index","follow":"follow","max-snippet":"max-snippet:-1","max-image-preview":"max-image-preview:large","max-video-preview":"max-video-preview:-1"},"canonical":"https:\/\/obgynmiami.com\/es\/cancer-screening\/","og_locale":"es_ES","og_type":"article","og_title":"Cancer Screening in Miami | Cervical Cancer Treatment Miami","og_description":"A full physical exam can help detect Cervical Cancer early on. Contact our medical professionals for an Endometrial, Ovarian and Cervical Cancer Treatment !","og_url":"https:\/\/obgynmiami.com\/es\/cancer-screening\/","og_site_name":"Center For Women&#039;s Health And Wellness","article_publisher":"https:\/\/www.facebook.com\/pages\/Fox-Susan\/139797669401130?fref=ts","article_modified_time":"2016-01-26T23:26:49+00:00","twitter_card":"summary_large_image","twitter_site":"@drsusanfox","twitter_misc":{"Tiempo de lectura":"4 minutos"},"schema":{"@context":"https:\/\/schema.org","@graph":[{"@type":"WebPage","@id":"https:\/\/obgynmiami.com\/es\/cancer-screening\/","url":"https:\/\/obgynmiami.com\/es\/cancer-screening\/","name":"Cancer Screening in Miami | Cervical Cancer Treatment Miami","isPartOf":{"@id":"https:\/\/obgynmiami.com\/#website"},"datePublished":"2015-11-23T15:39:46+00:00","dateModified":"2016-01-26T23:26:49+00:00","description":"A full physical exam can help detect Cervical Cancer early on. Contact our medical professionals for an Endometrial, Ovarian and Cervical Cancer Treatment !","breadcrumb":{"@id":"https:\/\/obgynmiami.com\/es\/cancer-screening\/#breadcrumb"},"inLanguage":"es","potentialAction":[{"@type":"ReadAction","target":["https:\/\/obgynmiami.com\/es\/cancer-screening\/"]}]},{"@type":"BreadcrumbList","@id":"https:\/\/obgynmiami.com\/es\/cancer-screening\/#breadcrumb","itemListElement":[{"@type":"ListItem","position":1,"name":"Home","item":"https:\/\/obgynmiami.com\/es\/inicio\/"},{"@type":"ListItem","position":2,"name":"Detecci\u00f3n del C\u00e1ncer"}]},{"@type":"WebSite","@id":"https:\/\/obgynmiami.com\/#website","url":"https:\/\/obgynmiami.com\/","name":"Center For Women&#039;s Health And Wellness","description":"Miami Obstetrician &amp; Gynecologist - OB-GYN in Kendall, Florida","publisher":{"@id":"https:\/\/obgynmiami.com\/#organization"},"potentialAction":[{"@type":"SearchAction","target":{"@type":"EntryPoint","urlTemplate":"https:\/\/obgynmiami.com\/?s={search_term_string}"},"query-input":{"@type":"PropertyValueSpecification","valueRequired":true,"valueName":"search_term_string"}}],"inLanguage":"es"},{"@type":"Organization","@id":"https:\/\/obgynmiami.com\/#organization","name":"Dr. Susan Fox D.O., OB-GYN","url":"https:\/\/obgynmiami.com\/","logo":{"@type":"ImageObject","inLanguage":"es","@id":"https:\/\/obgynmiami.com\/#\/schema\/logo\/image\/","url":"https:\/\/obgynmiami.com\/wp-content\/uploads\/2015\/11\/Susan-Fox-Logo-Bold.png","contentUrl":"https:\/\/obgynmiami.com\/wp-content\/uploads\/2015\/11\/Susan-Fox-Logo-Bold.png","width":300,"height":140,"caption":"Dr. Susan Fox D.O., OB-GYN"},"image":{"@id":"https:\/\/obgynmiami.com\/#\/schema\/logo\/image\/"},"sameAs":["https:\/\/www.facebook.com\/pages\/Fox-Susan\/139797669401130?fref=ts","https:\/\/x.com\/drsusanfox"]}]}},"jetpack_sharing_enabled":true,"jetpack_shortlink":"https:\/\/wp.me\/P8s4X2-T5","_links":{"self":[{"href":"https:\/\/obgynmiami.com\/es\/wp-json\/wp\/v2\/pages\/3415","targetHints":{"allow":["GET"]}}],"collection":[{"href":"https:\/\/obgynmiami.com\/es\/wp-json\/wp\/v2\/pages"}],"about":[{"href":"https:\/\/obgynmiami.com\/es\/wp-json\/wp\/v2\/types\/page"}],"author":[{"embeddable":true,"href":"https:\/\/obgynmiami.com\/es\/wp-json\/wp\/v2\/users\/1"}],"replies":[{"embeddable":true,"href":"https:\/\/obgynmiami.com\/es\/wp-json\/wp\/v2\/comments?post=3415"}],"version-history":[{"count":0,"href":"https:\/\/obgynmiami.com\/es\/wp-json\/wp\/v2\/pages\/3415\/revisions"}],"wp:attachment":[{"href":"https:\/\/obgynmiami.com\/es\/wp-json\/wp\/v2\/media?parent=3415"}],"curies":[{"name":"wp","href":"https:\/\/api.w.org\/{rel}","templated":true}]}}