{"id":3417,"date":"2015-11-18T10:06:24","date_gmt":"2015-11-18T15:06:24","guid":{"rendered":"http:\/\/obgynmiami.com\/es\/endometrial-biopsy\/"},"modified":"2017-01-02T16:21:54","modified_gmt":"2017-01-02T21:21:54","slug":"endometrial-biopsy","status":"publish","type":"page","link":"https:\/\/obgynmiami.com\/es\/endometrial-biopsy\/","title":{"rendered":"Biopsia Endometrial"},"content":{"rendered":"<p>[vc_row rt_row_background_width=\u00bbfullwidth\u00bb rt_row_content_width=\u00bbdefault\u00bb rt_row_style=\u00bbdefault-style\u00bb rt_row_borders=\u00bb\u00bb rt_row_paddings=\u00bbtrue\u00bb rt_bg_image=\u00bb3127&#8243; rt_bg_effect=\u00bbclassic\u00bb rt_bg_image_repeat=\u00bbno-repeat\u00bb rt_bg_size=\u00bbauto auto\u00bb rt_bg_position=\u00bbcenter center\u00bb rt_bg_attachment=\u00bbscroll\u00bb rt_bg_video_format=\u00bbself-hosted\u00bb rt_padding_top=\u00bb100&#8243; rt_padding_bottom=\u00bb140&#8243;][vc_column rt_bg_image_repeat=\u00bbrepeat\u00bb rt_bg_size=\u00bbauto auto\u00bb rt_bg_attachment=\u00bbscroll\u00bb]<div class=\"rt_heading_wrapper style-4\">\n\t\t\t\t\t\t<h1 class=\"rt_heading  style-4\" >Biopsia Endometrial<\/h1>\n\t\t\t\t\t<\/div>[\/vc_column][\/vc_row][vc_row rt_row_background_width=\u00bbfullwidth\u00bb rt_row_content_width=\u00bbdefault\u00bb rt_row_style=\u00bbdefault-style\u00bb rt_row_borders=\u00bb\u00bb rt_row_paddings=\u00bbtrue\u00bb rt_bg_effect=\u00bbclassic\u00bb rt_bg_image_repeat=\u00bbrepeat\u00bb rt_bg_size=\u00bbcover\u00bb rt_bg_position=\u00bbright top\u00bb rt_bg_attachment=\u00bbscroll\u00bb rt_bg_video_format=\u00bbself-hosted\u00bb][vc_column rt_bg_image_repeat=\u00bbrepeat\u00bb rt_bg_size=\u00bbauto auto\u00bb rt_bg_attachment=\u00bbscroll\u00bb][vc_column_text]<\/p>\n<h2><b>Procedimiento M\u00e9dico EMB<\/b><\/h2>\n<p><span style=\"font-weight: 400;\">Biopsia endometrial (EMB) recoge una peque\u00f1a muestra del endometrio con el fin de detectar cualquier problemas o complicaciones. El endometrio es la mucosa de t\u00fanica interna encontrada en el interior del \u00fatero donde el embri\u00f3n que se implanta durante el embarazo. Nuestros m\u00e9dicos del <\/span><span style=\"color: #ee6679;\"><b>Centro de la Dra. Susan Fox para Mujeres <\/b><\/span><span style=\"font-weight: 400;\">proponen que este procedimiento como la biopsia determinar\u00e1 si existe cualquier anormalidad entre el revestimiento del endometrio, como miomas, p\u00f3lipos y las c\u00e9lulas cancerosas y pre cancerosas. Un EMB puede tambi\u00e9n discernir si el revestimiento es capaz de situar un embri\u00f3n.<\/span><\/p>\n<p>Similar a la posici\u00f3n durante una prueba de Papanicolau, uno de nuestros profesionales cuidados m\u00e9dicos usar\u00e1 un instrumento vaginal para dilatar el canal y, utilizando un dispositivo especial, quitar una peque\u00f1a secci\u00f3n de tejido de revestimiento interno que podr\u00e1 ser examinada para el diagn\u00f3stico. Como el procedimiento s\u00f3lo produce m\u00ednimas molestias, la anestesia generalmente no es necesaria. Nuestros profesionales pueden sugerir tomar anti inflamatorios antes de la biopsia con el fin de reducir cualquier dolor o calambres.<\/p>\n<p><span style=\"font-weight: 400;\">Generalmente se realiza una biopsia Endometrial para:<\/span><\/p>\n<ul>\n<li style=\"font-weight: 400;\"><span style=\"font-weight: 400;\">Determinar la causa del sangrado uterino anormal<\/span><\/li>\n<li style=\"font-weight: 400;\"><span style=\"font-weight: 400;\">Examinar cualquier infecci\u00f3n uterina existente<\/span><\/li>\n<li style=\"font-weight: 400;\"><span style=\"font-weight: 400;\">Comprobar el revestimiento de sobrecrecimiento o Hiperplasia Endometrial<\/span><\/li>\n<li style=\"font-weight: 400;\"><span style=\"font-weight: 400;\">Investigar causas de la infertilidad<\/span><\/li>\n<li style=\"font-weight: 400;\"><span style=\"font-weight: 400;\">Observar la respuesta a la medicaci\u00f3n<\/span><\/li>\n<li style=\"font-weight: 400;\"><span style=\"font-weight: 400;\">Posiblemente preparar el \u00fatero de la mujer para la implantaci\u00f3n del embri\u00f3n<\/span><\/li>\n<\/ul>\n<p>&nbsp;<\/p>\n<h2>Efectos Secundarios de la Biopsia Endometrial<\/h2>\n<p><span style=\"font-weight: 400;\">Biopsias endometriales son relativamente simples y no producen muchos efectos secundarios graves. Sin embargo, en algunos casos, los pacientes pueden experimentar:<\/span><\/p>\n<ul>\n<li style=\"font-weight: 400;\"><span style=\"font-weight: 400;\">Dolor p\u00e9lvico<\/span><\/li>\n<li style=\"font-weight: 400;\"><span style=\"font-weight: 400;\">Mareo<\/span><\/li>\n<li style=\"font-weight: 400;\"><span style=\"font-weight: 400;\">Calambres<\/span><\/li>\n<li style=\"font-weight: 400;\"><span style=\"font-weight: 400;\">Dolor<\/span><\/li>\n<li style=\"font-weight: 400;\"><span style=\"font-weight: 400;\">Hemorragia leve<\/span><\/li>\n<li style=\"font-weight: 400;\"><span style=\"font-weight: 400;\">Perforaci\u00f3n uterina (en casos muy raros)<\/span><\/li>\n<\/ul>\n<p><span style=\"font-weight: 400;\">Estos efectos secundarios deben disminuir en unos cuantos d\u00edas. En caso de dolor grave, sangrado constante o fiebre, debe comunicarse con nuestras oficinas inmediatamente. Debe evitar actividades extenuantes ni levantar cosas pesadas inmediatamente despu\u00e9s de la biopsia que se realiza para evitar complicaciones.<\/span><\/p>\n<p><span style=\"font-weight: 400;\">Haz una cita para tener una biopsia Endometrial realizada por nuestros profesionales experimentados y cari\u00f1oso, llame al <\/span><span style=\"color: #ee6679;\"><b>Centro de Dra. Susan Fox para Mujeres <\/b><\/span><span style=\"font-weight: 400;\">hoy(305) 595-6488 o haga clic <strong><a href=\"http:\/\/obgynmiami.com\/es\/contact-us\/\" target=\"_blank\">aqu\u00ed<\/a><\/strong> para obtener m\u00e1s informaci\u00f3n.<\/span>[\/vc_column_text][\/vc_column][\/vc_row]<\/p>\n","protected":false},"excerpt":{"rendered":"<p>[vc_row rt_row_background_width=\u00bbfullwidth\u00bb rt_row_content_width=\u00bbdefault\u00bb rt_row_style=\u00bbdefault-style\u00bb rt_row_borders=\u00bb\u00bb rt_row_paddings=\u00bbtrue\u00bb rt_bg_image=\u00bb3127&#8243; rt_bg_effect=\u00bbclassic\u00bb rt_bg_image_repeat=\u00bbno-repeat\u00bb rt_bg_size=\u00bbauto auto\u00bb rt_bg_position=\u00bbcenter center\u00bb rt_bg_attachment=\u00bbscroll\u00bb rt_bg_video_format=\u00bbself-hosted\u00bb rt_padding_top=\u00bb100&#8243; rt_padding_bottom=\u00bb140&#8243;][vc_column rt_bg_image_repeat=\u00bbrepeat\u00bb rt_bg_size=\u00bbauto auto\u00bb rt_bg_attachment=\u00bbscroll\u00bb][\/vc_column][\/vc_row][vc_row rt_row_background_width=\u00bbfullwidth\u00bb rt_row_content_width=\u00bbdefault\u00bb rt_row_style=\u00bbdefault-style\u00bb rt_row_borders=\u00bb\u00bb rt_row_paddings=\u00bbtrue\u00bb rt_bg_effect=\u00bbclassic\u00bb rt_bg_image_repeat=\u00bbrepeat\u00bb rt_bg_size=\u00bbcover\u00bb rt_bg_position=\u00bbright top\u00bb rt_bg_attachment=\u00bbscroll\u00bb rt_bg_video_format=\u00bbself-hosted\u00bb][vc_column rt_bg_image_repeat=\u00bbrepeat\u00bb rt_bg_size=\u00bbauto auto\u00bb rt_bg_attachment=\u00bbscroll\u00bb][vc_column_text] Procedimiento M\u00e9dico EMB Biopsia endometrial (EMB) recoge una peque\u00f1a muestra del endometrio con el fin de detectar cualquier [&hellip;]<\/p>\n","protected":false},"author":1,"featured_media":0,"parent":0,"menu_order":0,"comment_status":"closed","ping_status":"closed","template":"","meta":{"jetpack_post_was_ever_published":false,"footnotes":""},"class_list":["post-3417","page","type-page","status-publish","hentry"],"yoast_head":"<!-- This site is optimized with the Yoast SEO plugin v27.3 - https:\/\/yoast.com\/product\/yoast-seo-wordpress\/ -->\n<title>Biopsia Endometrial Miami | Dr. Susan Fox, Cancer Test Miami<\/title>\n<meta name=\"description\" content=\"Haz una cita para tener una Biopsia Endometrial realizada por nuestros profesionales, llame al Centro de Dra. Susan Fox para Mujeres hoy (305) 595-6488!\" \/>\n<meta name=\"robots\" content=\"index, follow, max-snippet:-1, max-image-preview:large, max-video-preview:-1\" \/>\n<link rel=\"canonical\" href=\"https:\/\/obgynmiami.com\/es\/endometrial-biopsy\/\" \/>\n<meta property=\"og:locale\" content=\"es_ES\" \/>\n<meta property=\"og:type\" content=\"article\" \/>\n<meta property=\"og:title\" content=\"Biopsia Endometrial Miami | Dr. Susan Fox, Cancer Test Miami\" \/>\n<meta property=\"og:description\" content=\"Haz una cita para tener una Biopsia Endometrial realizada por nuestros profesionales, llame al Centro de Dra. Susan Fox para Mujeres hoy (305) 595-6488!\" \/>\n<meta property=\"og:url\" content=\"https:\/\/obgynmiami.com\/es\/endometrial-biopsy\/\" \/>\n<meta property=\"og:site_name\" content=\"Center For Women&#039;s Health And Wellness\" \/>\n<meta property=\"article:publisher\" content=\"https:\/\/www.facebook.com\/pages\/Fox-Susan\/139797669401130?fref=ts\" \/>\n<meta property=\"article:modified_time\" content=\"2017-01-02T21:21:54+00:00\" \/>\n<meta name=\"twitter:card\" content=\"summary_large_image\" \/>\n<meta name=\"twitter:site\" content=\"@drsusanfox\" \/>\n<meta name=\"twitter:label1\" content=\"Tiempo de lectura\" \/>\n\t<meta name=\"twitter:data1\" content=\"3 minutos\" \/>\n<script type=\"application\/ld+json\" class=\"yoast-schema-graph\">{\"@context\":\"https:\\\/\\\/schema.org\",\"@graph\":[{\"@type\":\"WebPage\",\"@id\":\"https:\\\/\\\/obgynmiami.com\\\/es\\\/endometrial-biopsy\\\/\",\"url\":\"https:\\\/\\\/obgynmiami.com\\\/es\\\/endometrial-biopsy\\\/\",\"name\":\"Biopsia Endometrial Miami | Dr. Susan Fox, Cancer Test Miami\",\"isPartOf\":{\"@id\":\"https:\\\/\\\/obgynmiami.com\\\/#website\"},\"datePublished\":\"2015-11-18T15:06:24+00:00\",\"dateModified\":\"2017-01-02T21:21:54+00:00\",\"description\":\"Haz una cita para tener una Biopsia Endometrial realizada por nuestros profesionales, llame al Centro de Dra. Susan Fox para Mujeres hoy (305) 595-6488!\",\"breadcrumb\":{\"@id\":\"https:\\\/\\\/obgynmiami.com\\\/es\\\/endometrial-biopsy\\\/#breadcrumb\"},\"inLanguage\":\"es\",\"potentialAction\":[{\"@type\":\"ReadAction\",\"target\":[\"https:\\\/\\\/obgynmiami.com\\\/es\\\/endometrial-biopsy\\\/\"]}]},{\"@type\":\"BreadcrumbList\",\"@id\":\"https:\\\/\\\/obgynmiami.com\\\/es\\\/endometrial-biopsy\\\/#breadcrumb\",\"itemListElement\":[{\"@type\":\"ListItem\",\"position\":1,\"name\":\"Home\",\"item\":\"https:\\\/\\\/obgynmiami.com\\\/es\\\/inicio\\\/\"},{\"@type\":\"ListItem\",\"position\":2,\"name\":\"Biopsia Endometrial\"}]},{\"@type\":\"WebSite\",\"@id\":\"https:\\\/\\\/obgynmiami.com\\\/#website\",\"url\":\"https:\\\/\\\/obgynmiami.com\\\/\",\"name\":\"Center For Women&#039;s Health And Wellness\",\"description\":\"Miami Obstetrician &amp; Gynecologist - OB-GYN in Kendall, Florida\",\"publisher\":{\"@id\":\"https:\\\/\\\/obgynmiami.com\\\/#organization\"},\"potentialAction\":[{\"@type\":\"SearchAction\",\"target\":{\"@type\":\"EntryPoint\",\"urlTemplate\":\"https:\\\/\\\/obgynmiami.com\\\/?s={search_term_string}\"},\"query-input\":{\"@type\":\"PropertyValueSpecification\",\"valueRequired\":true,\"valueName\":\"search_term_string\"}}],\"inLanguage\":\"es\"},{\"@type\":\"Organization\",\"@id\":\"https:\\\/\\\/obgynmiami.com\\\/#organization\",\"name\":\"Dr. Susan Fox D.O., OB-GYN\",\"url\":\"https:\\\/\\\/obgynmiami.com\\\/\",\"logo\":{\"@type\":\"ImageObject\",\"inLanguage\":\"es\",\"@id\":\"https:\\\/\\\/obgynmiami.com\\\/#\\\/schema\\\/logo\\\/image\\\/\",\"url\":\"https:\\\/\\\/obgynmiami.com\\\/wp-content\\\/uploads\\\/2015\\\/11\\\/Susan-Fox-Logo-Bold.png\",\"contentUrl\":\"https:\\\/\\\/obgynmiami.com\\\/wp-content\\\/uploads\\\/2015\\\/11\\\/Susan-Fox-Logo-Bold.png\",\"width\":300,\"height\":140,\"caption\":\"Dr. Susan Fox D.O., OB-GYN\"},\"image\":{\"@id\":\"https:\\\/\\\/obgynmiami.com\\\/#\\\/schema\\\/logo\\\/image\\\/\"},\"sameAs\":[\"https:\\\/\\\/www.facebook.com\\\/pages\\\/Fox-Susan\\\/139797669401130?fref=ts\",\"https:\\\/\\\/x.com\\\/drsusanfox\"]}]}<\/script>\n<!-- \/ Yoast SEO plugin. -->","yoast_head_json":{"title":"Biopsia Endometrial Miami | Dr. Susan Fox, Cancer Test Miami","description":"Haz una cita para tener una Biopsia Endometrial realizada por nuestros profesionales, llame al Centro de Dra. Susan Fox para Mujeres hoy (305) 595-6488!","robots":{"index":"index","follow":"follow","max-snippet":"max-snippet:-1","max-image-preview":"max-image-preview:large","max-video-preview":"max-video-preview:-1"},"canonical":"https:\/\/obgynmiami.com\/es\/endometrial-biopsy\/","og_locale":"es_ES","og_type":"article","og_title":"Biopsia Endometrial Miami | Dr. Susan Fox, Cancer Test Miami","og_description":"Haz una cita para tener una Biopsia Endometrial realizada por nuestros profesionales, llame al Centro de Dra. Susan Fox para Mujeres hoy (305) 595-6488!","og_url":"https:\/\/obgynmiami.com\/es\/endometrial-biopsy\/","og_site_name":"Center For Women&#039;s Health And Wellness","article_publisher":"https:\/\/www.facebook.com\/pages\/Fox-Susan\/139797669401130?fref=ts","article_modified_time":"2017-01-02T21:21:54+00:00","twitter_card":"summary_large_image","twitter_site":"@drsusanfox","twitter_misc":{"Tiempo de lectura":"3 minutos"},"schema":{"@context":"https:\/\/schema.org","@graph":[{"@type":"WebPage","@id":"https:\/\/obgynmiami.com\/es\/endometrial-biopsy\/","url":"https:\/\/obgynmiami.com\/es\/endometrial-biopsy\/","name":"Biopsia Endometrial Miami | Dr. Susan Fox, Cancer Test Miami","isPartOf":{"@id":"https:\/\/obgynmiami.com\/#website"},"datePublished":"2015-11-18T15:06:24+00:00","dateModified":"2017-01-02T21:21:54+00:00","description":"Haz una cita para tener una Biopsia Endometrial realizada por nuestros profesionales, llame al Centro de Dra. Susan Fox para Mujeres hoy (305) 595-6488!","breadcrumb":{"@id":"https:\/\/obgynmiami.com\/es\/endometrial-biopsy\/#breadcrumb"},"inLanguage":"es","potentialAction":[{"@type":"ReadAction","target":["https:\/\/obgynmiami.com\/es\/endometrial-biopsy\/"]}]},{"@type":"BreadcrumbList","@id":"https:\/\/obgynmiami.com\/es\/endometrial-biopsy\/#breadcrumb","itemListElement":[{"@type":"ListItem","position":1,"name":"Home","item":"https:\/\/obgynmiami.com\/es\/inicio\/"},{"@type":"ListItem","position":2,"name":"Biopsia Endometrial"}]},{"@type":"WebSite","@id":"https:\/\/obgynmiami.com\/#website","url":"https:\/\/obgynmiami.com\/","name":"Center For Women&#039;s Health And Wellness","description":"Miami Obstetrician &amp; Gynecologist - OB-GYN in Kendall, Florida","publisher":{"@id":"https:\/\/obgynmiami.com\/#organization"},"potentialAction":[{"@type":"SearchAction","target":{"@type":"EntryPoint","urlTemplate":"https:\/\/obgynmiami.com\/?s={search_term_string}"},"query-input":{"@type":"PropertyValueSpecification","valueRequired":true,"valueName":"search_term_string"}}],"inLanguage":"es"},{"@type":"Organization","@id":"https:\/\/obgynmiami.com\/#organization","name":"Dr. Susan Fox D.O., OB-GYN","url":"https:\/\/obgynmiami.com\/","logo":{"@type":"ImageObject","inLanguage":"es","@id":"https:\/\/obgynmiami.com\/#\/schema\/logo\/image\/","url":"https:\/\/obgynmiami.com\/wp-content\/uploads\/2015\/11\/Susan-Fox-Logo-Bold.png","contentUrl":"https:\/\/obgynmiami.com\/wp-content\/uploads\/2015\/11\/Susan-Fox-Logo-Bold.png","width":300,"height":140,"caption":"Dr. Susan Fox D.O., OB-GYN"},"image":{"@id":"https:\/\/obgynmiami.com\/#\/schema\/logo\/image\/"},"sameAs":["https:\/\/www.facebook.com\/pages\/Fox-Susan\/139797669401130?fref=ts","https:\/\/x.com\/drsusanfox"]}]}},"jetpack_sharing_enabled":true,"jetpack_shortlink":"https:\/\/wp.me\/P8s4X2-T7","_links":{"self":[{"href":"https:\/\/obgynmiami.com\/es\/wp-json\/wp\/v2\/pages\/3417","targetHints":{"allow":["GET"]}}],"collection":[{"href":"https:\/\/obgynmiami.com\/es\/wp-json\/wp\/v2\/pages"}],"about":[{"href":"https:\/\/obgynmiami.com\/es\/wp-json\/wp\/v2\/types\/page"}],"author":[{"embeddable":true,"href":"https:\/\/obgynmiami.com\/es\/wp-json\/wp\/v2\/users\/1"}],"replies":[{"embeddable":true,"href":"https:\/\/obgynmiami.com\/es\/wp-json\/wp\/v2\/comments?post=3417"}],"version-history":[{"count":0,"href":"https:\/\/obgynmiami.com\/es\/wp-json\/wp\/v2\/pages\/3417\/revisions"}],"wp:attachment":[{"href":"https:\/\/obgynmiami.com\/es\/wp-json\/wp\/v2\/media?parent=3417"}],"curies":[{"name":"wp","href":"https:\/\/api.w.org\/{rel}","templated":true}]}}