{"id":3418,"date":"2015-11-18T11:28:17","date_gmt":"2015-11-18T16:28:17","guid":{"rendered":"http:\/\/obgynmiami.com\/es\/female-sexual-dysfunction\/"},"modified":"2017-01-30T17:19:29","modified_gmt":"2017-01-30T22:19:29","slug":"female-sexual-dysfunction","status":"publish","type":"page","link":"https:\/\/obgynmiami.com\/es\/female-sexual-dysfunction\/","title":{"rendered":"Disfunci\u00f3n Sexual Femenina"},"content":{"rendered":"<p>[vc_row rt_row_background_width=\u00bbfullwidth\u00bb rt_row_content_width=\u00bbdefault\u00bb rt_row_style=\u00bbdefault-style\u00bb rt_row_borders=\u00bb\u00bb rt_row_paddings=\u00bbtrue\u00bb rt_bg_image=\u00bb3127&#8243; rt_bg_effect=\u00bbclassic\u00bb rt_bg_image_repeat=\u00bbno-repeat\u00bb rt_bg_size=\u00bbauto auto\u00bb rt_bg_position=\u00bbcenter center\u00bb rt_bg_attachment=\u00bbscroll\u00bb rt_bg_video_format=\u00bbself-hosted\u00bb rt_padding_top=\u00bb100&#8243; rt_padding_bottom=\u00bb140&#8243;][vc_column rt_bg_image_repeat=\u00bbrepeat\u00bb rt_bg_size=\u00bbauto auto\u00bb rt_bg_attachment=\u00bbscroll\u00bb]<div class=\"rt_heading_wrapper style-4\">\n\t\t\t\t\t\t<h1 class=\"rt_heading  style-4\" >DISFUNCI\u00d3N SEXUAL FEMENINA<\/h1>\n\t\t\t\t\t<\/div>[\/vc_column][\/vc_row][vc_row rt_row_background_width=\u00bbfullwidth\u00bb rt_row_content_width=\u00bbdefault\u00bb rt_row_style=\u00bbdefault-style\u00bb rt_row_borders=\u00bb\u00bb rt_row_paddings=\u00bbtrue\u00bb rt_bg_effect=\u00bbclassic\u00bb rt_bg_image_repeat=\u00bbrepeat\u00bb rt_bg_size=\u00bbcover\u00bb rt_bg_position=\u00bbright top\u00bb rt_bg_attachment=\u00bbscroll\u00bb rt_bg_video_format=\u00bbself-hosted\u00bb][vc_column rt_bg_image_repeat=\u00bbrepeat\u00bb rt_bg_size=\u00bbauto auto\u00bb rt_bg_attachment=\u00bbscroll\u00bb][vc_column_text]<\/p>\n<h2><strong>Salud Sexual de la Mujer<\/strong><\/h2>\n<p><span style=\"font-weight: 400;\">Muchas veces es falsamente asumido que los hombres son los \u00fanicos que pueden sufrir de un trastorno sexual. La realidad es que muchas mujeres tambi\u00e9n experimentan esta condici\u00f3n frustrante. En las mujeres, se conoce este trastorno como disfunci\u00f3n sexual femenina. Se trata de cualquier problema que se presenta durante el ciclo de respuesta sexual, que van desde la falta de respuesta sexual al dolor durante cualquier fase de las relaciones sexuales.<\/span><\/p>\n<p><span style=\"font-weight: 400;\">Investigaciones muestran que un porcentaje relativamente alto de las mujeres sufren de disfunci\u00f3n sexual. Sin embargo, muchas mujeres son retenidas por la b\u00fasqueda de asistencia m\u00e9dica debido a la verg\u00fcenza o vacilaci\u00f3n innecesario. En el <span style=\"color: #ee6679;\"><strong>Centro de Dra. Susan Fox para Mujeres<\/strong><\/span><span style=\"font-weight: 400;\"> reconocemos la dificultad que nuestros pacientes puedan tener con la apertura en un asunto tan privado y queremos fomentar una sensaci\u00f3n de comodidad y seguridad. La disfunci\u00f3n sexual es una condici\u00f3n completamente normal que se puede tratar, como cualquier otra cuesti\u00f3n femenina.<\/span><\/span><\/p>\n<p>&nbsp;<\/p>\n<h2><span style=\"font-weight: 400;\">Causas de Disfunci\u00f3n Sexual<\/span><\/h2>\n<p><span style=\"font-weight: 400;\">La causa de la disfunci\u00f3n Sexual femenina puede variar de mujer a mujer. Cualquier forma de trastorno sexual es cercanamente afectada por varios factores en la vida de una persona. Algunas de las causas m\u00e1s comunes son los siguientes.<\/span><\/p>\n<ul>\n<li style=\"font-weight: 400;\"><span style=\"font-weight: 400;\">Condiciones m\u00e9dicas &#8211; Condiciones graves como el c\u00e1ncer o el uso de medicaci\u00f3n de la prescripci\u00f3n pueden ser la fuente de la ra\u00edz de un trastorno sexual.<\/span><\/li>\n<li style=\"font-weight: 400;\"><span style=\"font-weight: 400;\">Los cambios hormonales &#8211; Cuando uno pasa por la menopausia, el cuerpo crea niveles m\u00e1s bajos de estr\u00f3geno, causando problemas sexuales.<\/span><\/li>\n<li style=\"font-weight: 400;\"><span style=\"font-weight: 400;\">Bloqueo psicol\u00f3gico &#8211; las mujeres que sufren de depresi\u00f3n, ansiedad, una autoimagen negativa, altos niveles de estr\u00e9s, u otras formas de problemas psicol\u00f3gicos pueden resultar una pueden hacer dif\u00edcil llegar a una experiencia sexual positiva.<\/span><\/li>\n<li style=\"font-weight: 400;\"><span style=\"font-weight: 400;\">Infecci\u00f3n &#8211; infecci\u00f3n de la vejiga o infecci\u00f3n de la vagina tambi\u00e9n puede conducir a la disfunci\u00f3n. <\/span><\/li>\n<\/ul>\n<p>&nbsp;<\/p>\n<h2><span style=\"font-weight: 400;\">Efectos de la Disfunci\u00f3n Sexual Femenina<\/span><\/h2>\n<p><span style=\"font-weight: 400;\">De manera similar a las causas, el efecto que Disfunci\u00f3n Sexual Femenina puede tener sobre un individuo puede diferir en cada caso. Cada efecto puede tener un impacto significativo en la vida del d\u00eda a d\u00eda de una persona o las relaciones \u00edntimas. Nuestros profesionales en el <\/span><span style=\"color: #ee6679;\"><b>Centro de Dra. Susan Fox para Mujeres <\/b><\/span><span style=\"font-weight: 400;\">quieren ayudarle a identificar sus s\u00edntomas \u00fanicos y encontrar las soluciones que funcionan mejor para usted. Estos efectos incluyen generalmente:<\/span><\/p>\n<ul>\n<li style=\"font-weight: 400;\"><span style=\"font-weight: 400;\">Falta de inter\u00e9s sexual <\/span><\/li>\n<li style=\"font-weight: 400;\"><span style=\"font-weight: 400;\">Dificultad para excitarse<\/span><\/li>\n<li style=\"font-weight: 400;\"><span style=\"font-weight: 400;\">Dolor durante las relaciones sexuales<\/span><\/li>\n<li style=\"font-weight: 400;\"><span style=\"font-weight: 400;\">Anorgasmia (ausencia de orgasmo)<\/span><\/li>\n<\/ul>\n<p>&nbsp;<\/p>\n<p><span style=\"font-weight: 400;\">Disfunci\u00f3n Sexual Femenina puede causar problemas en relaciones rom\u00e1nticas y matrimonios. Si usted tiene esta condici\u00f3n, puede que se sienta perdido y angustiado. Nuestros profesionales en el <\/span><span style=\"color: #ee6679;\"><b>Centro de Dra. Susan Fox para Mujeres <\/b><\/span><span style=\"font-weight: 400;\">est\u00e1n aqu\u00ed para asegurarle que no est\u00e1 solo. Entendemos c\u00f3mo puede ser tratar este tipo de condici\u00f3n y trabajaremos sin descanso para encontrar soluciones que son adecuadas para usted. Cada mujer es diferente y, dependiendo de su situaci\u00f3n \u00fanica, el tratamiento puede variar.<\/span><\/p>\n<p><span style=\"font-weight: 400;\">Cuando visitas a nuestro centro, lo primero que realizamos es una evaluaci\u00f3n detalladamente para determinar d\u00f3nde se encuentra el problema y si est\u00e1 vinculado a una condici\u00f3n superior, subyacente. Un examen p\u00e9lvico y una citolog\u00eda vaginal pueden administrarse tambi\u00e9n para inspeccionar los \u00f3rganos reproductivos y pantalla para las c\u00e9lulas cancerosas. Con su ayuda y contribuci\u00f3n de informaci\u00f3n sobre cambios de estilo de vida u obst\u00e1culos emocionales, nuestros profesionales m\u00e9dicos los guiar\u00e1 hacia opciones de tratamiento muy eficaces.<\/span><\/p>\n<p><span style=\"font-weight: 400;\">No sufras m\u00e1s en silencio. Contacta al <\/span><span style=\"color: #ee6679;\"><b>Centro de Dra. Susan Fox para Mujeres <\/b><\/span><span style=\"font-weight: 400;\">hoy al (305) 595-6488 a encontrar soluciones para sus problemas de disfunci\u00f3n Sexual femenina, o haga clic <\/span><b> <a href=\"http:\/\/obgynmiami.com\/es\/contact-us\/\" target=\"_blank\">aqu\u00ed<\/a><\/b><span style=\"font-weight: 400;\"> para obtener m\u00e1s informaci\u00f3n.<\/span>[\/vc_column_text][\/vc_column][\/vc_row]<\/p>\n","protected":false},"excerpt":{"rendered":"<p>[vc_row rt_row_background_width=\u00bbfullwidth\u00bb rt_row_content_width=\u00bbdefault\u00bb rt_row_style=\u00bbdefault-style\u00bb rt_row_borders=\u00bb\u00bb rt_row_paddings=\u00bbtrue\u00bb rt_bg_image=\u00bb3127&#8243; rt_bg_effect=\u00bbclassic\u00bb rt_bg_image_repeat=\u00bbno-repeat\u00bb rt_bg_size=\u00bbauto auto\u00bb rt_bg_position=\u00bbcenter center\u00bb rt_bg_attachment=\u00bbscroll\u00bb rt_bg_video_format=\u00bbself-hosted\u00bb rt_padding_top=\u00bb100&#8243; rt_padding_bottom=\u00bb140&#8243;][vc_column rt_bg_image_repeat=\u00bbrepeat\u00bb rt_bg_size=\u00bbauto auto\u00bb rt_bg_attachment=\u00bbscroll\u00bb][\/vc_column][\/vc_row][vc_row rt_row_background_width=\u00bbfullwidth\u00bb rt_row_content_width=\u00bbdefault\u00bb rt_row_style=\u00bbdefault-style\u00bb rt_row_borders=\u00bb\u00bb rt_row_paddings=\u00bbtrue\u00bb rt_bg_effect=\u00bbclassic\u00bb rt_bg_image_repeat=\u00bbrepeat\u00bb rt_bg_size=\u00bbcover\u00bb rt_bg_position=\u00bbright top\u00bb rt_bg_attachment=\u00bbscroll\u00bb rt_bg_video_format=\u00bbself-hosted\u00bb][vc_column rt_bg_image_repeat=\u00bbrepeat\u00bb rt_bg_size=\u00bbauto auto\u00bb rt_bg_attachment=\u00bbscroll\u00bb][vc_column_text] Salud Sexual de la Mujer Muchas veces es falsamente asumido que los hombres son los \u00fanicos que pueden [&hellip;]<\/p>\n","protected":false},"author":1,"featured_media":0,"parent":0,"menu_order":0,"comment_status":"closed","ping_status":"closed","template":"","meta":{"jetpack_post_was_ever_published":false,"footnotes":""},"class_list":["post-3418","page","type-page","status-publish","hentry"],"yoast_head":"<!-- This site is optimized with the Yoast SEO plugin v27.3 - https:\/\/yoast.com\/product\/yoast-seo-wordpress\/ -->\n<title>Salud Sexual de las Mujeres | Female Sexual Dysfunction<\/title>\n<meta name=\"description\" content=\"Salud Sexual de las Mujeres - Comun\u00edquese con el Centro de Mujeres de la Dra. Susan Fox al (305) 595-6488 para encontrar la soluci\u00f3n para usted!\" \/>\n<meta name=\"robots\" content=\"index, follow, max-snippet:-1, max-image-preview:large, max-video-preview:-1\" \/>\n<link rel=\"canonical\" href=\"https:\/\/obgynmiami.com\/es\/female-sexual-dysfunction\/\" \/>\n<meta property=\"og:locale\" content=\"es_ES\" \/>\n<meta property=\"og:type\" content=\"article\" \/>\n<meta property=\"og:title\" content=\"Salud Sexual de las Mujeres | Female Sexual Dysfunction\" \/>\n<meta property=\"og:description\" content=\"Salud Sexual de las Mujeres - Comun\u00edquese con el Centro de Mujeres de la Dra. Susan Fox al (305) 595-6488 para encontrar la soluci\u00f3n para usted!\" \/>\n<meta property=\"og:url\" content=\"https:\/\/obgynmiami.com\/es\/female-sexual-dysfunction\/\" \/>\n<meta property=\"og:site_name\" content=\"Center For Women&#039;s Health And Wellness\" \/>\n<meta property=\"article:publisher\" content=\"https:\/\/www.facebook.com\/pages\/Fox-Susan\/139797669401130?fref=ts\" \/>\n<meta property=\"article:modified_time\" content=\"2017-01-30T22:19:29+00:00\" \/>\n<meta name=\"twitter:card\" content=\"summary_large_image\" \/>\n<meta name=\"twitter:site\" content=\"@drsusanfox\" \/>\n<meta name=\"twitter:label1\" content=\"Tiempo de lectura\" \/>\n\t<meta name=\"twitter:data1\" content=\"4 minutos\" \/>\n<script type=\"application\/ld+json\" class=\"yoast-schema-graph\">{\"@context\":\"https:\\\/\\\/schema.org\",\"@graph\":[{\"@type\":\"WebPage\",\"@id\":\"https:\\\/\\\/obgynmiami.com\\\/es\\\/female-sexual-dysfunction\\\/\",\"url\":\"https:\\\/\\\/obgynmiami.com\\\/es\\\/female-sexual-dysfunction\\\/\",\"name\":\"Salud Sexual de las Mujeres | Female Sexual Dysfunction\",\"isPartOf\":{\"@id\":\"https:\\\/\\\/obgynmiami.com\\\/#website\"},\"datePublished\":\"2015-11-18T16:28:17+00:00\",\"dateModified\":\"2017-01-30T22:19:29+00:00\",\"description\":\"Salud Sexual de las Mujeres - Comun\u00edquese con el Centro de Mujeres de la Dra. Susan Fox al (305) 595-6488 para encontrar la soluci\u00f3n para usted!\",\"breadcrumb\":{\"@id\":\"https:\\\/\\\/obgynmiami.com\\\/es\\\/female-sexual-dysfunction\\\/#breadcrumb\"},\"inLanguage\":\"es\",\"potentialAction\":[{\"@type\":\"ReadAction\",\"target\":[\"https:\\\/\\\/obgynmiami.com\\\/es\\\/female-sexual-dysfunction\\\/\"]}]},{\"@type\":\"BreadcrumbList\",\"@id\":\"https:\\\/\\\/obgynmiami.com\\\/es\\\/female-sexual-dysfunction\\\/#breadcrumb\",\"itemListElement\":[{\"@type\":\"ListItem\",\"position\":1,\"name\":\"Home\",\"item\":\"https:\\\/\\\/obgynmiami.com\\\/es\\\/inicio\\\/\"},{\"@type\":\"ListItem\",\"position\":2,\"name\":\"Disfunci\u00f3n Sexual Femenina\"}]},{\"@type\":\"WebSite\",\"@id\":\"https:\\\/\\\/obgynmiami.com\\\/#website\",\"url\":\"https:\\\/\\\/obgynmiami.com\\\/\",\"name\":\"Center For Women&#039;s Health And Wellness\",\"description\":\"Miami Obstetrician &amp; Gynecologist - OB-GYN in Kendall, Florida\",\"publisher\":{\"@id\":\"https:\\\/\\\/obgynmiami.com\\\/#organization\"},\"potentialAction\":[{\"@type\":\"SearchAction\",\"target\":{\"@type\":\"EntryPoint\",\"urlTemplate\":\"https:\\\/\\\/obgynmiami.com\\\/?s={search_term_string}\"},\"query-input\":{\"@type\":\"PropertyValueSpecification\",\"valueRequired\":true,\"valueName\":\"search_term_string\"}}],\"inLanguage\":\"es\"},{\"@type\":\"Organization\",\"@id\":\"https:\\\/\\\/obgynmiami.com\\\/#organization\",\"name\":\"Dr. Susan Fox D.O., OB-GYN\",\"url\":\"https:\\\/\\\/obgynmiami.com\\\/\",\"logo\":{\"@type\":\"ImageObject\",\"inLanguage\":\"es\",\"@id\":\"https:\\\/\\\/obgynmiami.com\\\/#\\\/schema\\\/logo\\\/image\\\/\",\"url\":\"https:\\\/\\\/obgynmiami.com\\\/wp-content\\\/uploads\\\/2015\\\/11\\\/Susan-Fox-Logo-Bold.png\",\"contentUrl\":\"https:\\\/\\\/obgynmiami.com\\\/wp-content\\\/uploads\\\/2015\\\/11\\\/Susan-Fox-Logo-Bold.png\",\"width\":300,\"height\":140,\"caption\":\"Dr. Susan Fox D.O., OB-GYN\"},\"image\":{\"@id\":\"https:\\\/\\\/obgynmiami.com\\\/#\\\/schema\\\/logo\\\/image\\\/\"},\"sameAs\":[\"https:\\\/\\\/www.facebook.com\\\/pages\\\/Fox-Susan\\\/139797669401130?fref=ts\",\"https:\\\/\\\/x.com\\\/drsusanfox\"]}]}<\/script>\n<!-- \/ Yoast SEO plugin. -->","yoast_head_json":{"title":"Salud Sexual de las Mujeres | Female Sexual Dysfunction","description":"Salud Sexual de las Mujeres - Comun\u00edquese con el Centro de Mujeres de la Dra. Susan Fox al (305) 595-6488 para encontrar la soluci\u00f3n para usted!","robots":{"index":"index","follow":"follow","max-snippet":"max-snippet:-1","max-image-preview":"max-image-preview:large","max-video-preview":"max-video-preview:-1"},"canonical":"https:\/\/obgynmiami.com\/es\/female-sexual-dysfunction\/","og_locale":"es_ES","og_type":"article","og_title":"Salud Sexual de las Mujeres | Female Sexual Dysfunction","og_description":"Salud Sexual de las Mujeres - Comun\u00edquese con el Centro de Mujeres de la Dra. Susan Fox al (305) 595-6488 para encontrar la soluci\u00f3n para usted!","og_url":"https:\/\/obgynmiami.com\/es\/female-sexual-dysfunction\/","og_site_name":"Center For Women&#039;s Health And Wellness","article_publisher":"https:\/\/www.facebook.com\/pages\/Fox-Susan\/139797669401130?fref=ts","article_modified_time":"2017-01-30T22:19:29+00:00","twitter_card":"summary_large_image","twitter_site":"@drsusanfox","twitter_misc":{"Tiempo de lectura":"4 minutos"},"schema":{"@context":"https:\/\/schema.org","@graph":[{"@type":"WebPage","@id":"https:\/\/obgynmiami.com\/es\/female-sexual-dysfunction\/","url":"https:\/\/obgynmiami.com\/es\/female-sexual-dysfunction\/","name":"Salud Sexual de las Mujeres | Female Sexual Dysfunction","isPartOf":{"@id":"https:\/\/obgynmiami.com\/#website"},"datePublished":"2015-11-18T16:28:17+00:00","dateModified":"2017-01-30T22:19:29+00:00","description":"Salud Sexual de las Mujeres - Comun\u00edquese con el Centro de Mujeres de la Dra. Susan Fox al (305) 595-6488 para encontrar la soluci\u00f3n para usted!","breadcrumb":{"@id":"https:\/\/obgynmiami.com\/es\/female-sexual-dysfunction\/#breadcrumb"},"inLanguage":"es","potentialAction":[{"@type":"ReadAction","target":["https:\/\/obgynmiami.com\/es\/female-sexual-dysfunction\/"]}]},{"@type":"BreadcrumbList","@id":"https:\/\/obgynmiami.com\/es\/female-sexual-dysfunction\/#breadcrumb","itemListElement":[{"@type":"ListItem","position":1,"name":"Home","item":"https:\/\/obgynmiami.com\/es\/inicio\/"},{"@type":"ListItem","position":2,"name":"Disfunci\u00f3n Sexual Femenina"}]},{"@type":"WebSite","@id":"https:\/\/obgynmiami.com\/#website","url":"https:\/\/obgynmiami.com\/","name":"Center For Women&#039;s Health And Wellness","description":"Miami Obstetrician &amp; Gynecologist - OB-GYN in Kendall, Florida","publisher":{"@id":"https:\/\/obgynmiami.com\/#organization"},"potentialAction":[{"@type":"SearchAction","target":{"@type":"EntryPoint","urlTemplate":"https:\/\/obgynmiami.com\/?s={search_term_string}"},"query-input":{"@type":"PropertyValueSpecification","valueRequired":true,"valueName":"search_term_string"}}],"inLanguage":"es"},{"@type":"Organization","@id":"https:\/\/obgynmiami.com\/#organization","name":"Dr. Susan Fox D.O., OB-GYN","url":"https:\/\/obgynmiami.com\/","logo":{"@type":"ImageObject","inLanguage":"es","@id":"https:\/\/obgynmiami.com\/#\/schema\/logo\/image\/","url":"https:\/\/obgynmiami.com\/wp-content\/uploads\/2015\/11\/Susan-Fox-Logo-Bold.png","contentUrl":"https:\/\/obgynmiami.com\/wp-content\/uploads\/2015\/11\/Susan-Fox-Logo-Bold.png","width":300,"height":140,"caption":"Dr. Susan Fox D.O., OB-GYN"},"image":{"@id":"https:\/\/obgynmiami.com\/#\/schema\/logo\/image\/"},"sameAs":["https:\/\/www.facebook.com\/pages\/Fox-Susan\/139797669401130?fref=ts","https:\/\/x.com\/drsusanfox"]}]}},"jetpack_sharing_enabled":true,"jetpack_shortlink":"https:\/\/wp.me\/P8s4X2-T8","_links":{"self":[{"href":"https:\/\/obgynmiami.com\/es\/wp-json\/wp\/v2\/pages\/3418","targetHints":{"allow":["GET"]}}],"collection":[{"href":"https:\/\/obgynmiami.com\/es\/wp-json\/wp\/v2\/pages"}],"about":[{"href":"https:\/\/obgynmiami.com\/es\/wp-json\/wp\/v2\/types\/page"}],"author":[{"embeddable":true,"href":"https:\/\/obgynmiami.com\/es\/wp-json\/wp\/v2\/users\/1"}],"replies":[{"embeddable":true,"href":"https:\/\/obgynmiami.com\/es\/wp-json\/wp\/v2\/comments?post=3418"}],"version-history":[{"count":0,"href":"https:\/\/obgynmiami.com\/es\/wp-json\/wp\/v2\/pages\/3418\/revisions"}],"wp:attachment":[{"href":"https:\/\/obgynmiami.com\/es\/wp-json\/wp\/v2\/media?parent=3418"}],"curies":[{"name":"wp","href":"https:\/\/api.w.org\/{rel}","templated":true}]}}