{"id":3419,"date":"2015-11-30T17:08:49","date_gmt":"2015-11-30T22:08:49","guid":{"rendered":"http:\/\/obgynmiami.com\/es\/gynecology\/"},"modified":"2017-01-02T16:22:46","modified_gmt":"2017-01-02T21:22:46","slug":"gynecology","status":"publish","type":"page","link":"https:\/\/obgynmiami.com\/es\/gynecology\/","title":{"rendered":"Ginecolog\u00eda"},"content":{"rendered":"<p>[vc_row rt_row_background_width=\u00bbfullwidth\u00bb rt_row_content_width=\u00bbdefault\u00bb rt_row_style=\u00bbdefault-style\u00bb rt_row_borders=\u00bb\u00bb rt_row_paddings=\u00bbtrue\u00bb rt_bg_image=\u00bb3127&#8243; rt_bg_effect=\u00bbclassic\u00bb rt_bg_image_repeat=\u00bbrepeat\u00bb rt_bg_size=\u00bbcover\u00bb rt_bg_position=\u00bbright top\u00bb rt_bg_attachment=\u00bbscroll\u00bb rt_bg_video_format=\u00bbself-hosted\u00bb rt_padding_top=\u00bb100&#8243; rt_padding_bottom=\u00bb140&#8243;][vc_column rt_bg_image_repeat=\u00bbrepeat\u00bb rt_bg_size=\u00bbauto auto\u00bb rt_bg_attachment=\u00bbscroll\u00bb]<div class=\"rt_heading_wrapper style-4\">\n\t\t\t\t\t\t<h1 class=\"rt_heading  style-4\" >GINECOLOG\u00cdA<\/h1>\n\t\t\t\t\t<\/div>[\/vc_column][\/vc_row][vc_row rt_row_background_width=\u00bbfullwidth\u00bb rt_row_content_width=\u00bbdefault\u00bb rt_row_style=\u00bbdefault-style\u00bb rt_row_borders=\u00bb\u00bb rt_row_paddings=\u00bbtrue\u00bb rt_bg_effect=\u00bbclassic\u00bb rt_bg_image_repeat=\u00bbrepeat\u00bb rt_bg_size=\u00bbcover\u00bb rt_bg_position=\u00bbright top\u00bb rt_bg_attachment=\u00bbscroll\u00bb rt_bg_video_format=\u00bbself-hosted\u00bb][vc_column rt_bg_image_repeat=\u00bbrepeat\u00bb rt_bg_size=\u00bbauto auto\u00bb rt_bg_attachment=\u00bbscroll\u00bb][vc_column_text]<\/p>\n<h2><span style=\"font-weight: 400;\">M\u00e9dico Obstetra<\/span><\/h2>\n<p><span style=\"font-weight: 400;\">Un ginec\u00f3logo es un m\u00e9dico que se ocupa de la salud reproductiva de la mujer. Esta pr\u00e1ctica se examinan aspectos de la mujer quien puede ser susceptible a complicaciones y enfermedades, tales como de la vagina, los ovarios, el \u00fatero y los pechos. Para todas las mujeres de 21 a\u00f1os y m\u00e1s, es altamente recomendable que hagas una cita para un examen ginecol\u00f3gico al menos una vez al a\u00f1o. El <\/span><b>Centro de Dra. Susan Fox para Mujeres<\/b><span style=\"font-weight: 400;\"> ofrece unos de los tratamientos expertos de ginecolog\u00eda de m\u00e1s profundidad en el campo.<\/span><\/p>\n<p><span style=\"font-weight: 400;\">Algunas mujeres pueden sentirse nerviosa y ansiosa al hacer una cita de ginecolog\u00eda. Muchas temen que el proceso va a ser inc\u00f3modo o incluso doloroso. En el <\/span><b>Centro de Dra. Susan Fox para Mujeres<\/b><span style=\"font-weight: 400;\">, reconocemos que muchas mujeres se sienten de esta manera y es nuestro objetivo garantizar que cada paciente que entra a nuestra cl\u00ednica se sienta c\u00f3modo, seguro y a gusto. Nuestros profesionales toman cuidado especial en realizar ex\u00e1menes r\u00e1pidos y eficaz ambos siendo informativos y \u00fatil.<\/span><\/p>\n<h2><span style=\"font-weight: 400;\">Informaci\u00f3n de Ginecolog\u00eda <\/span><\/h2>\n<p><span style=\"font-weight: 400;\">Cuando visitas a un ginec\u00f3logo por primera vez, puede que desee saber qu\u00e9 esperar para sentirse m\u00e1s c\u00f3moda. Formando gran parte en las visitas ginecol\u00f3gicas a nuestro centro, es posible que se le pida que realice un examen de Papanicolaou. Un examen de Papanicolaou es t\u00edpico en un examen ginecol\u00f3gico. Este examen se realiza para buscar se\u00f1ales tempranas de anomal\u00edas graves tales como el c\u00e1ncer de cuello uterino. Los resultados de una prueba de Papanicolaou permitir\u00e1 a nuestros expertos abordar el problema en sus primeras etapas demostrando ser salva vida.<br \/>\n<\/span><\/p>\n<p><span style=\"font-weight: 400;\">Otro proceso rutinario que puede esperar de su visita ginecol\u00f3gica en el <\/span><b>Centro de Dra. Susan Fox para Mujeres<\/b><span style=\"font-weight: 400;\">, es un examen p\u00e9lvico. Este examen es relativamente corto y nuestros profesionales har\u00e1n todo a su alcance para ayudarte a sentirte tranquila y relajada. Despu\u00e9s de haber sido dirigida a posicionarte en la posici\u00f3n adecuada, nuestros m\u00e9dicos expertos examinar\u00e1n las \u00e1reas externas que rodean la vagina, como los pliegues de la vulva, para detectar s\u00edntomas de secreci\u00f3n anormalidad, quistes, inflamaci\u00f3n o verrugas genitales. Un esp\u00e9culo entonces se utilizar\u00e1 para asegurar una apertura f\u00e1cil asi nuestros especialistas puedan coleccionar cualquier muestras necesarias para examinar por varios aspectos.<\/span><\/p>\n<p><span style=\"font-weight: 400;\">Asegure que todos los aspectos de su salud reproductiva est\u00e9n en las mejores condiciones y p\u00f3ngase en contacto con el <\/span><b>Centro de Dra. Susan Fox para Mujeres<\/b><span style=\"font-weight: 400;\"> ahora al (305) 595-6488 o haga clic <\/span><b><a href=\"http:\/\/obgynmiami.com\/es\/contact-us\/\" target=\"_blank\">aqu\u00ed<\/a> <\/b><span style=\"font-weight: 400;\"> para hacer su primera cita con su nuevo ginec\u00f3logo.<\/span>[\/vc_column_text][\/vc_column][\/vc_row]<\/p>\n","protected":false},"excerpt":{"rendered":"<p>[vc_row rt_row_background_width=\u00bbfullwidth\u00bb rt_row_content_width=\u00bbdefault\u00bb rt_row_style=\u00bbdefault-style\u00bb rt_row_borders=\u00bb\u00bb rt_row_paddings=\u00bbtrue\u00bb rt_bg_image=\u00bb3127&#8243; rt_bg_effect=\u00bbclassic\u00bb rt_bg_image_repeat=\u00bbrepeat\u00bb rt_bg_size=\u00bbcover\u00bb rt_bg_position=\u00bbright top\u00bb rt_bg_attachment=\u00bbscroll\u00bb rt_bg_video_format=\u00bbself-hosted\u00bb rt_padding_top=\u00bb100&#8243; rt_padding_bottom=\u00bb140&#8243;][vc_column rt_bg_image_repeat=\u00bbrepeat\u00bb rt_bg_size=\u00bbauto auto\u00bb rt_bg_attachment=\u00bbscroll\u00bb][\/vc_column][\/vc_row][vc_row rt_row_background_width=\u00bbfullwidth\u00bb rt_row_content_width=\u00bbdefault\u00bb rt_row_style=\u00bbdefault-style\u00bb rt_row_borders=\u00bb\u00bb rt_row_paddings=\u00bbtrue\u00bb rt_bg_effect=\u00bbclassic\u00bb rt_bg_image_repeat=\u00bbrepeat\u00bb rt_bg_size=\u00bbcover\u00bb rt_bg_position=\u00bbright top\u00bb rt_bg_attachment=\u00bbscroll\u00bb rt_bg_video_format=\u00bbself-hosted\u00bb][vc_column rt_bg_image_repeat=\u00bbrepeat\u00bb rt_bg_size=\u00bbauto auto\u00bb rt_bg_attachment=\u00bbscroll\u00bb][vc_column_text] M\u00e9dico Obstetra Un ginec\u00f3logo es un m\u00e9dico que se ocupa de la salud reproductiva de la mujer. Esta pr\u00e1ctica [&hellip;]<\/p>\n","protected":false},"author":1,"featured_media":0,"parent":0,"menu_order":0,"comment_status":"closed","ping_status":"closed","template":"","meta":{"jetpack_post_was_ever_published":false,"footnotes":""},"class_list":["post-3419","page","type-page","status-publish","hentry"],"yoast_head":"<!-- This site is optimized with the Yoast SEO plugin v27.3 - https:\/\/yoast.com\/product\/yoast-seo-wordpress\/ -->\n<title>Female OB GYN in Miami | Gyncologist Near Me Miami<\/title>\n<meta name=\"description\" content=\"If your looking for a Female OB GYN, Dr. Susan Fox is a Gynecologist or a medical professional who deals with the reproductive health of women.\u00a0\" \/>\n<meta name=\"robots\" content=\"index, follow, max-snippet:-1, max-image-preview:large, max-video-preview:-1\" \/>\n<link rel=\"canonical\" href=\"https:\/\/obgynmiami.com\/es\/gynecology\/\" \/>\n<meta property=\"og:locale\" content=\"es_ES\" \/>\n<meta property=\"og:type\" content=\"article\" \/>\n<meta property=\"og:title\" content=\"Female OB GYN in Miami | Gyncologist Near Me Miami\" \/>\n<meta property=\"og:description\" content=\"If your looking for a Female OB GYN, Dr. Susan Fox is a Gynecologist or a medical professional who deals with the reproductive health of women.\u00a0\" \/>\n<meta property=\"og:url\" content=\"https:\/\/obgynmiami.com\/es\/gynecology\/\" \/>\n<meta property=\"og:site_name\" content=\"Center For Women&#039;s Health And Wellness\" \/>\n<meta property=\"article:publisher\" content=\"https:\/\/www.facebook.com\/pages\/Fox-Susan\/139797669401130?fref=ts\" \/>\n<meta property=\"article:modified_time\" content=\"2017-01-02T21:22:46+00:00\" \/>\n<meta name=\"twitter:card\" content=\"summary_large_image\" \/>\n<meta name=\"twitter:site\" content=\"@drsusanfox\" \/>\n<meta name=\"twitter:label1\" content=\"Tiempo de lectura\" \/>\n\t<meta name=\"twitter:data1\" content=\"3 minutos\" \/>\n<script type=\"application\/ld+json\" class=\"yoast-schema-graph\">{\"@context\":\"https:\\\/\\\/schema.org\",\"@graph\":[{\"@type\":\"WebPage\",\"@id\":\"https:\\\/\\\/obgynmiami.com\\\/es\\\/gynecology\\\/\",\"url\":\"https:\\\/\\\/obgynmiami.com\\\/es\\\/gynecology\\\/\",\"name\":\"Female OB GYN in Miami | Gyncologist Near Me Miami\",\"isPartOf\":{\"@id\":\"https:\\\/\\\/obgynmiami.com\\\/#website\"},\"datePublished\":\"2015-11-30T22:08:49+00:00\",\"dateModified\":\"2017-01-02T21:22:46+00:00\",\"description\":\"If your looking for a Female OB GYN, Dr. Susan Fox is a Gynecologist or a medical professional who deals with the reproductive health of women.\u00a0\",\"breadcrumb\":{\"@id\":\"https:\\\/\\\/obgynmiami.com\\\/es\\\/gynecology\\\/#breadcrumb\"},\"inLanguage\":\"es\",\"potentialAction\":[{\"@type\":\"ReadAction\",\"target\":[\"https:\\\/\\\/obgynmiami.com\\\/es\\\/gynecology\\\/\"]}]},{\"@type\":\"BreadcrumbList\",\"@id\":\"https:\\\/\\\/obgynmiami.com\\\/es\\\/gynecology\\\/#breadcrumb\",\"itemListElement\":[{\"@type\":\"ListItem\",\"position\":1,\"name\":\"Home\",\"item\":\"https:\\\/\\\/obgynmiami.com\\\/es\\\/inicio\\\/\"},{\"@type\":\"ListItem\",\"position\":2,\"name\":\"Ginecolog\u00eda\"}]},{\"@type\":\"WebSite\",\"@id\":\"https:\\\/\\\/obgynmiami.com\\\/#website\",\"url\":\"https:\\\/\\\/obgynmiami.com\\\/\",\"name\":\"Center For Women&#039;s Health And Wellness\",\"description\":\"Miami Obstetrician &amp; Gynecologist - OB-GYN in Kendall, Florida\",\"publisher\":{\"@id\":\"https:\\\/\\\/obgynmiami.com\\\/#organization\"},\"potentialAction\":[{\"@type\":\"SearchAction\",\"target\":{\"@type\":\"EntryPoint\",\"urlTemplate\":\"https:\\\/\\\/obgynmiami.com\\\/?s={search_term_string}\"},\"query-input\":{\"@type\":\"PropertyValueSpecification\",\"valueRequired\":true,\"valueName\":\"search_term_string\"}}],\"inLanguage\":\"es\"},{\"@type\":\"Organization\",\"@id\":\"https:\\\/\\\/obgynmiami.com\\\/#organization\",\"name\":\"Dr. Susan Fox D.O., OB-GYN\",\"url\":\"https:\\\/\\\/obgynmiami.com\\\/\",\"logo\":{\"@type\":\"ImageObject\",\"inLanguage\":\"es\",\"@id\":\"https:\\\/\\\/obgynmiami.com\\\/#\\\/schema\\\/logo\\\/image\\\/\",\"url\":\"https:\\\/\\\/obgynmiami.com\\\/wp-content\\\/uploads\\\/2015\\\/11\\\/Susan-Fox-Logo-Bold.png\",\"contentUrl\":\"https:\\\/\\\/obgynmiami.com\\\/wp-content\\\/uploads\\\/2015\\\/11\\\/Susan-Fox-Logo-Bold.png\",\"width\":300,\"height\":140,\"caption\":\"Dr. Susan Fox D.O., OB-GYN\"},\"image\":{\"@id\":\"https:\\\/\\\/obgynmiami.com\\\/#\\\/schema\\\/logo\\\/image\\\/\"},\"sameAs\":[\"https:\\\/\\\/www.facebook.com\\\/pages\\\/Fox-Susan\\\/139797669401130?fref=ts\",\"https:\\\/\\\/x.com\\\/drsusanfox\"]}]}<\/script>\n<!-- \/ Yoast SEO plugin. -->","yoast_head_json":{"title":"Female OB GYN in Miami | Gyncologist Near Me Miami","description":"If your looking for a Female OB GYN, Dr. Susan Fox is a Gynecologist or a medical professional who deals with the reproductive health of women.\u00a0","robots":{"index":"index","follow":"follow","max-snippet":"max-snippet:-1","max-image-preview":"max-image-preview:large","max-video-preview":"max-video-preview:-1"},"canonical":"https:\/\/obgynmiami.com\/es\/gynecology\/","og_locale":"es_ES","og_type":"article","og_title":"Female OB GYN in Miami | Gyncologist Near Me Miami","og_description":"If your looking for a Female OB GYN, Dr. Susan Fox is a Gynecologist or a medical professional who deals with the reproductive health of women.\u00a0","og_url":"https:\/\/obgynmiami.com\/es\/gynecology\/","og_site_name":"Center For Women&#039;s Health And Wellness","article_publisher":"https:\/\/www.facebook.com\/pages\/Fox-Susan\/139797669401130?fref=ts","article_modified_time":"2017-01-02T21:22:46+00:00","twitter_card":"summary_large_image","twitter_site":"@drsusanfox","twitter_misc":{"Tiempo de lectura":"3 minutos"},"schema":{"@context":"https:\/\/schema.org","@graph":[{"@type":"WebPage","@id":"https:\/\/obgynmiami.com\/es\/gynecology\/","url":"https:\/\/obgynmiami.com\/es\/gynecology\/","name":"Female OB GYN in Miami | Gyncologist Near Me Miami","isPartOf":{"@id":"https:\/\/obgynmiami.com\/#website"},"datePublished":"2015-11-30T22:08:49+00:00","dateModified":"2017-01-02T21:22:46+00:00","description":"If your looking for a Female OB GYN, Dr. Susan Fox is a Gynecologist or a medical professional who deals with the reproductive health of women.\u00a0","breadcrumb":{"@id":"https:\/\/obgynmiami.com\/es\/gynecology\/#breadcrumb"},"inLanguage":"es","potentialAction":[{"@type":"ReadAction","target":["https:\/\/obgynmiami.com\/es\/gynecology\/"]}]},{"@type":"BreadcrumbList","@id":"https:\/\/obgynmiami.com\/es\/gynecology\/#breadcrumb","itemListElement":[{"@type":"ListItem","position":1,"name":"Home","item":"https:\/\/obgynmiami.com\/es\/inicio\/"},{"@type":"ListItem","position":2,"name":"Ginecolog\u00eda"}]},{"@type":"WebSite","@id":"https:\/\/obgynmiami.com\/#website","url":"https:\/\/obgynmiami.com\/","name":"Center For Women&#039;s Health And Wellness","description":"Miami Obstetrician &amp; Gynecologist - OB-GYN in Kendall, Florida","publisher":{"@id":"https:\/\/obgynmiami.com\/#organization"},"potentialAction":[{"@type":"SearchAction","target":{"@type":"EntryPoint","urlTemplate":"https:\/\/obgynmiami.com\/?s={search_term_string}"},"query-input":{"@type":"PropertyValueSpecification","valueRequired":true,"valueName":"search_term_string"}}],"inLanguage":"es"},{"@type":"Organization","@id":"https:\/\/obgynmiami.com\/#organization","name":"Dr. Susan Fox D.O., OB-GYN","url":"https:\/\/obgynmiami.com\/","logo":{"@type":"ImageObject","inLanguage":"es","@id":"https:\/\/obgynmiami.com\/#\/schema\/logo\/image\/","url":"https:\/\/obgynmiami.com\/wp-content\/uploads\/2015\/11\/Susan-Fox-Logo-Bold.png","contentUrl":"https:\/\/obgynmiami.com\/wp-content\/uploads\/2015\/11\/Susan-Fox-Logo-Bold.png","width":300,"height":140,"caption":"Dr. Susan Fox D.O., OB-GYN"},"image":{"@id":"https:\/\/obgynmiami.com\/#\/schema\/logo\/image\/"},"sameAs":["https:\/\/www.facebook.com\/pages\/Fox-Susan\/139797669401130?fref=ts","https:\/\/x.com\/drsusanfox"]}]}},"jetpack_sharing_enabled":true,"jetpack_shortlink":"https:\/\/wp.me\/P8s4X2-T9","_links":{"self":[{"href":"https:\/\/obgynmiami.com\/es\/wp-json\/wp\/v2\/pages\/3419","targetHints":{"allow":["GET"]}}],"collection":[{"href":"https:\/\/obgynmiami.com\/es\/wp-json\/wp\/v2\/pages"}],"about":[{"href":"https:\/\/obgynmiami.com\/es\/wp-json\/wp\/v2\/types\/page"}],"author":[{"embeddable":true,"href":"https:\/\/obgynmiami.com\/es\/wp-json\/wp\/v2\/users\/1"}],"replies":[{"embeddable":true,"href":"https:\/\/obgynmiami.com\/es\/wp-json\/wp\/v2\/comments?post=3419"}],"version-history":[{"count":0,"href":"https:\/\/obgynmiami.com\/es\/wp-json\/wp\/v2\/pages\/3419\/revisions"}],"wp:attachment":[{"href":"https:\/\/obgynmiami.com\/es\/wp-json\/wp\/v2\/media?parent=3419"}],"curies":[{"name":"wp","href":"https:\/\/api.w.org\/{rel}","templated":true}]}}