{"id":3420,"date":"2015-11-18T10:54:09","date_gmt":"2015-11-18T15:54:09","guid":{"rendered":"http:\/\/obgynmiami.com\/es\/hysteroscopy\/"},"modified":"2017-01-30T17:06:22","modified_gmt":"2017-01-30T22:06:22","slug":"hysteroscopy","status":"publish","type":"page","link":"https:\/\/obgynmiami.com\/es\/hysteroscopy\/","title":{"rendered":"Histeroscopia"},"content":{"rendered":"<p>[vc_row rt_row_background_width=\u00bbfullwidth\u00bb rt_row_content_width=\u00bbdefault\u00bb rt_row_style=\u00bbdefault-style\u00bb rt_row_borders=\u00bb\u00bb rt_row_paddings=\u00bbtrue\u00bb rt_bg_image=\u00bb3127&#8243; rt_bg_effect=\u00bbclassic\u00bb rt_bg_image_repeat=\u00bbno-repeat\u00bb rt_bg_size=\u00bbauto auto\u00bb rt_bg_position=\u00bbcenter center\u00bb rt_bg_attachment=\u00bbscroll\u00bb rt_bg_video_format=\u00bbself-hosted\u00bb rt_padding_top=\u00bb100&#8243; rt_padding_bottom=\u00bb140&#8243;][vc_column rt_bg_image_repeat=\u00bbrepeat\u00bb rt_bg_size=\u00bbauto auto\u00bb rt_bg_attachment=\u00bbscroll\u00bb]<div class=\"rt_heading_wrapper style-4\">\n\t\t\t\t\t\t<h1 class=\"rt_heading  style-4\" >HISTEROSCOPIA <\/h1>\n\t\t\t\t\t<\/div>[\/vc_column][\/vc_row][vc_row rt_row_background_width=\u00bbfullwidth\u00bb rt_row_content_width=\u00bbdefault\u00bb rt_row_style=\u00bbdefault-style\u00bb rt_row_borders=\u00bb\u00bb rt_row_paddings=\u00bbtrue\u00bb rt_bg_effect=\u00bbclassic\u00bb rt_bg_image_repeat=\u00bbrepeat\u00bb rt_bg_size=\u00bbcover\u00bb rt_bg_position=\u00bbright top\u00bb rt_bg_attachment=\u00bbscroll\u00bb rt_bg_video_format=\u00bbself-hosted\u00bb][vc_column rt_bg_image_repeat=\u00bbrepeat\u00bb rt_bg_size=\u00bbauto auto\u00bb rt_bg_attachment=\u00bbscroll\u00bb][vc_column_text]<\/p>\n<h2><b>Procedimiento de Histeroscopia<\/b><\/h2>\n<p><span style=\"font-weight: 400;\">Una histeroscopia es recomendada por nuestros profesionales m\u00e9dicos en el <\/span><span style=\"color: #ee6679;\"><b>Centro de Dra. Susan Fox para Mujeres <\/b><\/span><span style=\"font-weight: 400;\">para las mujeres que tienen s\u00edntomas de:<br \/>\n<\/span><\/p>\n<ul>\n<li style=\"font-weight: 400;\"><span style=\"font-weight: 400;\">Sangrado vaginal abnormal<\/span><\/li>\n<li style=\"font-weight: 400;\"><span style=\"font-weight: 400;\">S\u00edndrome de Asherman<\/span><\/li>\n<li style=\"font-weight: 400;\"><span style=\"font-weight: 400;\">Fibromas uterinos<\/span><\/li>\n<li style=\"font-weight: 400;\"><span style=\"font-weight: 400;\">Malformaciones mullerianas (uterinas)<\/span><\/li>\n<li style=\"font-weight: 400;\"><span style=\"font-weight: 400;\">Ablaci\u00f3n endometrial<\/span><\/li>\n<li style=\"font-weight: 400;\"><span style=\"font-weight: 400;\">Retenci\u00f3n placentaria<\/span><\/li>\n<li style=\"font-weight: 400;\"><span style=\"font-weight: 400;\">P\u00f3lipos<\/span><\/li>\n<\/ul>\n<p><span style=\"font-weight: 400;\">Este procedimiento permite a nuestros m\u00e9dicos tener una mirada m\u00e1s cercana en el revestimiento del \u00fatero con el fin de encontrar la causa de cualquier anomal\u00eda que pueda estar experimentando. Un histeroscopio, el instrumento que se utiliza durante la histeroscopia, es similar a un endoscopio que se utiliza para mirar adentro del cuerpo para prop\u00f3sitos medicinales. El tubo delgado del histeroscopio contiene lumin\u00f3genos transmitidos por fibras \u00f3pticas que pueden dar la visualizaci\u00f3n por las aberturas de las trompas de Falopio.<\/span><\/p>\n<p><span style=\"font-weight: 400;\">Antes de la histeroscopia, nuestros expertos determinan qu\u00e9 forma de sedante o anestesia se necesitar\u00e1 para hacer el qu\u00e9 procedimiento salga lo m\u00e1s c\u00f3modo posible y sin dolor. El cuello uterino se dilata con el uso de instrumentos especiales para facilitar la inserci\u00f3n del histeroscopio, seguido por un gas o l\u00edquido que permitir\u00e1 a nuestros profesionales lograr una examinaci\u00f3n m\u00e1s completa. La luz del histeroscopio es iluminada, permitiendo un examen con m\u00e1s detalle.<\/span><\/p>\n<p><span style=\"font-weight: 400;\">La mayor\u00eda de los efectos secundarios que usted experimentar\u00e1 despu\u00e9s del procedimiento generalmente ser\u00e1 relacionado con la anestesia o los sedantes que fueron administrados. Manchas claras y c\u00f3licos son com\u00fan que generalmente desaparecen en unos pocos d\u00edas. Si usted experimenta algunos otros s\u00edntomas graves como dolor fuerte, sangrado pesado o fiebre, debe contactarse con nuestras oficinas inmediatamente.<\/span><\/p>\n<h2>Ventajas de la Histeroscopia<\/h2>\n<p><span style=\"font-weight: 400;\">Aparte de ser un factor crucial en determinar las causas de anormalidades o s\u00edntomas que pueda estar experimentando, en comparaci\u00f3n con otros procedimientos invasivos, una histeroscopia:<\/span><\/p>\n<ul>\n<li style=\"font-weight: 400;\"><span style=\"font-weight: 400;\">Se puede realizar justo en la cl\u00ednica<\/span><\/li>\n<li style=\"font-weight: 400;\"><span style=\"font-weight: 400;\">Toma poco tiempo de recuperaci\u00f3n<\/span><\/li>\n<li style=\"font-weight: 400;\"><span style=\"font-weight: 400;\">No requiere gran cantidades de medicamentos para el dolor<\/span><\/li>\n<li style=\"font-weight: 400;\"><span style=\"font-weight: 400;\">S\u00f3lo c\u00f3licos leves y poca incomodidad es lo que sienten la mayor\u00eda de los pacientes<\/span><\/li>\n<\/ul>\n<p><span style=\"font-weight: 400;\">Aunque este procedimiento inflige muchos beneficios, es necesario que usted se ponga en contacto con nuestros profesionales en el <\/span><span style=\"color: #ee6679;\"><b>Centro de Dra. Susan Fox para Mujeres<\/b><\/span><span style=\"font-weight: 400;\">. Llame al (305) 595-6488 o haga clic <strong><a href=\"http:\/\/obgynmiami.com\/es\/contact-us\/\" target=\"_blank\">aqu\u00ed<\/a><\/strong> para hacer una cita. Despu\u00e9s de un examen, nuestros m\u00e9dicos cuidadosos discutir\u00e1n todas las opciones para determinar si una histeroscopia sera lo mas adecuado para usted.<br \/>\n<\/span>[\/vc_column_text][\/vc_column][\/vc_row]<\/p>\n","protected":false},"excerpt":{"rendered":"<p>[vc_row rt_row_background_width=\u00bbfullwidth\u00bb rt_row_content_width=\u00bbdefault\u00bb rt_row_style=\u00bbdefault-style\u00bb rt_row_borders=\u00bb\u00bb rt_row_paddings=\u00bbtrue\u00bb rt_bg_image=\u00bb3127&#8243; rt_bg_effect=\u00bbclassic\u00bb rt_bg_image_repeat=\u00bbno-repeat\u00bb rt_bg_size=\u00bbauto auto\u00bb rt_bg_position=\u00bbcenter center\u00bb rt_bg_attachment=\u00bbscroll\u00bb rt_bg_video_format=\u00bbself-hosted\u00bb rt_padding_top=\u00bb100&#8243; rt_padding_bottom=\u00bb140&#8243;][vc_column rt_bg_image_repeat=\u00bbrepeat\u00bb rt_bg_size=\u00bbauto auto\u00bb rt_bg_attachment=\u00bbscroll\u00bb][\/vc_column][\/vc_row][vc_row rt_row_background_width=\u00bbfullwidth\u00bb rt_row_content_width=\u00bbdefault\u00bb rt_row_style=\u00bbdefault-style\u00bb rt_row_borders=\u00bb\u00bb rt_row_paddings=\u00bbtrue\u00bb rt_bg_effect=\u00bbclassic\u00bb rt_bg_image_repeat=\u00bbrepeat\u00bb rt_bg_size=\u00bbcover\u00bb rt_bg_position=\u00bbright top\u00bb rt_bg_attachment=\u00bbscroll\u00bb rt_bg_video_format=\u00bbself-hosted\u00bb][vc_column rt_bg_image_repeat=\u00bbrepeat\u00bb rt_bg_size=\u00bbauto auto\u00bb rt_bg_attachment=\u00bbscroll\u00bb][vc_column_text] Procedimiento de Histeroscopia Una histeroscopia es recomendada por nuestros profesionales m\u00e9dicos en el Centro de Dra. Susan Fox [&hellip;]<\/p>\n","protected":false},"author":1,"featured_media":0,"parent":0,"menu_order":0,"comment_status":"closed","ping_status":"closed","template":"","meta":{"jetpack_post_was_ever_published":false,"footnotes":""},"class_list":["post-3420","page","type-page","status-publish","hentry"],"yoast_head":"<!-- This site is optimized with the Yoast SEO plugin v27.3 - https:\/\/yoast.com\/product\/yoast-seo-wordpress\/ -->\n<title>Tratamiento Anormal de Sangrado | Dra. Susan Fox D.O., OB-GYN<\/title>\n<meta name=\"description\" content=\"El procedimiento de histeroscopia y Tratamiento Anormal de Sangrado tiene muchos beneficios, llame a nuestra Dra. Fox y determine si es adecuado para usted.\" \/>\n<meta name=\"robots\" content=\"index, follow, max-snippet:-1, max-image-preview:large, max-video-preview:-1\" \/>\n<link rel=\"canonical\" href=\"https:\/\/obgynmiami.com\/es\/hysteroscopy\/\" \/>\n<meta property=\"og:locale\" content=\"es_ES\" \/>\n<meta property=\"og:type\" content=\"article\" \/>\n<meta property=\"og:title\" content=\"Tratamiento Anormal de Sangrado | Dra. Susan Fox D.O., OB-GYN\" \/>\n<meta property=\"og:description\" content=\"El procedimiento de histeroscopia y Tratamiento Anormal de Sangrado tiene muchos beneficios, llame a nuestra Dra. Fox y determine si es adecuado para usted.\" \/>\n<meta property=\"og:url\" content=\"https:\/\/obgynmiami.com\/es\/hysteroscopy\/\" \/>\n<meta property=\"og:site_name\" content=\"Center For Women&#039;s Health And Wellness\" \/>\n<meta property=\"article:publisher\" content=\"https:\/\/www.facebook.com\/pages\/Fox-Susan\/139797669401130?fref=ts\" \/>\n<meta property=\"article:modified_time\" content=\"2017-01-30T22:06:22+00:00\" \/>\n<meta name=\"twitter:card\" content=\"summary_large_image\" \/>\n<meta name=\"twitter:site\" content=\"@drsusanfox\" \/>\n<meta name=\"twitter:label1\" content=\"Tiempo de lectura\" \/>\n\t<meta name=\"twitter:data1\" content=\"3 minutos\" \/>\n<script type=\"application\/ld+json\" class=\"yoast-schema-graph\">{\"@context\":\"https:\\\/\\\/schema.org\",\"@graph\":[{\"@type\":\"WebPage\",\"@id\":\"https:\\\/\\\/obgynmiami.com\\\/es\\\/hysteroscopy\\\/\",\"url\":\"https:\\\/\\\/obgynmiami.com\\\/es\\\/hysteroscopy\\\/\",\"name\":\"Tratamiento Anormal de Sangrado | Dra. Susan Fox D.O., OB-GYN\",\"isPartOf\":{\"@id\":\"https:\\\/\\\/obgynmiami.com\\\/#website\"},\"datePublished\":\"2015-11-18T15:54:09+00:00\",\"dateModified\":\"2017-01-30T22:06:22+00:00\",\"description\":\"El procedimiento de histeroscopia y Tratamiento Anormal de Sangrado tiene muchos beneficios, llame a nuestra Dra. Fox y determine si es adecuado para usted.\",\"breadcrumb\":{\"@id\":\"https:\\\/\\\/obgynmiami.com\\\/es\\\/hysteroscopy\\\/#breadcrumb\"},\"inLanguage\":\"es\",\"potentialAction\":[{\"@type\":\"ReadAction\",\"target\":[\"https:\\\/\\\/obgynmiami.com\\\/es\\\/hysteroscopy\\\/\"]}]},{\"@type\":\"BreadcrumbList\",\"@id\":\"https:\\\/\\\/obgynmiami.com\\\/es\\\/hysteroscopy\\\/#breadcrumb\",\"itemListElement\":[{\"@type\":\"ListItem\",\"position\":1,\"name\":\"Home\",\"item\":\"https:\\\/\\\/obgynmiami.com\\\/es\\\/inicio\\\/\"},{\"@type\":\"ListItem\",\"position\":2,\"name\":\"Histeroscopia\"}]},{\"@type\":\"WebSite\",\"@id\":\"https:\\\/\\\/obgynmiami.com\\\/#website\",\"url\":\"https:\\\/\\\/obgynmiami.com\\\/\",\"name\":\"Center For Women&#039;s Health And Wellness\",\"description\":\"Miami Obstetrician &amp; Gynecologist - OB-GYN in Kendall, Florida\",\"publisher\":{\"@id\":\"https:\\\/\\\/obgynmiami.com\\\/#organization\"},\"potentialAction\":[{\"@type\":\"SearchAction\",\"target\":{\"@type\":\"EntryPoint\",\"urlTemplate\":\"https:\\\/\\\/obgynmiami.com\\\/?s={search_term_string}\"},\"query-input\":{\"@type\":\"PropertyValueSpecification\",\"valueRequired\":true,\"valueName\":\"search_term_string\"}}],\"inLanguage\":\"es\"},{\"@type\":\"Organization\",\"@id\":\"https:\\\/\\\/obgynmiami.com\\\/#organization\",\"name\":\"Dr. Susan Fox D.O., OB-GYN\",\"url\":\"https:\\\/\\\/obgynmiami.com\\\/\",\"logo\":{\"@type\":\"ImageObject\",\"inLanguage\":\"es\",\"@id\":\"https:\\\/\\\/obgynmiami.com\\\/#\\\/schema\\\/logo\\\/image\\\/\",\"url\":\"https:\\\/\\\/obgynmiami.com\\\/wp-content\\\/uploads\\\/2015\\\/11\\\/Susan-Fox-Logo-Bold.png\",\"contentUrl\":\"https:\\\/\\\/obgynmiami.com\\\/wp-content\\\/uploads\\\/2015\\\/11\\\/Susan-Fox-Logo-Bold.png\",\"width\":300,\"height\":140,\"caption\":\"Dr. Susan Fox D.O., OB-GYN\"},\"image\":{\"@id\":\"https:\\\/\\\/obgynmiami.com\\\/#\\\/schema\\\/logo\\\/image\\\/\"},\"sameAs\":[\"https:\\\/\\\/www.facebook.com\\\/pages\\\/Fox-Susan\\\/139797669401130?fref=ts\",\"https:\\\/\\\/x.com\\\/drsusanfox\"]}]}<\/script>\n<!-- \/ Yoast SEO plugin. -->","yoast_head_json":{"title":"Tratamiento Anormal de Sangrado | Dra. Susan Fox D.O., OB-GYN","description":"El procedimiento de histeroscopia y Tratamiento Anormal de Sangrado tiene muchos beneficios, llame a nuestra Dra. Fox y determine si es adecuado para usted.","robots":{"index":"index","follow":"follow","max-snippet":"max-snippet:-1","max-image-preview":"max-image-preview:large","max-video-preview":"max-video-preview:-1"},"canonical":"https:\/\/obgynmiami.com\/es\/hysteroscopy\/","og_locale":"es_ES","og_type":"article","og_title":"Tratamiento Anormal de Sangrado | Dra. Susan Fox D.O., OB-GYN","og_description":"El procedimiento de histeroscopia y Tratamiento Anormal de Sangrado tiene muchos beneficios, llame a nuestra Dra. Fox y determine si es adecuado para usted.","og_url":"https:\/\/obgynmiami.com\/es\/hysteroscopy\/","og_site_name":"Center For Women&#039;s Health And Wellness","article_publisher":"https:\/\/www.facebook.com\/pages\/Fox-Susan\/139797669401130?fref=ts","article_modified_time":"2017-01-30T22:06:22+00:00","twitter_card":"summary_large_image","twitter_site":"@drsusanfox","twitter_misc":{"Tiempo de lectura":"3 minutos"},"schema":{"@context":"https:\/\/schema.org","@graph":[{"@type":"WebPage","@id":"https:\/\/obgynmiami.com\/es\/hysteroscopy\/","url":"https:\/\/obgynmiami.com\/es\/hysteroscopy\/","name":"Tratamiento Anormal de Sangrado | Dra. Susan Fox D.O., OB-GYN","isPartOf":{"@id":"https:\/\/obgynmiami.com\/#website"},"datePublished":"2015-11-18T15:54:09+00:00","dateModified":"2017-01-30T22:06:22+00:00","description":"El procedimiento de histeroscopia y Tratamiento Anormal de Sangrado tiene muchos beneficios, llame a nuestra Dra. Fox y determine si es adecuado para usted.","breadcrumb":{"@id":"https:\/\/obgynmiami.com\/es\/hysteroscopy\/#breadcrumb"},"inLanguage":"es","potentialAction":[{"@type":"ReadAction","target":["https:\/\/obgynmiami.com\/es\/hysteroscopy\/"]}]},{"@type":"BreadcrumbList","@id":"https:\/\/obgynmiami.com\/es\/hysteroscopy\/#breadcrumb","itemListElement":[{"@type":"ListItem","position":1,"name":"Home","item":"https:\/\/obgynmiami.com\/es\/inicio\/"},{"@type":"ListItem","position":2,"name":"Histeroscopia"}]},{"@type":"WebSite","@id":"https:\/\/obgynmiami.com\/#website","url":"https:\/\/obgynmiami.com\/","name":"Center For Women&#039;s Health And Wellness","description":"Miami Obstetrician &amp; Gynecologist - OB-GYN in Kendall, Florida","publisher":{"@id":"https:\/\/obgynmiami.com\/#organization"},"potentialAction":[{"@type":"SearchAction","target":{"@type":"EntryPoint","urlTemplate":"https:\/\/obgynmiami.com\/?s={search_term_string}"},"query-input":{"@type":"PropertyValueSpecification","valueRequired":true,"valueName":"search_term_string"}}],"inLanguage":"es"},{"@type":"Organization","@id":"https:\/\/obgynmiami.com\/#organization","name":"Dr. Susan Fox D.O., OB-GYN","url":"https:\/\/obgynmiami.com\/","logo":{"@type":"ImageObject","inLanguage":"es","@id":"https:\/\/obgynmiami.com\/#\/schema\/logo\/image\/","url":"https:\/\/obgynmiami.com\/wp-content\/uploads\/2015\/11\/Susan-Fox-Logo-Bold.png","contentUrl":"https:\/\/obgynmiami.com\/wp-content\/uploads\/2015\/11\/Susan-Fox-Logo-Bold.png","width":300,"height":140,"caption":"Dr. Susan Fox D.O., OB-GYN"},"image":{"@id":"https:\/\/obgynmiami.com\/#\/schema\/logo\/image\/"},"sameAs":["https:\/\/www.facebook.com\/pages\/Fox-Susan\/139797669401130?fref=ts","https:\/\/x.com\/drsusanfox"]}]}},"jetpack_sharing_enabled":true,"jetpack_shortlink":"https:\/\/wp.me\/P8s4X2-Ta","_links":{"self":[{"href":"https:\/\/obgynmiami.com\/es\/wp-json\/wp\/v2\/pages\/3420","targetHints":{"allow":["GET"]}}],"collection":[{"href":"https:\/\/obgynmiami.com\/es\/wp-json\/wp\/v2\/pages"}],"about":[{"href":"https:\/\/obgynmiami.com\/es\/wp-json\/wp\/v2\/types\/page"}],"author":[{"embeddable":true,"href":"https:\/\/obgynmiami.com\/es\/wp-json\/wp\/v2\/users\/1"}],"replies":[{"embeddable":true,"href":"https:\/\/obgynmiami.com\/es\/wp-json\/wp\/v2\/comments?post=3420"}],"version-history":[{"count":0,"href":"https:\/\/obgynmiami.com\/es\/wp-json\/wp\/v2\/pages\/3420\/revisions"}],"wp:attachment":[{"href":"https:\/\/obgynmiami.com\/es\/wp-json\/wp\/v2\/media?parent=3420"}],"curies":[{"name":"wp","href":"https:\/\/api.w.org\/{rel}","templated":true}]}}