{"id":3421,"date":"2015-11-18T11:10:39","date_gmt":"2015-11-18T16:10:39","guid":{"rendered":"http:\/\/obgynmiami.com\/es\/iud-birth-control\/"},"modified":"2024-11-23T02:41:21","modified_gmt":"2024-11-23T07:41:21","slug":"iud-birth-control","status":"publish","type":"page","link":"https:\/\/obgynmiami.com\/es\/iud-birth-control\/","title":{"rendered":"Anticonceptivo DIU"},"content":{"rendered":"<p>[vc_row rt_row_background_width=\u00bbfullwidth\u00bb rt_row_content_width=\u00bbdefault\u00bb rt_row_style=\u00bbdefault-style\u00bb rt_row_borders=\u00bb\u00bb rt_row_paddings=\u00bbtrue\u00bb rt_bg_image=\u00bb3127&#8243; rt_bg_effect=\u00bbclassic\u00bb rt_bg_image_repeat=\u00bbno-repeat\u00bb rt_bg_size=\u00bbauto auto\u00bb rt_bg_position=\u00bbcenter center\u00bb rt_bg_attachment=\u00bbscroll\u00bb rt_bg_video_format=\u00bbself-hosted\u00bb rt_padding_top=\u00bb100&#8243; rt_padding_bottom=\u00bb140&#8243;][vc_column rt_wrp_col_paddings=\u00bbfalse\u00bb rt_border_top=\u00bb\u00bb rt_border_bottom=\u00bb\u00bb rt_border_left=\u00bb\u00bb rt_border_right=\u00bb\u00bb rt_border_top_mobile=\u00bb\u00bb rt_border_bottom_mobile=\u00bb\u00bb rt_border_left_mobile=\u00bb\u00bb rt_border_right_mobile=\u00bb\u00bb rt_bg_image_repeat=\u00bbrepeat\u00bb rt_bg_size=\u00bbauto auto\u00bb rt_bg_position=\u00bbright top\u00bb rt_bg_attachment=\u00bbscroll\u00bb]<div class=\"rt_heading_wrapper style-4\">\n\t\t\t\t\t\t<h1 class=\"rt_heading  style-4\" >ANTICONCEPTIVO DIU<\/h1>\n\t\t\t\t\t<\/div>[\/vc_column][\/vc_row][vc_row rt_row_background_width=\u00bbfullwidth\u00bb rt_row_content_width=\u00bbdefault\u00bb rt_row_style=\u00bbdefault-style\u00bb rt_row_borders=\u00bb\u00bb rt_row_paddings=\u00bbtrue\u00bb rt_bg_effect=\u00bbclassic\u00bb rt_bg_image_repeat=\u00bbrepeat\u00bb rt_bg_size=\u00bbcover\u00bb rt_bg_position=\u00bbright top\u00bb rt_bg_attachment=\u00bbscroll\u00bb rt_bg_video_format=\u00bbself-hosted\u00bb][vc_column rt_wrp_col_paddings=\u00bbfalse\u00bb rt_border_top=\u00bb\u00bb rt_border_bottom=\u00bb\u00bb rt_border_left=\u00bb\u00bb rt_border_right=\u00bb\u00bb rt_border_top_mobile=\u00bb\u00bb rt_border_bottom_mobile=\u00bb\u00bb rt_border_left_mobile=\u00bb\u00bb rt_border_right_mobile=\u00bb\u00bb rt_bg_image_repeat=\u00bbrepeat\u00bb rt_bg_size=\u00bbauto auto\u00bb rt_bg_position=\u00bbright top\u00bb rt_bg_attachment=\u00bbscroll\u00bb][vc_column_text]<\/p>\n<h2><b>Opciones del DIU<\/b><\/h2>\n<div id=\"attachment_3554\" style=\"width: 310px\" class=\"wp-caption alignright\"><img loading=\"lazy\" decoding=\"async\" aria-describedby=\"caption-attachment-3554\" class=\"wp-image-3554 size-medium\" src=\"https:\/\/obgynmiami.com\/wp-content\/uploads\/2015\/11\/IUD-options-300x200.jpg\" alt=\"IUD options in Miami , DIU Anticonceptivo en Miami, Dr. Susan Fox\" width=\"300\" height=\"200\" srcset=\"https:\/\/obgynmiami.com\/wp-content\/uploads\/2015\/11\/IUD-options-300x200.jpg 300w, https:\/\/obgynmiami.com\/wp-content\/uploads\/2015\/11\/IUD-options-768x512.jpg 768w, https:\/\/obgynmiami.com\/wp-content\/uploads\/2015\/11\/IUD-options.jpg 1000w\" sizes=\"auto, (max-width: 300px) 100vw, 300px\" \/><p id=\"caption-attachment-3554\" class=\"wp-caption-text\">DIU Anticonceptivo<\/p><\/div>\n<h3>DIU Anticonceptivo<\/h3>\n<p><span style=\"font-weight: 400;\">Un DIU o dispositivo intrauterino, es un dispositivo peque\u00f1o de pl\u00e1stico flexible que es utilizado como forma reversible, de actuaci\u00f3n larga para evitar el embarazo. Este dispositivo evita que la fertilizaci\u00f3n de los huevos en el \u00fatero por un periodo de tiempo determinado; dependiendo de la forma del DIU que usted elija. La inserci\u00f3n y el retiro del DIU en forma \u00abT\u00bb se realiza en el <\/span><span style=\"color: #ee6679;\"><b>Centro de Dra. Susan Fox para Mujeres <\/b><\/span><span style=\"font-weight: 400;\">por nuestros profesionales m\u00e9dicos.<\/span><\/p>\n<p><span style=\"font-weight: 400;\">En el <\/span><span style=\"color: #ee6679;\"><b>Centro de Dra. Susan Fox para Mujeres<\/b><\/span><span style=\"font-weight: 400;\">, tenemos varias opciones de DIU Anticonceptivo\u00a0que nuestros pacientes pueden elegir. Son todos seguros, eficaz, y reversibles, pero ofrecen otras diferentes ventajas. Abajo alistamos las opciones que ofrecemos con actuaci\u00f3n m\u00e1s corta a m\u00e1s larga.<\/span><\/p>\n<p>&nbsp;<\/p>\n<h2>Paragard<\/h2>\n<p><span style=\"font-weight: 400;\">Este dispositivo intrauterino libera cobre de sus hilos, envolviendo alrededor de la base y ayudando a evitar la fertilidad mediante el establecimiento de una reacci\u00f3n inflamatoria en el \u00fatero. Paragard no contienen hormonas asi como otros tipos de DIU. Este dispositivo es muy peque\u00f1o, mide apenas 1,26 \u00abx 1,42\u00bb. Su flexibilidad y tama\u00f1o lo hacen simple para que nuestros expertos puedan colocar y sacar cuando cuando es necesario. No lo sentir\u00e1s una vez que es colocado.<\/span><\/p>\n<ul>\n<li style=\"font-weight: 400;\"><span style=\"font-weight: 400;\">99% efectivo en la prevenci\u00f3n del embarazo<\/span><\/li>\n<li style=\"font-weight: 400;\"><span style=\"font-weight: 400;\">Menos de 1% de los usuarios contraen la enfermedad p\u00e9lvica inflamatoria<\/span><\/li>\n<li style=\"font-weight: 400;\"><span style=\"font-weight: 400;\">No contiene hormona<\/span><\/li>\n<li style=\"font-weight: 400;\"><span style=\"font-weight: 400;\">Puede durar hasta 10 a\u00f1os<\/span><\/li>\n<\/ul>\n<p>&nbsp;<\/p>\n<h2>Skyla<\/h2>\n<p>&nbsp;<\/p>\n<ul>\n<li style=\"font-weight: 400;\"><span style=\"font-weight: 400;\">M\u00e1s de 99% de efectividad en la prevenci\u00f3n del embarazo <\/span><\/li>\n<li style=\"font-weight: 400;\"><span style=\"font-weight: 400;\">Dura hasta 3 a\u00f1os<\/span><\/li>\n<li style=\"font-weight: 400;\"><span style=\"font-weight: 400;\">Menos del 0.1% de las mujeres experimentaron perforaci\u00f3n<\/span><\/li>\n<li style=\"font-weight: 400;\"><span style=\"font-weight: 400;\">No interfiere con el uso de los tampones o la actividad sexual<\/span><\/li>\n<\/ul>\n<p>&nbsp;<\/p>\n<h2>Liletta<\/h2>\n<p><span style=\"font-weight: 400;\">Entre el m\u00e1s reciente DIU en el mercado, Liletta es una opci\u00f3n segura y eficaz para la prevenci\u00f3n de embarazo de largo tiempo. Esta opci\u00f3n ha sido probada en una gran variedad de mujeres demostrando que es unas de las marcas m\u00e1s populares de DIU. Liletta, igual a Skyla y Mirena, libera una hormona lenta y constante en el \u00fatero llamado levonorgestrel para evitar el embarazo.<\/span><\/p>\n<ul>\n<li style=\"font-weight: 400;\"><span style=\"font-weight: 400;\">Por ahora ha sido probado a durar hasta 3 a\u00f1os, pero con m\u00e1s pruebas, ese n\u00famero podr\u00eda aumentar<\/span><\/li>\n<li style=\"font-weight: 400;\"><span style=\"font-weight: 400;\">Aprobado por la FDA <\/span><\/li>\n<li style=\"font-weight: 400;\"><span style=\"font-weight: 400;\">Una de las opciones disponibles m\u00e1s econ\u00f3micas<\/span><\/li>\n<li style=\"font-weight: 400;\"><span style=\"font-weight: 400;\">Liberador de Levonorgestrel (hormonal)<\/span><\/li>\n<\/ul>\n<p>&nbsp;<\/p>\n<h2>Mirena<\/h2>\n<p><span style=\"font-weight: 400;\">El <span style=\"color: #ee6679;\"><b>Centro de Dra. Susan Fox para Mujeres<\/b><\/span><span style=\"font-weight: 400;\">recomienda esta opci\u00f3n DIU a las mujeres que han tenido hijos. Su simple colocaci\u00f3n y extracci\u00f3n permite a la mujer cambiar de opini\u00f3n e intentar a tener hijos despu\u00e9s de la extracci\u00f3n. Mirena ha sido aprobado por la FDA en los Estados Unidos desde el a\u00f1o 2000, demostrando ser muy efectivo con el uso de la hormona levonorgestrel. Nuestros profesionales pueden colocar Mirena r\u00e1pidamente y f\u00e1cilmente, con poca a ninguna molestia.<\/span><\/span><\/p>\n<ul>\n<li style=\"font-weight: 400;\"><span style=\"font-weight: 400;\">M\u00e1s de 99% de efectividad <\/span><\/li>\n<li style=\"font-weight: 400;\"><span style=\"font-weight: 400;\">Hasta 5 a\u00f1os de prevenci\u00f3n <\/span><\/li>\n<li style=\"font-weight: 400;\"><span style=\"font-weight: 400;\">Bueno para la planificaci\u00f3n familiar <\/span><\/li>\n<li style=\"font-weight: 400;\"><span style=\"font-weight: 400;\">Tratamiento para per\u00edodos inusual<\/span><\/li>\n<\/ul>\n<p>&nbsp;<\/p>\n<h2>Efectos Secundarios del DIU<\/h2>\n<p><span style=\"font-weight: 400;\">Muchas mujeres evitar usar el DIU en comparaci\u00f3n con las p\u00edldoras anticonceptivas mientras el DIU no requiere ning\u00fan tipo de ingesta diaria o mantenimiento. Usuarias del DIU se encuentran c\u00f3modas al saber que pueden confiar en el DIU, ya que no se tienen que preocupar por olvidar de tomar una p\u00edldora anticonceptiva. Todos nuestros productos de DIU han sido comprobados y aprobados, causando solamente efectos menores secundarios en la gran mayor\u00eda de las mujeres. Algunos de estos efectos secundarios incluyen:<\/span><\/p>\n<ul>\n<li style=\"font-weight: 400;\"><span style=\"font-weight: 400;\">Dolores p\u00e9lvico o c\u00f3licos<\/span><\/li>\n<li style=\"font-weight: 400;\"><span style=\"font-weight: 400;\">Sangrado menstrual irregular <\/span><\/li>\n<li style=\"font-weight: 400;\"><span style=\"font-weight: 400;\">Hinchaz\u00f3n o inflamaci\u00f3n <\/span><\/li>\n<li style=\"font-weight: 400;\"><span style=\"font-weight: 400;\">N\u00e1useas <\/span><\/li>\n<li style=\"font-weight: 400;\"><span style=\"font-weight: 400;\">Sensibilidad en pecho<\/span><\/li>\n<li style=\"font-weight: 400;\"><span style=\"font-weight: 400;\">Fluctuaci\u00f3n de peso <\/span><\/li>\n<li style=\"font-weight: 400;\"><span style=\"font-weight: 400;\">Acn\u00e9 <\/span><\/li>\n<li style=\"font-weight: 400;\"><span style=\"font-weight: 400;\">Cansancio<\/span><\/li>\n<\/ul>\n<p><span style=\"font-weight: 400;\">Si cualquiera de estos s\u00edntomas avanzan o empeoran, comuniquese con nuestras oficinas inmediatamente.<\/span><\/p>\n<p><span style=\"font-weight: 400;\">Toma el ruta con menos esfuerzo para la prevenci\u00f3n del embarazo y llame al <\/span><span style=\"color: #ee6679;\"><b>Centro de Dra. Susan Fox para Mujeres<\/b><\/span><span style=\"font-weight: 400;\"> hoy al (305) 595-6488 o haga clic <strong><a href=\"http:\/\/obgynmiami.com\/es\/contact-us\/\" target=\"_blank\" rel=\"noopener\">aqu\u00ed<\/a><\/strong> para conocer m\u00e1s sobre nuestras opciones de DIU.<\/span>[\/vc_column_text][\/vc_column][\/vc_row]<\/p>\n","protected":false},"excerpt":{"rendered":"<p>[vc_row rt_row_background_width=\u00bbfullwidth\u00bb rt_row_content_width=\u00bbdefault\u00bb rt_row_style=\u00bbdefault-style\u00bb rt_row_borders=\u00bb\u00bb rt_row_paddings=\u00bbtrue\u00bb rt_bg_image=\u00bb3127&#8243; rt_bg_effect=\u00bbclassic\u00bb rt_bg_image_repeat=\u00bbno-repeat\u00bb rt_bg_size=\u00bbauto auto\u00bb rt_bg_position=\u00bbcenter center\u00bb rt_bg_attachment=\u00bbscroll\u00bb rt_bg_video_format=\u00bbself-hosted\u00bb rt_padding_top=\u00bb100&#8243; rt_padding_bottom=\u00bb140&#8243;][vc_column rt_wrp_col_paddings=\u00bbfalse\u00bb rt_border_top=\u00bb\u00bb rt_border_bottom=\u00bb\u00bb rt_border_left=\u00bb\u00bb rt_border_right=\u00bb\u00bb rt_border_top_mobile=\u00bb\u00bb rt_border_bottom_mobile=\u00bb\u00bb rt_border_left_mobile=\u00bb\u00bb rt_border_right_mobile=\u00bb\u00bb rt_bg_image_repeat=\u00bbrepeat\u00bb rt_bg_size=\u00bbauto auto\u00bb rt_bg_position=\u00bbright top\u00bb rt_bg_attachment=\u00bbscroll\u00bb][\/vc_column][\/vc_row][vc_row rt_row_background_width=\u00bbfullwidth\u00bb rt_row_content_width=\u00bbdefault\u00bb rt_row_style=\u00bbdefault-style\u00bb rt_row_borders=\u00bb\u00bb rt_row_paddings=\u00bbtrue\u00bb rt_bg_effect=\u00bbclassic\u00bb rt_bg_image_repeat=\u00bbrepeat\u00bb rt_bg_size=\u00bbcover\u00bb rt_bg_position=\u00bbright top\u00bb rt_bg_attachment=\u00bbscroll\u00bb rt_bg_video_format=\u00bbself-hosted\u00bb][vc_column rt_wrp_col_paddings=\u00bbfalse\u00bb rt_border_top=\u00bb\u00bb rt_border_bottom=\u00bb\u00bb rt_border_left=\u00bb\u00bb rt_border_right=\u00bb\u00bb rt_border_top_mobile=\u00bb\u00bb rt_border_bottom_mobile=\u00bb\u00bb rt_border_left_mobile=\u00bb\u00bb rt_border_right_mobile=\u00bb\u00bb rt_bg_image_repeat=\u00bbrepeat\u00bb rt_bg_size=\u00bbauto [&hellip;]<\/p>\n","protected":false},"author":1,"featured_media":0,"parent":0,"menu_order":0,"comment_status":"closed","ping_status":"closed","template":"","meta":{"jetpack_post_was_ever_published":false,"footnotes":""},"class_list":["post-3421","page","type-page","status-publish","hentry"],"yoast_head":"<!-- This site is optimized with the Yoast SEO plugin v27.3 - https:\/\/yoast.com\/product\/yoast-seo-wordpress\/ -->\n<title>DIU Anticonceptivo | Dispositivo Intrauterino, Dr. Susan Fox<\/title>\n<meta name=\"description\" content=\"P\u00f3ngase en contacto con la Dr. Susan Fox para obtener m\u00e1s informaci\u00f3n sobre DIU Anticonceptivo. Llame al (305) 595-6488 hoy!\" \/>\n<meta name=\"robots\" content=\"index, follow, max-snippet:-1, max-image-preview:large, max-video-preview:-1\" \/>\n<link rel=\"canonical\" href=\"https:\/\/obgynmiami.com\/es\/iud-birth-control\/\" \/>\n<meta property=\"og:locale\" content=\"es_ES\" \/>\n<meta property=\"og:type\" content=\"article\" \/>\n<meta property=\"og:title\" content=\"DIU Anticonceptivo | Dispositivo Intrauterino, Dr. Susan Fox\" \/>\n<meta property=\"og:description\" content=\"P\u00f3ngase en contacto con la Dr. Susan Fox para obtener m\u00e1s informaci\u00f3n sobre DIU Anticonceptivo. Llame al (305) 595-6488 hoy!\" \/>\n<meta property=\"og:url\" content=\"https:\/\/obgynmiami.com\/es\/iud-birth-control\/\" \/>\n<meta property=\"og:site_name\" content=\"Center For Women&#039;s Health And Wellness\" \/>\n<meta property=\"article:publisher\" content=\"https:\/\/www.facebook.com\/pages\/Fox-Susan\/139797669401130?fref=ts\" \/>\n<meta property=\"article:modified_time\" content=\"2024-11-23T07:41:21+00:00\" \/>\n<meta property=\"og:image\" content=\"https:\/\/obgynmiami.com\/wp-content\/uploads\/2015\/11\/IUD-options.jpg?wsr\" \/>\n\t<meta property=\"og:image:width\" content=\"1000\" \/>\n\t<meta property=\"og:image:height\" content=\"667\" \/>\n\t<meta property=\"og:image:type\" content=\"image\/jpeg\" \/>\n<meta name=\"twitter:card\" content=\"summary_large_image\" \/>\n<meta name=\"twitter:site\" content=\"@drsusanfox\" \/>\n<meta name=\"twitter:label1\" content=\"Tiempo de lectura\" \/>\n\t<meta name=\"twitter:data1\" content=\"4 minutos\" \/>\n<script type=\"application\/ld+json\" class=\"yoast-schema-graph\">{\"@context\":\"https:\\\/\\\/schema.org\",\"@graph\":[{\"@type\":\"WebPage\",\"@id\":\"https:\\\/\\\/obgynmiami.com\\\/es\\\/iud-birth-control\\\/\",\"url\":\"https:\\\/\\\/obgynmiami.com\\\/es\\\/iud-birth-control\\\/\",\"name\":\"DIU Anticonceptivo | Dispositivo Intrauterino, Dr. Susan Fox\",\"isPartOf\":{\"@id\":\"https:\\\/\\\/obgynmiami.com\\\/#website\"},\"primaryImageOfPage\":{\"@id\":\"https:\\\/\\\/obgynmiami.com\\\/es\\\/iud-birth-control\\\/#primaryimage\"},\"image\":{\"@id\":\"https:\\\/\\\/obgynmiami.com\\\/es\\\/iud-birth-control\\\/#primaryimage\"},\"thumbnailUrl\":\"https:\\\/\\\/obgynmiami.com\\\/wp-content\\\/uploads\\\/2015\\\/11\\\/IUD-options-300x200.jpg\",\"datePublished\":\"2015-11-18T16:10:39+00:00\",\"dateModified\":\"2024-11-23T07:41:21+00:00\",\"description\":\"P\u00f3ngase en contacto con la Dr. Susan Fox para obtener m\u00e1s informaci\u00f3n sobre DIU Anticonceptivo. Llame al (305) 595-6488 hoy!\",\"breadcrumb\":{\"@id\":\"https:\\\/\\\/obgynmiami.com\\\/es\\\/iud-birth-control\\\/#breadcrumb\"},\"inLanguage\":\"es\",\"potentialAction\":[{\"@type\":\"ReadAction\",\"target\":[\"https:\\\/\\\/obgynmiami.com\\\/es\\\/iud-birth-control\\\/\"]}]},{\"@type\":\"ImageObject\",\"inLanguage\":\"es\",\"@id\":\"https:\\\/\\\/obgynmiami.com\\\/es\\\/iud-birth-control\\\/#primaryimage\",\"url\":\"https:\\\/\\\/obgynmiami.com\\\/wp-content\\\/uploads\\\/2015\\\/11\\\/IUD-options-300x200.jpg\",\"contentUrl\":\"https:\\\/\\\/obgynmiami.com\\\/wp-content\\\/uploads\\\/2015\\\/11\\\/IUD-options-300x200.jpg\"},{\"@type\":\"BreadcrumbList\",\"@id\":\"https:\\\/\\\/obgynmiami.com\\\/es\\\/iud-birth-control\\\/#breadcrumb\",\"itemListElement\":[{\"@type\":\"ListItem\",\"position\":1,\"name\":\"Home\",\"item\":\"https:\\\/\\\/obgynmiami.com\\\/es\\\/inicio\\\/\"},{\"@type\":\"ListItem\",\"position\":2,\"name\":\"Anticonceptivo DIU\"}]},{\"@type\":\"WebSite\",\"@id\":\"https:\\\/\\\/obgynmiami.com\\\/#website\",\"url\":\"https:\\\/\\\/obgynmiami.com\\\/\",\"name\":\"Center For Women&#039;s Health And Wellness\",\"description\":\"Miami Obstetrician &amp; Gynecologist - OB-GYN in Kendall, Florida\",\"publisher\":{\"@id\":\"https:\\\/\\\/obgynmiami.com\\\/#organization\"},\"potentialAction\":[{\"@type\":\"SearchAction\",\"target\":{\"@type\":\"EntryPoint\",\"urlTemplate\":\"https:\\\/\\\/obgynmiami.com\\\/?s={search_term_string}\"},\"query-input\":{\"@type\":\"PropertyValueSpecification\",\"valueRequired\":true,\"valueName\":\"search_term_string\"}}],\"inLanguage\":\"es\"},{\"@type\":\"Organization\",\"@id\":\"https:\\\/\\\/obgynmiami.com\\\/#organization\",\"name\":\"Dr. Susan Fox D.O., OB-GYN\",\"url\":\"https:\\\/\\\/obgynmiami.com\\\/\",\"logo\":{\"@type\":\"ImageObject\",\"inLanguage\":\"es\",\"@id\":\"https:\\\/\\\/obgynmiami.com\\\/#\\\/schema\\\/logo\\\/image\\\/\",\"url\":\"https:\\\/\\\/obgynmiami.com\\\/wp-content\\\/uploads\\\/2015\\\/11\\\/Susan-Fox-Logo-Bold.png\",\"contentUrl\":\"https:\\\/\\\/obgynmiami.com\\\/wp-content\\\/uploads\\\/2015\\\/11\\\/Susan-Fox-Logo-Bold.png\",\"width\":300,\"height\":140,\"caption\":\"Dr. Susan Fox D.O., OB-GYN\"},\"image\":{\"@id\":\"https:\\\/\\\/obgynmiami.com\\\/#\\\/schema\\\/logo\\\/image\\\/\"},\"sameAs\":[\"https:\\\/\\\/www.facebook.com\\\/pages\\\/Fox-Susan\\\/139797669401130?fref=ts\",\"https:\\\/\\\/x.com\\\/drsusanfox\"]}]}<\/script>\n<!-- \/ Yoast SEO plugin. -->","yoast_head_json":{"title":"DIU Anticonceptivo | Dispositivo Intrauterino, Dr. Susan Fox","description":"P\u00f3ngase en contacto con la Dr. Susan Fox para obtener m\u00e1s informaci\u00f3n sobre DIU Anticonceptivo. Llame al (305) 595-6488 hoy!","robots":{"index":"index","follow":"follow","max-snippet":"max-snippet:-1","max-image-preview":"max-image-preview:large","max-video-preview":"max-video-preview:-1"},"canonical":"https:\/\/obgynmiami.com\/es\/iud-birth-control\/","og_locale":"es_ES","og_type":"article","og_title":"DIU Anticonceptivo | Dispositivo Intrauterino, Dr. Susan Fox","og_description":"P\u00f3ngase en contacto con la Dr. Susan Fox para obtener m\u00e1s informaci\u00f3n sobre DIU Anticonceptivo. Llame al (305) 595-6488 hoy!","og_url":"https:\/\/obgynmiami.com\/es\/iud-birth-control\/","og_site_name":"Center For Women&#039;s Health And Wellness","article_publisher":"https:\/\/www.facebook.com\/pages\/Fox-Susan\/139797669401130?fref=ts","article_modified_time":"2024-11-23T07:41:21+00:00","og_image":[{"width":1000,"height":667,"url":"https:\/\/obgynmiami.com\/wp-content\/uploads\/2015\/11\/IUD-options.jpg?wsr","type":"image\/jpeg"}],"twitter_card":"summary_large_image","twitter_site":"@drsusanfox","twitter_misc":{"Tiempo de lectura":"4 minutos"},"schema":{"@context":"https:\/\/schema.org","@graph":[{"@type":"WebPage","@id":"https:\/\/obgynmiami.com\/es\/iud-birth-control\/","url":"https:\/\/obgynmiami.com\/es\/iud-birth-control\/","name":"DIU Anticonceptivo | Dispositivo Intrauterino, Dr. Susan Fox","isPartOf":{"@id":"https:\/\/obgynmiami.com\/#website"},"primaryImageOfPage":{"@id":"https:\/\/obgynmiami.com\/es\/iud-birth-control\/#primaryimage"},"image":{"@id":"https:\/\/obgynmiami.com\/es\/iud-birth-control\/#primaryimage"},"thumbnailUrl":"https:\/\/obgynmiami.com\/wp-content\/uploads\/2015\/11\/IUD-options-300x200.jpg","datePublished":"2015-11-18T16:10:39+00:00","dateModified":"2024-11-23T07:41:21+00:00","description":"P\u00f3ngase en contacto con la Dr. Susan Fox para obtener m\u00e1s informaci\u00f3n sobre DIU Anticonceptivo. Llame al (305) 595-6488 hoy!","breadcrumb":{"@id":"https:\/\/obgynmiami.com\/es\/iud-birth-control\/#breadcrumb"},"inLanguage":"es","potentialAction":[{"@type":"ReadAction","target":["https:\/\/obgynmiami.com\/es\/iud-birth-control\/"]}]},{"@type":"ImageObject","inLanguage":"es","@id":"https:\/\/obgynmiami.com\/es\/iud-birth-control\/#primaryimage","url":"https:\/\/obgynmiami.com\/wp-content\/uploads\/2015\/11\/IUD-options-300x200.jpg","contentUrl":"https:\/\/obgynmiami.com\/wp-content\/uploads\/2015\/11\/IUD-options-300x200.jpg"},{"@type":"BreadcrumbList","@id":"https:\/\/obgynmiami.com\/es\/iud-birth-control\/#breadcrumb","itemListElement":[{"@type":"ListItem","position":1,"name":"Home","item":"https:\/\/obgynmiami.com\/es\/inicio\/"},{"@type":"ListItem","position":2,"name":"Anticonceptivo DIU"}]},{"@type":"WebSite","@id":"https:\/\/obgynmiami.com\/#website","url":"https:\/\/obgynmiami.com\/","name":"Center For Women&#039;s Health And Wellness","description":"Miami Obstetrician &amp; Gynecologist - OB-GYN in Kendall, Florida","publisher":{"@id":"https:\/\/obgynmiami.com\/#organization"},"potentialAction":[{"@type":"SearchAction","target":{"@type":"EntryPoint","urlTemplate":"https:\/\/obgynmiami.com\/?s={search_term_string}"},"query-input":{"@type":"PropertyValueSpecification","valueRequired":true,"valueName":"search_term_string"}}],"inLanguage":"es"},{"@type":"Organization","@id":"https:\/\/obgynmiami.com\/#organization","name":"Dr. Susan Fox D.O., OB-GYN","url":"https:\/\/obgynmiami.com\/","logo":{"@type":"ImageObject","inLanguage":"es","@id":"https:\/\/obgynmiami.com\/#\/schema\/logo\/image\/","url":"https:\/\/obgynmiami.com\/wp-content\/uploads\/2015\/11\/Susan-Fox-Logo-Bold.png","contentUrl":"https:\/\/obgynmiami.com\/wp-content\/uploads\/2015\/11\/Susan-Fox-Logo-Bold.png","width":300,"height":140,"caption":"Dr. Susan Fox D.O., OB-GYN"},"image":{"@id":"https:\/\/obgynmiami.com\/#\/schema\/logo\/image\/"},"sameAs":["https:\/\/www.facebook.com\/pages\/Fox-Susan\/139797669401130?fref=ts","https:\/\/x.com\/drsusanfox"]}]}},"jetpack_sharing_enabled":true,"jetpack_shortlink":"https:\/\/wp.me\/P8s4X2-Tb","_links":{"self":[{"href":"https:\/\/obgynmiami.com\/es\/wp-json\/wp\/v2\/pages\/3421","targetHints":{"allow":["GET"]}}],"collection":[{"href":"https:\/\/obgynmiami.com\/es\/wp-json\/wp\/v2\/pages"}],"about":[{"href":"https:\/\/obgynmiami.com\/es\/wp-json\/wp\/v2\/types\/page"}],"author":[{"embeddable":true,"href":"https:\/\/obgynmiami.com\/es\/wp-json\/wp\/v2\/users\/1"}],"replies":[{"embeddable":true,"href":"https:\/\/obgynmiami.com\/es\/wp-json\/wp\/v2\/comments?post=3421"}],"version-history":[{"count":0,"href":"https:\/\/obgynmiami.com\/es\/wp-json\/wp\/v2\/pages\/3421\/revisions"}],"wp:attachment":[{"href":"https:\/\/obgynmiami.com\/es\/wp-json\/wp\/v2\/media?parent=3421"}],"curies":[{"name":"wp","href":"https:\/\/api.w.org\/{rel}","templated":true}]}}