{"id":3422,"date":"2015-11-18T09:58:00","date_gmt":"2015-11-18T14:58:00","guid":{"rendered":"http:\/\/obgynmiami.com\/es\/leep-biopsy\/"},"modified":"2017-01-02T16:24:44","modified_gmt":"2017-01-02T21:24:44","slug":"leep-biopsy","status":"publish","type":"page","link":"https:\/\/obgynmiami.com\/es\/leep-biopsy\/","title":{"rendered":"Biopsia de LEEP"},"content":{"rendered":"<p>[vc_row rt_row_background_width=\u00bbfullwidth\u00bb rt_row_content_width=\u00bbdefault\u00bb rt_row_style=\u00bbdefault-style\u00bb rt_row_borders=\u00bb\u00bb rt_row_paddings=\u00bbtrue\u00bb rt_bg_image=\u00bb3127&#8243; rt_bg_effect=\u00bbclassic\u00bb rt_bg_image_repeat=\u00bbno-repeat\u00bb rt_bg_size=\u00bbauto auto\u00bb rt_bg_position=\u00bbcenter center\u00bb rt_bg_attachment=\u00bbscroll\u00bb rt_bg_video_format=\u00bbself-hosted\u00bb rt_padding_top=\u00bb100&#8243; rt_padding_bottom=\u00bb140&#8243;][vc_column rt_bg_image_repeat=\u00bbrepeat\u00bb rt_bg_size=\u00bbauto auto\u00bb rt_bg_attachment=\u00bbscroll\u00bb]<div class=\"rt_heading_wrapper style-4\">\n\t\t\t\t\t\t<h1 class=\"rt_heading  style-4\" >BIOPSIA DE LEEP<\/h1>\n\t\t\t\t\t<\/div>[\/vc_column][\/vc_row][vc_row rt_row_background_width=\u00bbfullwidth\u00bb rt_row_content_width=\u00bbdefault\u00bb rt_row_style=\u00bbdefault-style\u00bb rt_row_borders=\u00bb\u00bb rt_row_paddings=\u00bbtrue\u00bb rt_bg_effect=\u00bbclassic\u00bb rt_bg_image_repeat=\u00bbrepeat\u00bb rt_bg_size=\u00bbcover\u00bb rt_bg_position=\u00bbright top\u00bb rt_bg_attachment=\u00bbscroll\u00bb rt_bg_video_format=\u00bbself-hosted\u00bb][vc_column rt_bg_image_repeat=\u00bbrepeat\u00bb rt_bg_size=\u00bbauto auto\u00bb rt_bg_attachment=\u00bbscroll\u00bb][vc_column_text]<\/p>\n<h2><b>Procedimiento de Escisi\u00f3n Electroquir\u00fargica<\/b><\/h2>\n<p>&nbsp;<\/p>\n<h3><strong>Cirug\u00eda LEEP<\/strong><\/h3>\n<p><span style=\"font-weight: 400;\">El procedimiento de escisi\u00f3n electroquir\u00fargica, o LEEP, es un procedimiento simple y de bajo riesgo que se realiza para eliminar los tejidos anormales del cuello uterino. Si se encuentran complicaciones cervicales o vaginales durante una prueba de Papanicolaou, nuestros profesionales en el <\/span><span style=\"color: #ee6679;\"><b>Centro de Dra. Susan Fox para Mujeres<\/b><\/span><span style=\"font-weight: 400;\"> recomiendan este procedimiento efectivo. LEEP puede detectar c\u00e9lulas cancerosas o precancerosas del cuello uterino y \u00fatero, ayudando al paciente a tomar precauciones y recibir un tratamiento si es necesario. LEEP puede incluso utilizarse para detectar y tratar otros problemas m\u00e9dicos como tumores benignos, verrugas genitales y dietilestilbestrol.<\/span><\/p>\n<p><span style=\"font-weight: 400;\">Nuestros expertos m\u00e9dicos en el <\/span><span style=\"color: #ee6679;\"><b>Centro de Dra. Susan Fox para Mujeres<\/b><\/span><span style=\"font-weight: 400;\"> hacen que el procedimiento LEEP sea r\u00e1pido y sencillo. El procedimiento se realiza en nuestro centro y no requiere al paciente pasar una noche en el hospital. Antes de que el proceso comience, uno de nuestros m\u00e9dicos expertos realizar\u00e1 un examen m\u00e1s profundo para determinar si el procedimiento LEEP es adecuado para usted. Responderemos cualquier pregunta que tenga sobre el procedimiento y le notificaremos si requiere alguna preparacion antes del procedimiento, aunque LEEP generalmente no requiere ning\u00fan tipo de ayuno.<\/span><\/p>\n<p><span style=\"font-weight: 400;\">Con el uso de corriente el\u00e9ctrica, un aro de alambre es calentado y utilizado para retirar el tejido afectado que puede causar complicaciones en el tracto genital de la mujer. La corriente el\u00e9ctrica es conducida a trav\u00e9s del aro de alambre eliminando cuidadosamente una capa fina del tejido para luego ser examinada por profesionales. Nuestros m\u00e9dicos calificados adormecen el \u00e1rea para hacer el procedimiento lo menos doloroso posible. Nuestra prioridad es asegurar que cada paciente se sienta c\u00f3modo y seguro durante el procedimiento entero.<\/span><\/p>\n<p>&nbsp;<\/p>\n<h2>LEEP Recuperaci\u00f3n<\/h2>\n<p><span style=\"font-weight: 400;\">La recuperaci\u00f3n depende de su situaci\u00f3n particular, pero generalmente, el per\u00edodo de recuperaci\u00f3n despu\u00e9s del procedimiento LEEP es bastante corto y sencillo. Descargas y manchas son normales que pueden ocurrir durante el periodo de recuperaci\u00f3n. Puede ser que seas administrada analg\u00e9sicos para aliviar cualquier tipo de c\u00f3lico o dolor, tambi\u00e9n nuestros doctores profesionales le aconsejaran que usted evite la actividad sexual, el uso de tampones y cualquier actividad extenuante por algunas semanas con el fin de asegurar una recuperaci\u00f3n exitosa. Tambi\u00e9n se le pedir\u00e1 que vuelva a nuestro <\/span><span style=\"color: #ee6679;\"><b>Centro de Dra. Susan Fox para Mujeres<\/b><\/span><span style=\"font-weight: 400;\"> para ex\u00e1menes regulares y pruebas de Papanicolaou.<\/span><\/p>\n<p>&nbsp;<\/p>\n<h2>Beneficios del LEEP<\/h2>\n<p><span style=\"font-weight: 400;\">El Procedimiento de Escisi\u00f3n Electroquir\u00fargica tiene muchas ventajas para las mujeres en quien se han encontrado c\u00e9lulas y tejidos anormales alrededor del cuello uterino o vagina. Algunos de estos beneficios incluyen:<\/span><\/p>\n<ul>\n<li style=\"font-weight: 400;\"><span style=\"font-weight: 400;\">Eliminaci\u00f3n completa de tejidos y c\u00e9lulas anormales que pueden convertirse en c\u00e1ncer.<\/span><\/li>\n<li style=\"font-weight: 400;\"><span style=\"font-weight: 400;\">Las c\u00e9lulas permanecen intactas, en distinci\u00f3n a la terapia de laser.<\/span><\/li>\n<li style=\"font-weight: 400;\"><span style=\"font-weight: 400;\">Una muestra precisa es adquirida para la intenci\u00f3n de ser examinada en m\u00e1s detalle por un profesional.<\/span><\/li>\n<li style=\"font-weight: 400;\"><span style=\"font-weight: 400;\">El procedimiento es generalmente r\u00e1pida, simple con muy pocas molestias.<\/span><\/li>\n<\/ul>\n<p>&nbsp;<\/p>\n<p><span style=\"font-weight: 400;\">Contacta al <\/span><span style=\"color: #ee6679;\"><b>Centro de Dra. Susan Fox para Mujeres<\/b><\/span><span style=\"font-weight: 400;\"> hoy al (305) 595-6488 o haga clic <strong><a href=\"http:\/\/obgynmiami.com\/es\/contact-us\/\" target=\"_blank\">aqu\u00ed<\/a><\/strong> para hacer una cita y aprender c\u00f3mo usted puede tener una biopsia de la LEEP realizada por uno de nuestros profesionales.<\/span>[\/vc_column_text][\/vc_column][\/vc_row]<\/p>\n","protected":false},"excerpt":{"rendered":"<p>[vc_row rt_row_background_width=\u00bbfullwidth\u00bb rt_row_content_width=\u00bbdefault\u00bb rt_row_style=\u00bbdefault-style\u00bb rt_row_borders=\u00bb\u00bb rt_row_paddings=\u00bbtrue\u00bb rt_bg_image=\u00bb3127&#8243; rt_bg_effect=\u00bbclassic\u00bb rt_bg_image_repeat=\u00bbno-repeat\u00bb rt_bg_size=\u00bbauto auto\u00bb rt_bg_position=\u00bbcenter center\u00bb rt_bg_attachment=\u00bbscroll\u00bb rt_bg_video_format=\u00bbself-hosted\u00bb rt_padding_top=\u00bb100&#8243; rt_padding_bottom=\u00bb140&#8243;][vc_column rt_bg_image_repeat=\u00bbrepeat\u00bb rt_bg_size=\u00bbauto auto\u00bb rt_bg_attachment=\u00bbscroll\u00bb][\/vc_column][\/vc_row][vc_row rt_row_background_width=\u00bbfullwidth\u00bb rt_row_content_width=\u00bbdefault\u00bb rt_row_style=\u00bbdefault-style\u00bb rt_row_borders=\u00bb\u00bb rt_row_paddings=\u00bbtrue\u00bb rt_bg_effect=\u00bbclassic\u00bb rt_bg_image_repeat=\u00bbrepeat\u00bb rt_bg_size=\u00bbcover\u00bb rt_bg_position=\u00bbright top\u00bb rt_bg_attachment=\u00bbscroll\u00bb rt_bg_video_format=\u00bbself-hosted\u00bb][vc_column rt_bg_image_repeat=\u00bbrepeat\u00bb rt_bg_size=\u00bbauto auto\u00bb rt_bg_attachment=\u00bbscroll\u00bb][vc_column_text] Procedimiento de Escisi\u00f3n Electroquir\u00fargica &nbsp; Cirug\u00eda LEEP El procedimiento de escisi\u00f3n electroquir\u00fargica, o LEEP, es un procedimiento simple [&hellip;]<\/p>\n","protected":false},"author":1,"featured_media":0,"parent":0,"menu_order":0,"comment_status":"closed","ping_status":"closed","template":"","meta":{"jetpack_post_was_ever_published":false,"footnotes":""},"class_list":["post-3422","page","type-page","status-publish","hentry"],"yoast_head":"<!-- This site is optimized with the Yoast SEO plugin v27.3 - https:\/\/yoast.com\/product\/yoast-seo-wordpress\/ -->\n<title>LEEP Surgery Miami | Cirug\u00eda LEEP, Dr. Susan Fox<\/title>\n<meta name=\"description\" content=\"Si se encuentran complicaciones cervicales o vaginales durante una prueba de Papanicolaou, Dr. Susan Fox recomienda LEEP Surgery. Llame al (305) 595-6488!\" \/>\n<meta name=\"robots\" content=\"index, follow, max-snippet:-1, max-image-preview:large, max-video-preview:-1\" \/>\n<link rel=\"canonical\" href=\"https:\/\/obgynmiami.com\/es\/leep-biopsy\/\" \/>\n<meta property=\"og:locale\" content=\"es_ES\" \/>\n<meta property=\"og:type\" content=\"article\" \/>\n<meta property=\"og:title\" content=\"LEEP Surgery Miami | Cirug\u00eda LEEP, Dr. Susan Fox\" \/>\n<meta property=\"og:description\" content=\"Si se encuentran complicaciones cervicales o vaginales durante una prueba de Papanicolaou, Dr. Susan Fox recomienda LEEP Surgery. Llame al (305) 595-6488!\" \/>\n<meta property=\"og:url\" content=\"https:\/\/obgynmiami.com\/es\/leep-biopsy\/\" \/>\n<meta property=\"og:site_name\" content=\"Center For Women&#039;s Health And Wellness\" \/>\n<meta property=\"article:publisher\" content=\"https:\/\/www.facebook.com\/pages\/Fox-Susan\/139797669401130?fref=ts\" \/>\n<meta property=\"article:modified_time\" content=\"2017-01-02T21:24:44+00:00\" \/>\n<meta name=\"twitter:card\" content=\"summary_large_image\" \/>\n<meta name=\"twitter:site\" content=\"@drsusanfox\" \/>\n<meta name=\"twitter:label1\" content=\"Tiempo de lectura\" \/>\n\t<meta name=\"twitter:data1\" content=\"4 minutos\" \/>\n<script type=\"application\/ld+json\" class=\"yoast-schema-graph\">{\"@context\":\"https:\\\/\\\/schema.org\",\"@graph\":[{\"@type\":\"WebPage\",\"@id\":\"https:\\\/\\\/obgynmiami.com\\\/es\\\/leep-biopsy\\\/\",\"url\":\"https:\\\/\\\/obgynmiami.com\\\/es\\\/leep-biopsy\\\/\",\"name\":\"LEEP Surgery Miami | Cirug\u00eda LEEP, Dr. Susan Fox\",\"isPartOf\":{\"@id\":\"https:\\\/\\\/obgynmiami.com\\\/#website\"},\"datePublished\":\"2015-11-18T14:58:00+00:00\",\"dateModified\":\"2017-01-02T21:24:44+00:00\",\"description\":\"Si se encuentran complicaciones cervicales o vaginales durante una prueba de Papanicolaou, Dr. Susan Fox recomienda LEEP Surgery. Llame al (305) 595-6488!\",\"breadcrumb\":{\"@id\":\"https:\\\/\\\/obgynmiami.com\\\/es\\\/leep-biopsy\\\/#breadcrumb\"},\"inLanguage\":\"es\",\"potentialAction\":[{\"@type\":\"ReadAction\",\"target\":[\"https:\\\/\\\/obgynmiami.com\\\/es\\\/leep-biopsy\\\/\"]}]},{\"@type\":\"BreadcrumbList\",\"@id\":\"https:\\\/\\\/obgynmiami.com\\\/es\\\/leep-biopsy\\\/#breadcrumb\",\"itemListElement\":[{\"@type\":\"ListItem\",\"position\":1,\"name\":\"Home\",\"item\":\"https:\\\/\\\/obgynmiami.com\\\/es\\\/inicio\\\/\"},{\"@type\":\"ListItem\",\"position\":2,\"name\":\"Biopsia de LEEP\"}]},{\"@type\":\"WebSite\",\"@id\":\"https:\\\/\\\/obgynmiami.com\\\/#website\",\"url\":\"https:\\\/\\\/obgynmiami.com\\\/\",\"name\":\"Center For Women&#039;s Health And Wellness\",\"description\":\"Miami Obstetrician &amp; Gynecologist - OB-GYN in Kendall, Florida\",\"publisher\":{\"@id\":\"https:\\\/\\\/obgynmiami.com\\\/#organization\"},\"potentialAction\":[{\"@type\":\"SearchAction\",\"target\":{\"@type\":\"EntryPoint\",\"urlTemplate\":\"https:\\\/\\\/obgynmiami.com\\\/?s={search_term_string}\"},\"query-input\":{\"@type\":\"PropertyValueSpecification\",\"valueRequired\":true,\"valueName\":\"search_term_string\"}}],\"inLanguage\":\"es\"},{\"@type\":\"Organization\",\"@id\":\"https:\\\/\\\/obgynmiami.com\\\/#organization\",\"name\":\"Dr. Susan Fox D.O., OB-GYN\",\"url\":\"https:\\\/\\\/obgynmiami.com\\\/\",\"logo\":{\"@type\":\"ImageObject\",\"inLanguage\":\"es\",\"@id\":\"https:\\\/\\\/obgynmiami.com\\\/#\\\/schema\\\/logo\\\/image\\\/\",\"url\":\"https:\\\/\\\/obgynmiami.com\\\/wp-content\\\/uploads\\\/2015\\\/11\\\/Susan-Fox-Logo-Bold.png\",\"contentUrl\":\"https:\\\/\\\/obgynmiami.com\\\/wp-content\\\/uploads\\\/2015\\\/11\\\/Susan-Fox-Logo-Bold.png\",\"width\":300,\"height\":140,\"caption\":\"Dr. Susan Fox D.O., OB-GYN\"},\"image\":{\"@id\":\"https:\\\/\\\/obgynmiami.com\\\/#\\\/schema\\\/logo\\\/image\\\/\"},\"sameAs\":[\"https:\\\/\\\/www.facebook.com\\\/pages\\\/Fox-Susan\\\/139797669401130?fref=ts\",\"https:\\\/\\\/x.com\\\/drsusanfox\"]}]}<\/script>\n<!-- \/ Yoast SEO plugin. -->","yoast_head_json":{"title":"LEEP Surgery Miami | Cirug\u00eda LEEP, Dr. Susan Fox","description":"Si se encuentran complicaciones cervicales o vaginales durante una prueba de Papanicolaou, Dr. Susan Fox recomienda LEEP Surgery. Llame al (305) 595-6488!","robots":{"index":"index","follow":"follow","max-snippet":"max-snippet:-1","max-image-preview":"max-image-preview:large","max-video-preview":"max-video-preview:-1"},"canonical":"https:\/\/obgynmiami.com\/es\/leep-biopsy\/","og_locale":"es_ES","og_type":"article","og_title":"LEEP Surgery Miami | Cirug\u00eda LEEP, Dr. Susan Fox","og_description":"Si se encuentran complicaciones cervicales o vaginales durante una prueba de Papanicolaou, Dr. Susan Fox recomienda LEEP Surgery. Llame al (305) 595-6488!","og_url":"https:\/\/obgynmiami.com\/es\/leep-biopsy\/","og_site_name":"Center For Women&#039;s Health And Wellness","article_publisher":"https:\/\/www.facebook.com\/pages\/Fox-Susan\/139797669401130?fref=ts","article_modified_time":"2017-01-02T21:24:44+00:00","twitter_card":"summary_large_image","twitter_site":"@drsusanfox","twitter_misc":{"Tiempo de lectura":"4 minutos"},"schema":{"@context":"https:\/\/schema.org","@graph":[{"@type":"WebPage","@id":"https:\/\/obgynmiami.com\/es\/leep-biopsy\/","url":"https:\/\/obgynmiami.com\/es\/leep-biopsy\/","name":"LEEP Surgery Miami | Cirug\u00eda LEEP, Dr. Susan Fox","isPartOf":{"@id":"https:\/\/obgynmiami.com\/#website"},"datePublished":"2015-11-18T14:58:00+00:00","dateModified":"2017-01-02T21:24:44+00:00","description":"Si se encuentran complicaciones cervicales o vaginales durante una prueba de Papanicolaou, Dr. Susan Fox recomienda LEEP Surgery. Llame al (305) 595-6488!","breadcrumb":{"@id":"https:\/\/obgynmiami.com\/es\/leep-biopsy\/#breadcrumb"},"inLanguage":"es","potentialAction":[{"@type":"ReadAction","target":["https:\/\/obgynmiami.com\/es\/leep-biopsy\/"]}]},{"@type":"BreadcrumbList","@id":"https:\/\/obgynmiami.com\/es\/leep-biopsy\/#breadcrumb","itemListElement":[{"@type":"ListItem","position":1,"name":"Home","item":"https:\/\/obgynmiami.com\/es\/inicio\/"},{"@type":"ListItem","position":2,"name":"Biopsia de LEEP"}]},{"@type":"WebSite","@id":"https:\/\/obgynmiami.com\/#website","url":"https:\/\/obgynmiami.com\/","name":"Center For Women&#039;s Health And Wellness","description":"Miami Obstetrician &amp; Gynecologist - OB-GYN in Kendall, Florida","publisher":{"@id":"https:\/\/obgynmiami.com\/#organization"},"potentialAction":[{"@type":"SearchAction","target":{"@type":"EntryPoint","urlTemplate":"https:\/\/obgynmiami.com\/?s={search_term_string}"},"query-input":{"@type":"PropertyValueSpecification","valueRequired":true,"valueName":"search_term_string"}}],"inLanguage":"es"},{"@type":"Organization","@id":"https:\/\/obgynmiami.com\/#organization","name":"Dr. Susan Fox D.O., OB-GYN","url":"https:\/\/obgynmiami.com\/","logo":{"@type":"ImageObject","inLanguage":"es","@id":"https:\/\/obgynmiami.com\/#\/schema\/logo\/image\/","url":"https:\/\/obgynmiami.com\/wp-content\/uploads\/2015\/11\/Susan-Fox-Logo-Bold.png","contentUrl":"https:\/\/obgynmiami.com\/wp-content\/uploads\/2015\/11\/Susan-Fox-Logo-Bold.png","width":300,"height":140,"caption":"Dr. Susan Fox D.O., OB-GYN"},"image":{"@id":"https:\/\/obgynmiami.com\/#\/schema\/logo\/image\/"},"sameAs":["https:\/\/www.facebook.com\/pages\/Fox-Susan\/139797669401130?fref=ts","https:\/\/x.com\/drsusanfox"]}]}},"jetpack_sharing_enabled":true,"jetpack_shortlink":"https:\/\/wp.me\/P8s4X2-Tc","_links":{"self":[{"href":"https:\/\/obgynmiami.com\/es\/wp-json\/wp\/v2\/pages\/3422","targetHints":{"allow":["GET"]}}],"collection":[{"href":"https:\/\/obgynmiami.com\/es\/wp-json\/wp\/v2\/pages"}],"about":[{"href":"https:\/\/obgynmiami.com\/es\/wp-json\/wp\/v2\/types\/page"}],"author":[{"embeddable":true,"href":"https:\/\/obgynmiami.com\/es\/wp-json\/wp\/v2\/users\/1"}],"replies":[{"embeddable":true,"href":"https:\/\/obgynmiami.com\/es\/wp-json\/wp\/v2\/comments?post=3422"}],"version-history":[{"count":0,"href":"https:\/\/obgynmiami.com\/es\/wp-json\/wp\/v2\/pages\/3422\/revisions"}],"wp:attachment":[{"href":"https:\/\/obgynmiami.com\/es\/wp-json\/wp\/v2\/media?parent=3422"}],"curies":[{"name":"wp","href":"https:\/\/api.w.org\/{rel}","templated":true}]}}