{"id":3423,"date":"2015-11-18T11:15:16","date_gmt":"2015-11-18T16:15:16","guid":{"rendered":"http:\/\/obgynmiami.com\/es\/nexplanon\/"},"modified":"2024-11-23T02:39:24","modified_gmt":"2024-11-23T07:39:24","slug":"nexplanon","status":"publish","type":"page","link":"https:\/\/obgynmiami.com\/es\/nexplanon\/","title":{"rendered":"Nexplanon"},"content":{"rendered":"<p>[vc_row rt_row_background_width=\u00bbfullwidth\u00bb rt_row_content_width=\u00bbdefault\u00bb rt_row_style=\u00bbdefault-style\u00bb rt_row_borders=\u00bb\u00bb rt_row_paddings=\u00bbtrue\u00bb rt_bg_image=\u00bb3127&#8243; rt_bg_effect=\u00bbclassic\u00bb rt_bg_image_repeat=\u00bbno-repeat\u00bb rt_bg_size=\u00bbauto auto\u00bb rt_bg_position=\u00bbcenter center\u00bb rt_bg_attachment=\u00bbscroll\u00bb rt_bg_video_format=\u00bbself-hosted\u00bb rt_padding_top=\u00bb100&#8243; rt_padding_bottom=\u00bb140&#8243;][vc_column rt_wrp_col_paddings=\u00bbfalse\u00bb rt_border_top=\u00bb\u00bb rt_border_bottom=\u00bb\u00bb rt_border_left=\u00bb\u00bb rt_border_right=\u00bb\u00bb rt_border_top_mobile=\u00bb\u00bb rt_border_bottom_mobile=\u00bb\u00bb rt_border_left_mobile=\u00bb\u00bb rt_border_right_mobile=\u00bb\u00bb rt_bg_image_repeat=\u00bbrepeat\u00bb rt_bg_size=\u00bbauto auto\u00bb rt_bg_position=\u00bbright top\u00bb rt_bg_attachment=\u00bbscroll\u00bb]<div class=\"rt_heading_wrapper style-4\">\n\t\t\t\t\t\t<h1 class=\"rt_heading  style-4\" >NEXPLANON<\/h1>\n\t\t\t\t\t<\/div>[\/vc_column][\/vc_row][vc_row rt_row_background_width=\u00bbfullwidth\u00bb rt_row_content_width=\u00bbdefault\u00bb rt_row_style=\u00bbdefault-style\u00bb rt_row_borders=\u00bb\u00bb rt_row_paddings=\u00bbtrue\u00bb rt_bg_effect=\u00bbclassic\u00bb rt_bg_image_repeat=\u00bbrepeat\u00bb rt_bg_size=\u00bbcover\u00bb rt_bg_position=\u00bbright top\u00bb rt_bg_attachment=\u00bbscroll\u00bb rt_bg_video_format=\u00bbself-hosted\u00bb][vc_column rt_wrp_col_paddings=\u00bbfalse\u00bb rt_border_top=\u00bb\u00bb rt_border_bottom=\u00bb\u00bb rt_border_left=\u00bb\u00bb rt_border_right=\u00bb\u00bb rt_border_top_mobile=\u00bb\u00bb rt_border_bottom_mobile=\u00bb\u00bb rt_border_left_mobile=\u00bb\u00bb rt_border_right_mobile=\u00bb\u00bb rt_bg_image_repeat=\u00bbrepeat\u00bb rt_bg_size=\u00bbauto auto\u00bb rt_bg_position=\u00bbright top\u00bb rt_bg_attachment=\u00bbscroll\u00bb][vc_column_text]<\/p>\n<h2>Implante de Nexplanon<\/h2>\n<p><img loading=\"lazy\" decoding=\"async\" class=\"alignright wp-image-3559 size-medium\" src=\"https:\/\/obgynmiami.com\/wp-content\/uploads\/2015\/11\/Nexplanon-300x197.jpg\" alt=\"Birth Control Arm Implant\" width=\"300\" height=\"197\" srcset=\"https:\/\/obgynmiami.com\/wp-content\/uploads\/2015\/11\/Nexplanon-300x197.jpg 300w, https:\/\/obgynmiami.com\/wp-content\/uploads\/2015\/11\/Nexplanon-768x505.jpg 768w, https:\/\/obgynmiami.com\/wp-content\/uploads\/2015\/11\/Nexplanon.jpg 1000w\" sizes=\"auto, (max-width: 300px) 100vw, 300px\" \/><\/p>\n<p><span style=\"font-weight: 400;\">Nexplanon, o el implante de etonogestrel, es una forma de prevenir el embarazo que se coloca debajo de la piel en el brazo de una paciente. El implante es flexible y peque\u00f1o con s\u00f3lo 1.6 pulgadas de longitud. Este m\u00e9todo anticonceptivo dura hasta 3 a\u00f1os y tiene m\u00e1s del 99% de efectividad. Nuestros expertos en el <\/span><span style=\"color: #ee6679;\"><b>Centro de Dra. Susan Fox para Mujeres<\/b><\/span><span style=\"font-weight: 400;\"> recomiendan Nexplanon a mujeres que buscan un m\u00e9todo anticonceptivo confiable que dura por largo tiempo pero no sea permanente. Si usted cambia de opini\u00f3n y desee quedarse embarazada,<br \/>\nNexplanon puede ser extra\u00eddo en cualquier momento por nuestros profesionales del cuidado m\u00e9dico.<\/span><\/p>\n<p><span style=\"font-weight: 400;\">\u00bfBusca un anticonceptivo con larga duraci\u00f3n de m\u00e1s de 3 a\u00f1os? \u00a1No hay problema! En nuestro <\/span><span style=\"color: #ee6679;\"><b>Centro de Dra. Susan Fox para Mujeres<\/b><\/span><span style=\"font-weight: 400;\">, podemos reemplazar su Nexplanon una vez que marque los tres primeros a\u00f1os con uno nuevo que dure tres a\u00f1os m\u00e1s. Nexplanon es una buena opci\u00f3n para las mujeres que quieren una opci\u00f3n m\u00e1s estable que las p\u00edldoras anticonceptivas, que requieren una rutina constante y fastidiosa.<\/span><\/p>\n<h2>\u00bfC\u00f3mo Funciona Nexplanon?<\/h2>\n<p><span style=\"font-weight: 400;\">Nexplanon libera una cantidad de progestina continua y controlada en el sistema. Progestina es una hormona sint\u00e9tica que se encuentra en varias p\u00edldoras anticonceptivas que impiden que los huevos fertilizados ingresen al \u00fatero. Como Nexplanon se coloca debajo la piel de su brazo, el embarazo se evitar\u00e1 mientras la hormona corre por su cuerpo.<\/span><\/p>\n<p><span style=\"font-weight: 400;\">Una vez que se haya reunido con uno de nuestros profesionales, se establecer\u00e1 una cita para implantar el Nexplanon. Para evitar el dolor, se adormecer\u00e1 la zona del brazo donde se coloca el Nexplanon. El proceso es bastante r\u00e1pido y sencillo, realizado justo en nuestra cl\u00ednica. Despu\u00e9s de la inserci\u00f3n, nuestros expertos sentir\u00e1n el implante en su brazo, asegur\u00e1ndose que est\u00e9 en su lugar. Si no se encuentra simplemente a trav\u00e9s un toque se le pedir\u00e1 que tome pastillas anticonceptivas hasta que pueda ser ubicado de diferente manera.<\/span><\/p>\n<h2>Efectos de Nexplanon<\/h2>\n<p><span style=\"font-weight: 400;\">Los efectos de Nexplanon var\u00edan de paciente a paciente, pero el efecto secundario m\u00e1s com\u00fan es un cambio en el ciclo menstrual. Algunas mujeres experimentan per\u00edodos m\u00e1s largos mientras que otras significativamente m\u00e1s cortos, o se les para el periodo completamente. Nexplanon ha sido completamente comprobado y aprobado por el FDA, haci\u00e9ndolo una opci\u00f3n segura en las mayor\u00edas de los casos. Algunos de los efectos secundarios normales incluyen:<\/span><\/p>\n<ul>\n<li style=\"font-weight: 400;\"><span style=\"font-weight: 400;\">Per\u00edodo menstrual anormal<\/span><\/li>\n<li style=\"font-weight: 400;\"><span style=\"font-weight: 400;\">Cansancio <\/span><\/li>\n<li style=\"font-weight: 400;\"><span style=\"font-weight: 400;\">N\u00e1useas<\/span><\/li>\n<li style=\"font-weight: 400;\"><span style=\"font-weight: 400;\">Depresi\u00f3n<\/span><\/li>\n<li style=\"font-weight: 400;\"><span style=\"font-weight: 400;\">Dolor de espalda<\/span><\/li>\n<li style=\"font-weight: 400;\"><span style=\"font-weight: 400;\">Cambio de apetito<\/span><\/li>\n<li style=\"font-weight: 400;\"><span style=\"font-weight: 400;\">Dolor en el sitio de inserci\u00f3n<\/span><\/li>\n<li style=\"font-weight: 400;\"><span style=\"font-weight: 400;\">Dolor de cabeza<\/span><\/li>\n<\/ul>\n<p><span style=\"font-weight: 400;\">Aunque no es com\u00fan, si usted cree que est\u00e1 embarazada mientras est\u00e1 usando el Nexplanon, debe comunicarse con nuestras oficinas inmediatamente. Un embarazo mientras usa Nexplanon tiene gran probabilidad de ser ect\u00f3pico, puede causar complicaciones serias y peligrosas para la vida.<\/span><\/p>\n<p><span style=\"font-weight: 400;\">Nexplanon hace el m\u00e9todo anticonceptivo, simple y sin problemas. Haz una cita con nuestros profesionales experimentados para determinar si Nexplanon es adecuado para usted. Llame a nuestro <\/span><span style=\"color: #ee6679;\"><b>Centro de Dra. Susan Fox para Mujeres\u00a0<\/b><\/span><span style=\"font-weight: 400;\">hoy al (305) 595-6488 o haga clic <strong><a href=\"http:\/\/obgynmiami.com\/es\/contact-us\/\" target=\"_blank\" rel=\"noopener noreferrer\">aqu\u00ed<\/a><\/strong>\u00a0para m\u00e1s informaci\u00f3n contacto.<\/span>[\/vc_column_text][\/vc_column][\/vc_row]<\/p>\n","protected":false},"excerpt":{"rendered":"<p>[vc_row rt_row_background_width=\u00bbfullwidth\u00bb rt_row_content_width=\u00bbdefault\u00bb rt_row_style=\u00bbdefault-style\u00bb rt_row_borders=\u00bb\u00bb rt_row_paddings=\u00bbtrue\u00bb rt_bg_image=\u00bb3127&#8243; rt_bg_effect=\u00bbclassic\u00bb rt_bg_image_repeat=\u00bbno-repeat\u00bb rt_bg_size=\u00bbauto auto\u00bb rt_bg_position=\u00bbcenter center\u00bb rt_bg_attachment=\u00bbscroll\u00bb rt_bg_video_format=\u00bbself-hosted\u00bb rt_padding_top=\u00bb100&#8243; rt_padding_bottom=\u00bb140&#8243;][vc_column rt_wrp_col_paddings=\u00bbfalse\u00bb rt_border_top=\u00bb\u00bb rt_border_bottom=\u00bb\u00bb rt_border_left=\u00bb\u00bb rt_border_right=\u00bb\u00bb rt_border_top_mobile=\u00bb\u00bb rt_border_bottom_mobile=\u00bb\u00bb rt_border_left_mobile=\u00bb\u00bb rt_border_right_mobile=\u00bb\u00bb rt_bg_image_repeat=\u00bbrepeat\u00bb rt_bg_size=\u00bbauto auto\u00bb rt_bg_position=\u00bbright top\u00bb rt_bg_attachment=\u00bbscroll\u00bb][\/vc_column][\/vc_row][vc_row rt_row_background_width=\u00bbfullwidth\u00bb rt_row_content_width=\u00bbdefault\u00bb rt_row_style=\u00bbdefault-style\u00bb rt_row_borders=\u00bb\u00bb rt_row_paddings=\u00bbtrue\u00bb rt_bg_effect=\u00bbclassic\u00bb rt_bg_image_repeat=\u00bbrepeat\u00bb rt_bg_size=\u00bbcover\u00bb rt_bg_position=\u00bbright top\u00bb rt_bg_attachment=\u00bbscroll\u00bb rt_bg_video_format=\u00bbself-hosted\u00bb][vc_column rt_wrp_col_paddings=\u00bbfalse\u00bb rt_border_top=\u00bb\u00bb rt_border_bottom=\u00bb\u00bb rt_border_left=\u00bb\u00bb rt_border_right=\u00bb\u00bb rt_border_top_mobile=\u00bb\u00bb rt_border_bottom_mobile=\u00bb\u00bb rt_border_left_mobile=\u00bb\u00bb rt_border_right_mobile=\u00bb\u00bb rt_bg_image_repeat=\u00bbrepeat\u00bb rt_bg_size=\u00bbauto [&hellip;]<\/p>\n","protected":false},"author":1,"featured_media":0,"parent":0,"menu_order":0,"comment_status":"closed","ping_status":"closed","template":"","meta":{"jetpack_post_was_ever_published":false,"footnotes":""},"class_list":["post-3423","page","type-page","status-publish","hentry"],"yoast_head":"<!-- This site is optimized with the Yoast SEO plugin v27.3 - https:\/\/yoast.com\/product\/yoast-seo-wordpress\/ -->\n<title>Implante de Brazo de Control de Natalidad | Dr. Susan Fox<\/title>\n<meta name=\"description\" content=\"Nexplanon Implante de Brazo de Control de Natalidad. Dra. Susan Fox le recomendamos Nexplanon para una forma de anticoncepci\u00f3n.\" \/>\n<meta name=\"robots\" content=\"index, follow, max-snippet:-1, max-image-preview:large, max-video-preview:-1\" \/>\n<link rel=\"canonical\" href=\"https:\/\/obgynmiami.com\/es\/nexplanon\/\" \/>\n<meta property=\"og:locale\" content=\"es_ES\" \/>\n<meta property=\"og:type\" content=\"article\" \/>\n<meta property=\"og:title\" content=\"Implante de Brazo de Control de Natalidad | Dr. Susan Fox\" \/>\n<meta property=\"og:description\" content=\"Nexplanon Implante de Brazo de Control de Natalidad. Dra. Susan Fox le recomendamos Nexplanon para una forma de anticoncepci\u00f3n.\" \/>\n<meta property=\"og:url\" content=\"https:\/\/obgynmiami.com\/es\/nexplanon\/\" \/>\n<meta property=\"og:site_name\" content=\"Center For Women&#039;s Health And Wellness\" \/>\n<meta property=\"article:publisher\" content=\"https:\/\/www.facebook.com\/pages\/Fox-Susan\/139797669401130?fref=ts\" \/>\n<meta property=\"article:modified_time\" content=\"2024-11-23T07:39:24+00:00\" \/>\n<meta property=\"og:image\" content=\"https:\/\/obgynmiami.com\/wp-content\/uploads\/2015\/11\/Nexplanon.jpg?wsr\" \/>\n\t<meta property=\"og:image:width\" content=\"1000\" \/>\n\t<meta property=\"og:image:height\" content=\"657\" \/>\n\t<meta property=\"og:image:type\" content=\"image\/jpeg\" \/>\n<meta name=\"twitter:card\" content=\"summary_large_image\" \/>\n<meta name=\"twitter:site\" content=\"@drsusanfox\" \/>\n<meta name=\"twitter:label1\" content=\"Tiempo de lectura\" \/>\n\t<meta name=\"twitter:data1\" content=\"3 minutos\" \/>\n<script type=\"application\/ld+json\" class=\"yoast-schema-graph\">{\"@context\":\"https:\\\/\\\/schema.org\",\"@graph\":[{\"@type\":\"WebPage\",\"@id\":\"https:\\\/\\\/obgynmiami.com\\\/es\\\/nexplanon\\\/\",\"url\":\"https:\\\/\\\/obgynmiami.com\\\/es\\\/nexplanon\\\/\",\"name\":\"Implante de Brazo de Control de Natalidad | Dr. Susan Fox\",\"isPartOf\":{\"@id\":\"https:\\\/\\\/obgynmiami.com\\\/#website\"},\"primaryImageOfPage\":{\"@id\":\"https:\\\/\\\/obgynmiami.com\\\/es\\\/nexplanon\\\/#primaryimage\"},\"image\":{\"@id\":\"https:\\\/\\\/obgynmiami.com\\\/es\\\/nexplanon\\\/#primaryimage\"},\"thumbnailUrl\":\"https:\\\/\\\/obgynmiami.com\\\/wp-content\\\/uploads\\\/2015\\\/11\\\/Nexplanon-300x197.jpg\",\"datePublished\":\"2015-11-18T16:15:16+00:00\",\"dateModified\":\"2024-11-23T07:39:24+00:00\",\"description\":\"Nexplanon Implante de Brazo de Control de Natalidad. Dra. Susan Fox le recomendamos Nexplanon para una forma de anticoncepci\u00f3n.\",\"breadcrumb\":{\"@id\":\"https:\\\/\\\/obgynmiami.com\\\/es\\\/nexplanon\\\/#breadcrumb\"},\"inLanguage\":\"es\",\"potentialAction\":[{\"@type\":\"ReadAction\",\"target\":[\"https:\\\/\\\/obgynmiami.com\\\/es\\\/nexplanon\\\/\"]}]},{\"@type\":\"ImageObject\",\"inLanguage\":\"es\",\"@id\":\"https:\\\/\\\/obgynmiami.com\\\/es\\\/nexplanon\\\/#primaryimage\",\"url\":\"https:\\\/\\\/obgynmiami.com\\\/wp-content\\\/uploads\\\/2015\\\/11\\\/Nexplanon-300x197.jpg\",\"contentUrl\":\"https:\\\/\\\/obgynmiami.com\\\/wp-content\\\/uploads\\\/2015\\\/11\\\/Nexplanon-300x197.jpg\"},{\"@type\":\"BreadcrumbList\",\"@id\":\"https:\\\/\\\/obgynmiami.com\\\/es\\\/nexplanon\\\/#breadcrumb\",\"itemListElement\":[{\"@type\":\"ListItem\",\"position\":1,\"name\":\"Home\",\"item\":\"https:\\\/\\\/obgynmiami.com\\\/es\\\/inicio\\\/\"},{\"@type\":\"ListItem\",\"position\":2,\"name\":\"Nexplanon\"}]},{\"@type\":\"WebSite\",\"@id\":\"https:\\\/\\\/obgynmiami.com\\\/#website\",\"url\":\"https:\\\/\\\/obgynmiami.com\\\/\",\"name\":\"Center For Women&#039;s Health And Wellness\",\"description\":\"Miami Obstetrician &amp; Gynecologist - OB-GYN in Kendall, Florida\",\"publisher\":{\"@id\":\"https:\\\/\\\/obgynmiami.com\\\/#organization\"},\"potentialAction\":[{\"@type\":\"SearchAction\",\"target\":{\"@type\":\"EntryPoint\",\"urlTemplate\":\"https:\\\/\\\/obgynmiami.com\\\/?s={search_term_string}\"},\"query-input\":{\"@type\":\"PropertyValueSpecification\",\"valueRequired\":true,\"valueName\":\"search_term_string\"}}],\"inLanguage\":\"es\"},{\"@type\":\"Organization\",\"@id\":\"https:\\\/\\\/obgynmiami.com\\\/#organization\",\"name\":\"Dr. Susan Fox D.O., OB-GYN\",\"url\":\"https:\\\/\\\/obgynmiami.com\\\/\",\"logo\":{\"@type\":\"ImageObject\",\"inLanguage\":\"es\",\"@id\":\"https:\\\/\\\/obgynmiami.com\\\/#\\\/schema\\\/logo\\\/image\\\/\",\"url\":\"https:\\\/\\\/obgynmiami.com\\\/wp-content\\\/uploads\\\/2015\\\/11\\\/Susan-Fox-Logo-Bold.png\",\"contentUrl\":\"https:\\\/\\\/obgynmiami.com\\\/wp-content\\\/uploads\\\/2015\\\/11\\\/Susan-Fox-Logo-Bold.png\",\"width\":300,\"height\":140,\"caption\":\"Dr. Susan Fox D.O., OB-GYN\"},\"image\":{\"@id\":\"https:\\\/\\\/obgynmiami.com\\\/#\\\/schema\\\/logo\\\/image\\\/\"},\"sameAs\":[\"https:\\\/\\\/www.facebook.com\\\/pages\\\/Fox-Susan\\\/139797669401130?fref=ts\",\"https:\\\/\\\/x.com\\\/drsusanfox\"]}]}<\/script>\n<!-- \/ Yoast SEO plugin. -->","yoast_head_json":{"title":"Implante de Brazo de Control de Natalidad | Dr. Susan Fox","description":"Nexplanon Implante de Brazo de Control de Natalidad. Dra. Susan Fox le recomendamos Nexplanon para una forma de anticoncepci\u00f3n.","robots":{"index":"index","follow":"follow","max-snippet":"max-snippet:-1","max-image-preview":"max-image-preview:large","max-video-preview":"max-video-preview:-1"},"canonical":"https:\/\/obgynmiami.com\/es\/nexplanon\/","og_locale":"es_ES","og_type":"article","og_title":"Implante de Brazo de Control de Natalidad | Dr. Susan Fox","og_description":"Nexplanon Implante de Brazo de Control de Natalidad. Dra. Susan Fox le recomendamos Nexplanon para una forma de anticoncepci\u00f3n.","og_url":"https:\/\/obgynmiami.com\/es\/nexplanon\/","og_site_name":"Center For Women&#039;s Health And Wellness","article_publisher":"https:\/\/www.facebook.com\/pages\/Fox-Susan\/139797669401130?fref=ts","article_modified_time":"2024-11-23T07:39:24+00:00","og_image":[{"width":1000,"height":657,"url":"https:\/\/obgynmiami.com\/wp-content\/uploads\/2015\/11\/Nexplanon.jpg?wsr","type":"image\/jpeg"}],"twitter_card":"summary_large_image","twitter_site":"@drsusanfox","twitter_misc":{"Tiempo de lectura":"3 minutos"},"schema":{"@context":"https:\/\/schema.org","@graph":[{"@type":"WebPage","@id":"https:\/\/obgynmiami.com\/es\/nexplanon\/","url":"https:\/\/obgynmiami.com\/es\/nexplanon\/","name":"Implante de Brazo de Control de Natalidad | Dr. Susan Fox","isPartOf":{"@id":"https:\/\/obgynmiami.com\/#website"},"primaryImageOfPage":{"@id":"https:\/\/obgynmiami.com\/es\/nexplanon\/#primaryimage"},"image":{"@id":"https:\/\/obgynmiami.com\/es\/nexplanon\/#primaryimage"},"thumbnailUrl":"https:\/\/obgynmiami.com\/wp-content\/uploads\/2015\/11\/Nexplanon-300x197.jpg","datePublished":"2015-11-18T16:15:16+00:00","dateModified":"2024-11-23T07:39:24+00:00","description":"Nexplanon Implante de Brazo de Control de Natalidad. Dra. Susan Fox le recomendamos Nexplanon para una forma de anticoncepci\u00f3n.","breadcrumb":{"@id":"https:\/\/obgynmiami.com\/es\/nexplanon\/#breadcrumb"},"inLanguage":"es","potentialAction":[{"@type":"ReadAction","target":["https:\/\/obgynmiami.com\/es\/nexplanon\/"]}]},{"@type":"ImageObject","inLanguage":"es","@id":"https:\/\/obgynmiami.com\/es\/nexplanon\/#primaryimage","url":"https:\/\/obgynmiami.com\/wp-content\/uploads\/2015\/11\/Nexplanon-300x197.jpg","contentUrl":"https:\/\/obgynmiami.com\/wp-content\/uploads\/2015\/11\/Nexplanon-300x197.jpg"},{"@type":"BreadcrumbList","@id":"https:\/\/obgynmiami.com\/es\/nexplanon\/#breadcrumb","itemListElement":[{"@type":"ListItem","position":1,"name":"Home","item":"https:\/\/obgynmiami.com\/es\/inicio\/"},{"@type":"ListItem","position":2,"name":"Nexplanon"}]},{"@type":"WebSite","@id":"https:\/\/obgynmiami.com\/#website","url":"https:\/\/obgynmiami.com\/","name":"Center For Women&#039;s Health And Wellness","description":"Miami Obstetrician &amp; Gynecologist - OB-GYN in Kendall, Florida","publisher":{"@id":"https:\/\/obgynmiami.com\/#organization"},"potentialAction":[{"@type":"SearchAction","target":{"@type":"EntryPoint","urlTemplate":"https:\/\/obgynmiami.com\/?s={search_term_string}"},"query-input":{"@type":"PropertyValueSpecification","valueRequired":true,"valueName":"search_term_string"}}],"inLanguage":"es"},{"@type":"Organization","@id":"https:\/\/obgynmiami.com\/#organization","name":"Dr. Susan Fox D.O., OB-GYN","url":"https:\/\/obgynmiami.com\/","logo":{"@type":"ImageObject","inLanguage":"es","@id":"https:\/\/obgynmiami.com\/#\/schema\/logo\/image\/","url":"https:\/\/obgynmiami.com\/wp-content\/uploads\/2015\/11\/Susan-Fox-Logo-Bold.png","contentUrl":"https:\/\/obgynmiami.com\/wp-content\/uploads\/2015\/11\/Susan-Fox-Logo-Bold.png","width":300,"height":140,"caption":"Dr. Susan Fox D.O., OB-GYN"},"image":{"@id":"https:\/\/obgynmiami.com\/#\/schema\/logo\/image\/"},"sameAs":["https:\/\/www.facebook.com\/pages\/Fox-Susan\/139797669401130?fref=ts","https:\/\/x.com\/drsusanfox"]}]}},"jetpack_sharing_enabled":true,"jetpack_shortlink":"https:\/\/wp.me\/P8s4X2-Td","_links":{"self":[{"href":"https:\/\/obgynmiami.com\/es\/wp-json\/wp\/v2\/pages\/3423","targetHints":{"allow":["GET"]}}],"collection":[{"href":"https:\/\/obgynmiami.com\/es\/wp-json\/wp\/v2\/pages"}],"about":[{"href":"https:\/\/obgynmiami.com\/es\/wp-json\/wp\/v2\/types\/page"}],"author":[{"embeddable":true,"href":"https:\/\/obgynmiami.com\/es\/wp-json\/wp\/v2\/users\/1"}],"replies":[{"embeddable":true,"href":"https:\/\/obgynmiami.com\/es\/wp-json\/wp\/v2\/comments?post=3423"}],"version-history":[{"count":0,"href":"https:\/\/obgynmiami.com\/es\/wp-json\/wp\/v2\/pages\/3423\/revisions"}],"wp:attachment":[{"href":"https:\/\/obgynmiami.com\/es\/wp-json\/wp\/v2\/media?parent=3423"}],"curies":[{"name":"wp","href":"https:\/\/api.w.org\/{rel}","templated":true}]}}