{"id":3425,"date":"2015-11-18T10:57:46","date_gmt":"2015-11-18T15:57:46","guid":{"rendered":"http:\/\/obgynmiami.com\/es\/well-woman-exam\/"},"modified":"2017-06-27T13:15:10","modified_gmt":"2017-06-27T18:15:10","slug":"well-woman-exam","status":"publish","type":"page","link":"https:\/\/obgynmiami.com\/es\/well-woman-exam\/","title":{"rendered":"Examen Ginec\u00f3logo"},"content":{"rendered":"<p>[vc_row rt_row_background_width=\u00bbfullwidth\u00bb rt_row_content_width=\u00bbdefault\u00bb rt_row_style=\u00bbdefault-style\u00bb rt_row_borders=\u00bb\u00bb rt_row_paddings=\u00bbtrue\u00bb rt_bg_image=\u00bb3127&#8243; rt_bg_effect=\u00bbclassic\u00bb rt_bg_image_repeat=\u00bbno-repeat\u00bb rt_bg_size=\u00bbauto auto\u00bb rt_bg_position=\u00bbcenter center\u00bb rt_bg_attachment=\u00bbscroll\u00bb rt_bg_video_format=\u00bbself-hosted\u00bb rt_padding_top=\u00bb100&#8243; rt_padding_bottom=\u00bb140&#8243;][vc_column rt_bg_image_repeat=\u00bbrepeat\u00bb rt_bg_size=\u00bbauto auto\u00bb rt_bg_attachment=\u00bbscroll\u00bb]<div class=\"rt_heading_wrapper style-4\">\n\t\t\t\t\t\t<h1 class=\"rt_heading  style-4\" >EXAMEN GINECOL\u00d3GICO<\/h1>\n\t\t\t\t\t<\/div>[\/vc_column][\/vc_row][vc_row rt_row_background_width=\u00bbfullwidth\u00bb rt_row_content_width=\u00bbdefault\u00bb rt_row_style=\u00bbdefault-style\u00bb rt_row_borders=\u00bb\u00bb rt_row_paddings=\u00bbtrue\u00bb rt_bg_effect=\u00bbclassic\u00bb rt_bg_image_repeat=\u00bbrepeat\u00bb rt_bg_size=\u00bbcover\u00bb rt_bg_position=\u00bbright top\u00bb rt_bg_attachment=\u00bbscroll\u00bb rt_bg_video_format=\u00bbself-hosted\u00bb][vc_column rt_bg_image_repeat=\u00bbrepeat\u00bb rt_bg_size=\u00bbauto auto\u00bb rt_bg_attachment=\u00bbscroll\u00bb][vc_column_text]<\/p>\n<h2><b>Prueba de Papanicolaou<\/b><\/h2>\n<p><span style=\"font-weight: 400;\">Deben realizarse ex\u00e1menes ginecol\u00f3gicos anuales para asegurar que su cuerpo es sano y funcione correctamente. Las mujeres deben hacerse su primer examen realizado a la edad de 21, o tres a\u00f1os despu\u00e9s de convertirse en sexualmente activos. Despu\u00e9s de su primer examen en el <\/span><span style=\"color: #ee6679;\"><b>Centro de Dra. Susan Fox para Mujeres<\/b><\/span><span style=\"font-weight: 400;\">, nuestros expertos m\u00e9dicos forenses podr\u00e1n determinar cu\u00e1nto debe regresar para un chequeo, pero el per\u00edodo de tiempo recomendado t\u00edpico es dentro de un a\u00f1o.<\/span><\/p>\n<p><span style=\"font-weight: 400;\">Algunas mujeres pueden sentirse nerviosos y ansiosos cuando programar una cita de Ginecolog\u00eda. Muchos temen que el proceso sea inc\u00f3modo o incluso doloroso. El <\/span><span style=\"color: #ee6679;\"><b>Centro de Dra. Susan Fox para Mujeres<\/b><\/span><span style=\"font-weight: 400;\">, reconocemos que muchas mujeres se sienten as\u00ed y es nuestro objetivo para asegurar que cada paciente que entra en nuestra cl\u00ednica se siente c\u00f3modo, seguro y c\u00f3modo. Nuestros profesionales tener especial cuidado en la realizaci\u00f3n de ex\u00e1menes r\u00e1pidos y eficaces que ser\u00e1n informativo y \u00fatil.<\/span><\/p>\n<p><span style=\"font-weight: 400;\">Una prueba de Papanicolaou es una parte t\u00edpica de un examen ginecol\u00f3gico. Este examen se realiza para buscar signos tempranos de anormalidades serias tales como c\u00e1ncer de cuello uterino. Los resultados de un Papanicolau permitir\u00e1 a nuestros expertos abordar el tema en sus etapas iniciales y podr\u00eda potencialmente para ser vida ahorro.<\/span><\/p>\n<p>&nbsp;<\/p>\n<h2><b>Examen P\u00e9lvico<\/b><\/h2>\n<p><span style=\"font-weight: 400;\">El mejor momento para hacerse un Papanicolau hecho es dentro de 10 a 20 d\u00edas despu\u00e9s de tu ciclo menstrual, evitando el uso de productos vaginales, actividad sexual y las duchas vaginales durante los d\u00edas previos a la cita. Una vez que se encuentra debidamente y ha comenzado el procedimiento, nuestros profesionales examinar\u00e1 las regiones genitales circundantes, como la uretra, para asegurar que todo est\u00e1 normal.<\/span><\/p>\n<p><span style=\"font-weight: 400;\">Luego se inserta un esp\u00e9culo en el canal del parto para obtener una imagen cercana a la vagina y el cuello uterino. Luego se utiliza un cepillo cervical para raspar algunas zonas y recoger una muestra endocervical y ectocervical. Estas muestras se env\u00edan a un laboratorio para pruebas y evaluaci\u00f3n.<\/span><\/p>\n<p><span style=\"font-weight: 400;\">Otro proceso rutinario que puede esperar de su visita de ginecolog\u00eda en el <\/span><span style=\"color: #ee6679;\"><b>Centro de Dra. Susan Fox para Mujeres<\/b><\/span><span style=\"font-weight: 400;\">, es un examen p\u00e9lvico. Este examen es relativamente corto y nuestros profesionales hacen todo a su alcance para ayudarle a sentirse tranquilo y relajado.<\/span><\/p>\n<p><span style=\"font-weight: 400;\">Despu\u00e9s de ser dirigido a posicionarte en la posici\u00f3n correcta, nuestros m\u00e9dicos expertos examinar\u00e1 las \u00e1reas externas que rodean la vagina, como los pliegues de la vulva, para detectar cualquier signo de flujo anormal, quistes, inflamaci\u00f3n o verrugas genitales. Entonces se utilizar\u00e1 un esp\u00e9culo para garantizar una f\u00e1cil abertura para nuestros especialistas recoger las muestras necesarias que se probar\u00e1 para varios aspectos.<\/span><\/p>\n<p>&nbsp;<\/p>\n<h3><b>Mejor Ginec\u00f3logo en Miami<\/b><\/h3>\n<p><span style=\"font-weight: 400;\">Durante la porci\u00f3n bimanual de este examen, el m\u00e9dico inserta dos dedos enguantados en la vagina, colocando una mano sobre el abdomen para buscar cualquier sensibilidad, inflamaci\u00f3n o agrandamiento del \u00fatero. Tambi\u00e9n pueden encontrar tumores ni quistes existentes durante este proceso.<\/span><\/p>\n<p><span style=\"font-weight: 400;\">El <\/span><span style=\"color: #ee6679;\"><b>Centro de Dra. Susan Fox para Mujeres<\/b><\/span><span style=\"font-weight: 400;\"> se dedica a proporcionar servicios de salud de las mujeres mejores del sur de Florida. Comun\u00edquese con nosotros hoy al (305) 595-6488 o haga clic <\/span><b><a href=\"http:\/\/obgynmiami.com\/es\/contact-us\/\" target=\"_blank\" rel=\"noopener noreferrer\">aqu\u00ed<\/a><\/b><span style=\"font-weight: 400;\"> para programar una cita con nuestros m\u00e9dicos expertos y aseg\u00farese de que su cuerpo recibe la atenci\u00f3n que se merece.<\/span>[\/vc_column_text][\/vc_column][\/vc_row]<\/p>\n","protected":false},"excerpt":{"rendered":"<p>[vc_row rt_row_background_width=\u00bbfullwidth\u00bb rt_row_content_width=\u00bbdefault\u00bb rt_row_style=\u00bbdefault-style\u00bb rt_row_borders=\u00bb\u00bb rt_row_paddings=\u00bbtrue\u00bb rt_bg_image=\u00bb3127&#8243; rt_bg_effect=\u00bbclassic\u00bb rt_bg_image_repeat=\u00bbno-repeat\u00bb rt_bg_size=\u00bbauto auto\u00bb rt_bg_position=\u00bbcenter center\u00bb rt_bg_attachment=\u00bbscroll\u00bb rt_bg_video_format=\u00bbself-hosted\u00bb rt_padding_top=\u00bb100&#8243; rt_padding_bottom=\u00bb140&#8243;][vc_column rt_bg_image_repeat=\u00bbrepeat\u00bb rt_bg_size=\u00bbauto auto\u00bb rt_bg_attachment=\u00bbscroll\u00bb][\/vc_column][\/vc_row][vc_row rt_row_background_width=\u00bbfullwidth\u00bb rt_row_content_width=\u00bbdefault\u00bb rt_row_style=\u00bbdefault-style\u00bb rt_row_borders=\u00bb\u00bb rt_row_paddings=\u00bbtrue\u00bb rt_bg_effect=\u00bbclassic\u00bb rt_bg_image_repeat=\u00bbrepeat\u00bb rt_bg_size=\u00bbcover\u00bb rt_bg_position=\u00bbright top\u00bb rt_bg_attachment=\u00bbscroll\u00bb rt_bg_video_format=\u00bbself-hosted\u00bb][vc_column rt_bg_image_repeat=\u00bbrepeat\u00bb rt_bg_size=\u00bbauto auto\u00bb rt_bg_attachment=\u00bbscroll\u00bb][vc_column_text] Prueba de Papanicolaou Deben realizarse ex\u00e1menes ginecol\u00f3gicos anuales para asegurar que su cuerpo es sano y funcione correctamente. [&hellip;]<\/p>\n","protected":false},"author":1,"featured_media":0,"parent":0,"menu_order":0,"comment_status":"closed","ping_status":"closed","template":"","meta":{"jetpack_post_was_ever_published":false,"footnotes":""},"class_list":["post-3425","page","type-page","status-publish","hentry"],"yoast_head":"<!-- This site is optimized with the Yoast SEO plugin v27.3 - https:\/\/yoast.com\/product\/yoast-seo-wordpress\/ -->\n<title>Pap Smear Test Miami | Pelvic Exam<\/title>\n<meta name=\"description\" content=\"Dr. Susan Fox\u2019s Center for Women is dedicated to providing the best women\u2019s health care services in South Florida. Schedule Pap Smear Test at (305) 595-6488\" \/>\n<meta name=\"robots\" content=\"index, follow, max-snippet:-1, max-image-preview:large, max-video-preview:-1\" \/>\n<link rel=\"canonical\" href=\"https:\/\/obgynmiami.com\/es\/well-woman-exam\/\" \/>\n<meta property=\"og:locale\" content=\"es_ES\" \/>\n<meta property=\"og:type\" content=\"article\" \/>\n<meta property=\"og:title\" content=\"Pap Smear Test Miami | Pelvic Exam\" \/>\n<meta property=\"og:description\" content=\"Dr. Susan Fox\u2019s Center for Women is dedicated to providing the best women\u2019s health care services in South Florida. Schedule Pap Smear Test at (305) 595-6488\" \/>\n<meta property=\"og:url\" content=\"https:\/\/obgynmiami.com\/es\/well-woman-exam\/\" \/>\n<meta property=\"og:site_name\" content=\"Center For Women&#039;s Health And Wellness\" \/>\n<meta property=\"article:publisher\" content=\"https:\/\/www.facebook.com\/pages\/Fox-Susan\/139797669401130?fref=ts\" \/>\n<meta property=\"article:modified_time\" content=\"2017-06-27T18:15:10+00:00\" \/>\n<meta name=\"twitter:card\" content=\"summary_large_image\" \/>\n<meta name=\"twitter:site\" content=\"@drsusanfox\" \/>\n<meta name=\"twitter:label1\" content=\"Tiempo de lectura\" \/>\n\t<meta name=\"twitter:data1\" content=\"4 minutos\" \/>\n<script type=\"application\/ld+json\" class=\"yoast-schema-graph\">{\"@context\":\"https:\\\/\\\/schema.org\",\"@graph\":[{\"@type\":\"WebPage\",\"@id\":\"https:\\\/\\\/obgynmiami.com\\\/es\\\/well-woman-exam\\\/\",\"url\":\"https:\\\/\\\/obgynmiami.com\\\/es\\\/well-woman-exam\\\/\",\"name\":\"Pap Smear Test Miami | Pelvic Exam\",\"isPartOf\":{\"@id\":\"https:\\\/\\\/obgynmiami.com\\\/#website\"},\"datePublished\":\"2015-11-18T15:57:46+00:00\",\"dateModified\":\"2017-06-27T18:15:10+00:00\",\"description\":\"Dr. Susan Fox\u2019s Center for Women is dedicated to providing the best women\u2019s health care services in South Florida. Schedule Pap Smear Test at (305) 595-6488\",\"breadcrumb\":{\"@id\":\"https:\\\/\\\/obgynmiami.com\\\/es\\\/well-woman-exam\\\/#breadcrumb\"},\"inLanguage\":\"es\",\"potentialAction\":[{\"@type\":\"ReadAction\",\"target\":[\"https:\\\/\\\/obgynmiami.com\\\/es\\\/well-woman-exam\\\/\"]}]},{\"@type\":\"BreadcrumbList\",\"@id\":\"https:\\\/\\\/obgynmiami.com\\\/es\\\/well-woman-exam\\\/#breadcrumb\",\"itemListElement\":[{\"@type\":\"ListItem\",\"position\":1,\"name\":\"Home\",\"item\":\"https:\\\/\\\/obgynmiami.com\\\/es\\\/inicio\\\/\"},{\"@type\":\"ListItem\",\"position\":2,\"name\":\"Examen Ginec\u00f3logo\"}]},{\"@type\":\"WebSite\",\"@id\":\"https:\\\/\\\/obgynmiami.com\\\/#website\",\"url\":\"https:\\\/\\\/obgynmiami.com\\\/\",\"name\":\"Center For Women&#039;s Health And Wellness\",\"description\":\"Miami Obstetrician &amp; Gynecologist - OB-GYN in Kendall, Florida\",\"publisher\":{\"@id\":\"https:\\\/\\\/obgynmiami.com\\\/#organization\"},\"potentialAction\":[{\"@type\":\"SearchAction\",\"target\":{\"@type\":\"EntryPoint\",\"urlTemplate\":\"https:\\\/\\\/obgynmiami.com\\\/?s={search_term_string}\"},\"query-input\":{\"@type\":\"PropertyValueSpecification\",\"valueRequired\":true,\"valueName\":\"search_term_string\"}}],\"inLanguage\":\"es\"},{\"@type\":\"Organization\",\"@id\":\"https:\\\/\\\/obgynmiami.com\\\/#organization\",\"name\":\"Dr. Susan Fox D.O., OB-GYN\",\"url\":\"https:\\\/\\\/obgynmiami.com\\\/\",\"logo\":{\"@type\":\"ImageObject\",\"inLanguage\":\"es\",\"@id\":\"https:\\\/\\\/obgynmiami.com\\\/#\\\/schema\\\/logo\\\/image\\\/\",\"url\":\"https:\\\/\\\/obgynmiami.com\\\/wp-content\\\/uploads\\\/2015\\\/11\\\/Susan-Fox-Logo-Bold.png\",\"contentUrl\":\"https:\\\/\\\/obgynmiami.com\\\/wp-content\\\/uploads\\\/2015\\\/11\\\/Susan-Fox-Logo-Bold.png\",\"width\":300,\"height\":140,\"caption\":\"Dr. Susan Fox D.O., OB-GYN\"},\"image\":{\"@id\":\"https:\\\/\\\/obgynmiami.com\\\/#\\\/schema\\\/logo\\\/image\\\/\"},\"sameAs\":[\"https:\\\/\\\/www.facebook.com\\\/pages\\\/Fox-Susan\\\/139797669401130?fref=ts\",\"https:\\\/\\\/x.com\\\/drsusanfox\"]}]}<\/script>\n<!-- \/ Yoast SEO plugin. -->","yoast_head_json":{"title":"Pap Smear Test Miami | Pelvic Exam","description":"Dr. Susan Fox\u2019s Center for Women is dedicated to providing the best women\u2019s health care services in South Florida. Schedule Pap Smear Test at (305) 595-6488","robots":{"index":"index","follow":"follow","max-snippet":"max-snippet:-1","max-image-preview":"max-image-preview:large","max-video-preview":"max-video-preview:-1"},"canonical":"https:\/\/obgynmiami.com\/es\/well-woman-exam\/","og_locale":"es_ES","og_type":"article","og_title":"Pap Smear Test Miami | Pelvic Exam","og_description":"Dr. Susan Fox\u2019s Center for Women is dedicated to providing the best women\u2019s health care services in South Florida. Schedule Pap Smear Test at (305) 595-6488","og_url":"https:\/\/obgynmiami.com\/es\/well-woman-exam\/","og_site_name":"Center For Women&#039;s Health And Wellness","article_publisher":"https:\/\/www.facebook.com\/pages\/Fox-Susan\/139797669401130?fref=ts","article_modified_time":"2017-06-27T18:15:10+00:00","twitter_card":"summary_large_image","twitter_site":"@drsusanfox","twitter_misc":{"Tiempo de lectura":"4 minutos"},"schema":{"@context":"https:\/\/schema.org","@graph":[{"@type":"WebPage","@id":"https:\/\/obgynmiami.com\/es\/well-woman-exam\/","url":"https:\/\/obgynmiami.com\/es\/well-woman-exam\/","name":"Pap Smear Test Miami | Pelvic Exam","isPartOf":{"@id":"https:\/\/obgynmiami.com\/#website"},"datePublished":"2015-11-18T15:57:46+00:00","dateModified":"2017-06-27T18:15:10+00:00","description":"Dr. Susan Fox\u2019s Center for Women is dedicated to providing the best women\u2019s health care services in South Florida. Schedule Pap Smear Test at (305) 595-6488","breadcrumb":{"@id":"https:\/\/obgynmiami.com\/es\/well-woman-exam\/#breadcrumb"},"inLanguage":"es","potentialAction":[{"@type":"ReadAction","target":["https:\/\/obgynmiami.com\/es\/well-woman-exam\/"]}]},{"@type":"BreadcrumbList","@id":"https:\/\/obgynmiami.com\/es\/well-woman-exam\/#breadcrumb","itemListElement":[{"@type":"ListItem","position":1,"name":"Home","item":"https:\/\/obgynmiami.com\/es\/inicio\/"},{"@type":"ListItem","position":2,"name":"Examen Ginec\u00f3logo"}]},{"@type":"WebSite","@id":"https:\/\/obgynmiami.com\/#website","url":"https:\/\/obgynmiami.com\/","name":"Center For Women&#039;s Health And Wellness","description":"Miami Obstetrician &amp; Gynecologist - OB-GYN in Kendall, Florida","publisher":{"@id":"https:\/\/obgynmiami.com\/#organization"},"potentialAction":[{"@type":"SearchAction","target":{"@type":"EntryPoint","urlTemplate":"https:\/\/obgynmiami.com\/?s={search_term_string}"},"query-input":{"@type":"PropertyValueSpecification","valueRequired":true,"valueName":"search_term_string"}}],"inLanguage":"es"},{"@type":"Organization","@id":"https:\/\/obgynmiami.com\/#organization","name":"Dr. Susan Fox D.O., OB-GYN","url":"https:\/\/obgynmiami.com\/","logo":{"@type":"ImageObject","inLanguage":"es","@id":"https:\/\/obgynmiami.com\/#\/schema\/logo\/image\/","url":"https:\/\/obgynmiami.com\/wp-content\/uploads\/2015\/11\/Susan-Fox-Logo-Bold.png","contentUrl":"https:\/\/obgynmiami.com\/wp-content\/uploads\/2015\/11\/Susan-Fox-Logo-Bold.png","width":300,"height":140,"caption":"Dr. Susan Fox D.O., OB-GYN"},"image":{"@id":"https:\/\/obgynmiami.com\/#\/schema\/logo\/image\/"},"sameAs":["https:\/\/www.facebook.com\/pages\/Fox-Susan\/139797669401130?fref=ts","https:\/\/x.com\/drsusanfox"]}]}},"jetpack_sharing_enabled":true,"jetpack_shortlink":"https:\/\/wp.me\/P8s4X2-Tf","_links":{"self":[{"href":"https:\/\/obgynmiami.com\/es\/wp-json\/wp\/v2\/pages\/3425","targetHints":{"allow":["GET"]}}],"collection":[{"href":"https:\/\/obgynmiami.com\/es\/wp-json\/wp\/v2\/pages"}],"about":[{"href":"https:\/\/obgynmiami.com\/es\/wp-json\/wp\/v2\/types\/page"}],"author":[{"embeddable":true,"href":"https:\/\/obgynmiami.com\/es\/wp-json\/wp\/v2\/users\/1"}],"replies":[{"embeddable":true,"href":"https:\/\/obgynmiami.com\/es\/wp-json\/wp\/v2\/comments?post=3425"}],"version-history":[{"count":0,"href":"https:\/\/obgynmiami.com\/es\/wp-json\/wp\/v2\/pages\/3425\/revisions"}],"wp:attachment":[{"href":"https:\/\/obgynmiami.com\/es\/wp-json\/wp\/v2\/media?parent=3425"}],"curies":[{"name":"wp","href":"https:\/\/api.w.org\/{rel}","templated":true}]}}