{"id":3427,"date":"2015-11-30T13:59:09","date_gmt":"2015-11-30T18:59:09","guid":{"rendered":"http:\/\/obgynmiami.com\/es\/natural-hormone-rejuvenation\/"},"modified":"2024-11-23T02:40:33","modified_gmt":"2024-11-23T07:40:33","slug":"natural-hormone-rejuvenation","status":"publish","type":"page","link":"https:\/\/obgynmiami.com\/es\/natural-hormone-rejuvenation\/","title":{"rendered":"Rejuvenecimiento Hormona Natural"},"content":{"rendered":"<p>[vc_row rt_row_background_width=\u00bbfullwidth\u00bb rt_row_content_width=\u00bbdefault\u00bb rt_row_style=\u00bbdefault-style\u00bb rt_row_borders=\u00bb\u00bb rt_row_paddings=\u00bbtrue\u00bb rt_bg_image=\u00bb3127&#8243; rt_bg_effect=\u00bbclassic\u00bb rt_bg_image_repeat=\u00bbno-repeat\u00bb rt_bg_size=\u00bbauto auto\u00bb rt_bg_position=\u00bbcenter center\u00bb rt_bg_attachment=\u00bbscroll\u00bb rt_bg_video_format=\u00bbself-hosted\u00bb rt_padding_top=\u00bb100&#8243; rt_padding_bottom=\u00bb140&#8243;][vc_column rt_wrp_col_paddings=\u00bbfalse\u00bb rt_border_top=\u00bb\u00bb rt_border_bottom=\u00bb\u00bb rt_border_left=\u00bb\u00bb rt_border_right=\u00bb\u00bb rt_border_top_mobile=\u00bb\u00bb rt_border_bottom_mobile=\u00bb\u00bb rt_border_left_mobile=\u00bb\u00bb rt_border_right_mobile=\u00bb\u00bb rt_bg_image_repeat=\u00bbrepeat\u00bb rt_bg_size=\u00bbauto auto\u00bb rt_bg_position=\u00bbright top\u00bb rt_bg_attachment=\u00bbscroll\u00bb]<div class=\"rt_heading_wrapper style-4\">\n\t\t\t\t\t\t<h1 class=\"rt_heading  style-4\" >REJUVENECIMIENTO HORMONA NATURAL<\/h1>\n\t\t\t\t\t<\/div>[\/vc_column][\/vc_row][vc_row rt_row_background_width=\u00bbfullwidth\u00bb rt_row_content_width=\u00bbdefault\u00bb rt_row_style=\u00bbdefault-style\u00bb rt_row_borders=\u00bb\u00bb rt_row_paddings=\u00bbtrue\u00bb rt_bg_effect=\u00bbclassic\u00bb rt_bg_image_repeat=\u00bbrepeat\u00bb rt_bg_size=\u00bbcover\u00bb rt_bg_position=\u00bbright top\u00bb rt_bg_attachment=\u00bbscroll\u00bb rt_bg_video_format=\u00bbself-hosted\u00bb][vc_column rt_wrp_col_paddings=\u00bbfalse\u00bb rt_border_top=\u00bb\u00bb rt_border_bottom=\u00bb\u00bb rt_border_left=\u00bb\u00bb rt_border_right=\u00bb\u00bb rt_border_top_mobile=\u00bb\u00bb rt_border_bottom_mobile=\u00bb\u00bb rt_border_left_mobile=\u00bb\u00bb rt_border_right_mobile=\u00bb\u00bb rt_bg_image_repeat=\u00bbrepeat\u00bb rt_bg_size=\u00bbauto auto\u00bb rt_bg_position=\u00bbright top\u00bb rt_bg_attachment=\u00bbscroll\u00bb][vc_column_text]<\/p>\n<h2>La Terapia de Reemplazo Hormonal<\/h2>\n<p><img loading=\"lazy\" decoding=\"async\" class=\"alignright wp-image-3561 size-medium\" src=\"https:\/\/obgynmiami.com\/wp-content\/uploads\/2015\/11\/vaginal-rejuvination-200x300.jpg\" alt=\"Tratamientos de Menopausia en Miami, vaginal rejuvenation in Miami , Best Gynecologist , Menopause Treatments\" width=\"200\" height=\"300\" srcset=\"https:\/\/obgynmiami.com\/wp-content\/uploads\/2015\/11\/vaginal-rejuvination-200x300.jpg 200w, https:\/\/obgynmiami.com\/wp-content\/uploads\/2015\/11\/vaginal-rejuvination.jpg 667w\" sizes=\"auto, (max-width: 200px) 100vw, 200px\" \/><\/p>\n<p><span style=\"font-weight: 400;\">Mientras pasa el tiempo, el cuerpo de una mujer, inevitablemente, comie<\/span><\/p>\n<p><span style=\"font-weight: 400;\">nza a mostrar signos de envejecimiento. Los aspectos que suelen ser los m\u00e1s prominentes est\u00e1n cercanamente relacionados con la fluctuaci\u00f3n de las hormonas, especialmente durante el proceso de la menopausia. En el <\/span><b>Centro de Dra. Susan Fox para Mujeres<\/b><span style=\"font-weight: 400;\">, tenemos soluciones disponibles para ayudarles en el campo del rejuvenecimiento de la hormona. Con la asistencia de nuestros profesionales, usted se sentir\u00e1 de nuevo como s\u00ed mismo en muy poco tiempo.<\/span><\/p>\n<p><span style=\"font-weight: 400;\">Un desequilibrio de hormonas puede causar una variedad de problemas en la salud de la mujer y su bienestar. Algunos s\u00edntomas pueden incluir:<\/span><\/p>\n<ul>\n<li style=\"font-weight: 400;\"><span style=\"font-weight: 400;\">La retenci\u00f3n de agua<\/span><\/li>\n<li style=\"font-weight: 400;\"><span style=\"font-weight: 400;\">Interrupci\u00f3n del sue\u00f1o<\/span><\/li>\n<li style=\"font-weight: 400;\"><span style=\"font-weight: 400;\">Aumento de Peso<\/span><\/li>\n<li style=\"font-weight: 400;\"><span style=\"font-weight: 400;\">Sofocos<\/span><\/li>\n<li style=\"font-weight: 400;\"><span style=\"font-weight: 400;\">Disminuci\u00f3n de deseo sexual<\/span><\/li>\n<li style=\"font-weight: 400;\"><span style=\"font-weight: 400;\">Sequedad vaginal<\/span><\/li>\n<li style=\"font-weight: 400;\"><span style=\"font-weight: 400;\">Cambios de humor<\/span><\/li>\n<li style=\"font-weight: 400;\"><span style=\"font-weight: 400;\">Depresi\u00f3n<\/span><\/li>\n<\/ul>\n<p><span style=\"font-weight: 400;\">Aunque hay terapias de reemplazo hormonal que utilizan prescripciones m\u00e9dicas en el mercado, muchas mujeres prefieren tomar la ruta en que todo sea natural. El objetivo de rejuvenecimiento de la hormona es equilibrar los niveles de estr\u00f3genos en las mujeres que est\u00e1n experimentando una disminuci\u00f3n de los niveles hormonales. Corrigiendo este problema, se eliminan los s\u00edntomas que son causados por la disminuci\u00f3n de estr\u00f3geno. En vez de utilizar m\u00e9todos t\u00edpicos para alcanzar este resultado, nuestros expertos ofrecen m\u00e9todos naturales que se pueden discutir y explorar a\u00fan m\u00e1s durante su visita a nuestro centro.<\/span><\/p>\n<h2><span style=\"font-weight: 400;\">Rejuvenecimiento de la Salud<\/span><\/h2>\n<p><span style=\"font-weight: 400;\">Muchas mujeres tienden a creer que los s\u00edntomas, como los que se encuentran m\u00e1s arriba, son inevitables, y forman parte del envejecimiento. En el <\/span><b>Centro de Dra. Susan Fox para Mujeres<\/b><span style=\"font-weight: 400;\">, recomendamos a nuestros pacientes que no se lleven por estos factores. La calidad de vida y bienestar de una mujer puede ser gravemente afectada por varios aspectos relacionados con deficiencia hormonal. Con la ayuda de profesionales de la salud, estos s\u00edntomas pueden ser grandemente reducidos o desaparecer completamente.<br \/>\n<\/span><\/p>\n<p><span style=\"font-weight: 400;\">Al igual que con cualquiera de nuestros servicios, lo mejor ser\u00eda hacer una cita con uno de nuestros profesionales informados para discutir sobres los riesgos y los beneficios con m\u00e1s profundidad. Quedaste en duda si el rejuvenecimiento de la hormona natural es lo adecuado para usted? Ll\u00e1menos hoy mismo al (305) 595-6488 o haga clic <\/span><b><a href=\"http:\/\/obgynmiami.com\/es\/contact-us\/\" target=\"_blank\" rel=\"noopener noreferrer\">aqu\u00ed<\/a> <\/b><span style=\"font-weight: 400;\"> para obtener m\u00e1s informaci\u00f3n de contacto.<\/span>[\/vc_column_text][\/vc_column][\/vc_row]<\/p>\n","protected":false},"excerpt":{"rendered":"<p>[vc_row rt_row_background_width=\u00bbfullwidth\u00bb rt_row_content_width=\u00bbdefault\u00bb rt_row_style=\u00bbdefault-style\u00bb rt_row_borders=\u00bb\u00bb rt_row_paddings=\u00bbtrue\u00bb rt_bg_image=\u00bb3127&#8243; rt_bg_effect=\u00bbclassic\u00bb rt_bg_image_repeat=\u00bbno-repeat\u00bb rt_bg_size=\u00bbauto auto\u00bb rt_bg_position=\u00bbcenter center\u00bb rt_bg_attachment=\u00bbscroll\u00bb rt_bg_video_format=\u00bbself-hosted\u00bb rt_padding_top=\u00bb100&#8243; rt_padding_bottom=\u00bb140&#8243;][vc_column rt_wrp_col_paddings=\u00bbfalse\u00bb rt_border_top=\u00bb\u00bb rt_border_bottom=\u00bb\u00bb rt_border_left=\u00bb\u00bb rt_border_right=\u00bb\u00bb rt_border_top_mobile=\u00bb\u00bb rt_border_bottom_mobile=\u00bb\u00bb rt_border_left_mobile=\u00bb\u00bb rt_border_right_mobile=\u00bb\u00bb rt_bg_image_repeat=\u00bbrepeat\u00bb rt_bg_size=\u00bbauto auto\u00bb rt_bg_position=\u00bbright top\u00bb rt_bg_attachment=\u00bbscroll\u00bb][\/vc_column][\/vc_row][vc_row rt_row_background_width=\u00bbfullwidth\u00bb rt_row_content_width=\u00bbdefault\u00bb rt_row_style=\u00bbdefault-style\u00bb rt_row_borders=\u00bb\u00bb rt_row_paddings=\u00bbtrue\u00bb rt_bg_effect=\u00bbclassic\u00bb rt_bg_image_repeat=\u00bbrepeat\u00bb rt_bg_size=\u00bbcover\u00bb rt_bg_position=\u00bbright top\u00bb rt_bg_attachment=\u00bbscroll\u00bb rt_bg_video_format=\u00bbself-hosted\u00bb][vc_column rt_wrp_col_paddings=\u00bbfalse\u00bb rt_border_top=\u00bb\u00bb rt_border_bottom=\u00bb\u00bb rt_border_left=\u00bb\u00bb rt_border_right=\u00bb\u00bb rt_border_top_mobile=\u00bb\u00bb rt_border_bottom_mobile=\u00bb\u00bb rt_border_left_mobile=\u00bb\u00bb rt_border_right_mobile=\u00bb\u00bb rt_bg_image_repeat=\u00bbrepeat\u00bb rt_bg_size=\u00bbauto [&hellip;]<\/p>\n","protected":false},"author":1,"featured_media":0,"parent":0,"menu_order":0,"comment_status":"closed","ping_status":"closed","template":"","meta":{"jetpack_post_was_ever_published":false,"footnotes":""},"class_list":["post-3427","page","type-page","status-publish","hentry"],"yoast_head":"<!-- This site is optimized with the Yoast SEO plugin v27.3 - https:\/\/yoast.com\/product\/yoast-seo-wordpress\/ -->\n<title>Tratamientos de Menopausia en Miami | Hormone Replacement<\/title>\n<meta name=\"description\" content=\"Los tratamientos de menopausia en Miami est\u00e1n disponibles en el centro de la Dra. Susan Fox para Mujeres. Programe una cita hoy!\" \/>\n<meta name=\"robots\" content=\"index, follow, max-snippet:-1, max-image-preview:large, max-video-preview:-1\" \/>\n<link rel=\"canonical\" href=\"https:\/\/obgynmiami.com\/es\/natural-hormone-rejuvenation\/\" \/>\n<meta property=\"og:locale\" content=\"es_ES\" \/>\n<meta property=\"og:type\" content=\"article\" \/>\n<meta property=\"og:title\" content=\"Tratamientos de Menopausia en Miami | Hormone Replacement\" \/>\n<meta property=\"og:description\" content=\"Los tratamientos de menopausia en Miami est\u00e1n disponibles en el centro de la Dra. Susan Fox para Mujeres. Programe una cita hoy!\" \/>\n<meta property=\"og:url\" content=\"https:\/\/obgynmiami.com\/es\/natural-hormone-rejuvenation\/\" \/>\n<meta property=\"og:site_name\" content=\"Center For Women&#039;s Health And Wellness\" \/>\n<meta property=\"article:publisher\" content=\"https:\/\/www.facebook.com\/pages\/Fox-Susan\/139797669401130?fref=ts\" \/>\n<meta property=\"article:modified_time\" content=\"2024-11-23T07:40:33+00:00\" \/>\n<meta property=\"og:image\" content=\"https:\/\/obgynmiami.com\/wp-content\/uploads\/2015\/11\/vaginal-rejuvination.jpg?wsr\" \/>\n\t<meta property=\"og:image:width\" content=\"667\" \/>\n\t<meta property=\"og:image:height\" content=\"1000\" \/>\n\t<meta property=\"og:image:type\" content=\"image\/jpeg\" \/>\n<meta name=\"twitter:card\" content=\"summary_large_image\" \/>\n<meta name=\"twitter:site\" content=\"@drsusanfox\" \/>\n<meta name=\"twitter:label1\" content=\"Tiempo de lectura\" \/>\n\t<meta name=\"twitter:data1\" content=\"3 minutos\" \/>\n<script type=\"application\/ld+json\" class=\"yoast-schema-graph\">{\"@context\":\"https:\\\/\\\/schema.org\",\"@graph\":[{\"@type\":\"WebPage\",\"@id\":\"https:\\\/\\\/obgynmiami.com\\\/es\\\/natural-hormone-rejuvenation\\\/\",\"url\":\"https:\\\/\\\/obgynmiami.com\\\/es\\\/natural-hormone-rejuvenation\\\/\",\"name\":\"Tratamientos de Menopausia en Miami | Hormone Replacement\",\"isPartOf\":{\"@id\":\"https:\\\/\\\/obgynmiami.com\\\/#website\"},\"primaryImageOfPage\":{\"@id\":\"https:\\\/\\\/obgynmiami.com\\\/es\\\/natural-hormone-rejuvenation\\\/#primaryimage\"},\"image\":{\"@id\":\"https:\\\/\\\/obgynmiami.com\\\/es\\\/natural-hormone-rejuvenation\\\/#primaryimage\"},\"thumbnailUrl\":\"https:\\\/\\\/obgynmiami.com\\\/wp-content\\\/uploads\\\/2015\\\/11\\\/vaginal-rejuvination-200x300.jpg\",\"datePublished\":\"2015-11-30T18:59:09+00:00\",\"dateModified\":\"2024-11-23T07:40:33+00:00\",\"description\":\"Los tratamientos de menopausia en Miami est\u00e1n disponibles en el centro de la Dra. Susan Fox para Mujeres. Programe una cita hoy!\",\"breadcrumb\":{\"@id\":\"https:\\\/\\\/obgynmiami.com\\\/es\\\/natural-hormone-rejuvenation\\\/#breadcrumb\"},\"inLanguage\":\"es\",\"potentialAction\":[{\"@type\":\"ReadAction\",\"target\":[\"https:\\\/\\\/obgynmiami.com\\\/es\\\/natural-hormone-rejuvenation\\\/\"]}]},{\"@type\":\"ImageObject\",\"inLanguage\":\"es\",\"@id\":\"https:\\\/\\\/obgynmiami.com\\\/es\\\/natural-hormone-rejuvenation\\\/#primaryimage\",\"url\":\"https:\\\/\\\/obgynmiami.com\\\/wp-content\\\/uploads\\\/2015\\\/11\\\/vaginal-rejuvination-200x300.jpg\",\"contentUrl\":\"https:\\\/\\\/obgynmiami.com\\\/wp-content\\\/uploads\\\/2015\\\/11\\\/vaginal-rejuvination-200x300.jpg\"},{\"@type\":\"BreadcrumbList\",\"@id\":\"https:\\\/\\\/obgynmiami.com\\\/es\\\/natural-hormone-rejuvenation\\\/#breadcrumb\",\"itemListElement\":[{\"@type\":\"ListItem\",\"position\":1,\"name\":\"Home\",\"item\":\"https:\\\/\\\/obgynmiami.com\\\/es\\\/inicio\\\/\"},{\"@type\":\"ListItem\",\"position\":2,\"name\":\"Rejuvenecimiento Hormona Natural\"}]},{\"@type\":\"WebSite\",\"@id\":\"https:\\\/\\\/obgynmiami.com\\\/#website\",\"url\":\"https:\\\/\\\/obgynmiami.com\\\/\",\"name\":\"Center For Women&#039;s Health And Wellness\",\"description\":\"Miami Obstetrician &amp; Gynecologist - OB-GYN in Kendall, Florida\",\"publisher\":{\"@id\":\"https:\\\/\\\/obgynmiami.com\\\/#organization\"},\"potentialAction\":[{\"@type\":\"SearchAction\",\"target\":{\"@type\":\"EntryPoint\",\"urlTemplate\":\"https:\\\/\\\/obgynmiami.com\\\/?s={search_term_string}\"},\"query-input\":{\"@type\":\"PropertyValueSpecification\",\"valueRequired\":true,\"valueName\":\"search_term_string\"}}],\"inLanguage\":\"es\"},{\"@type\":\"Organization\",\"@id\":\"https:\\\/\\\/obgynmiami.com\\\/#organization\",\"name\":\"Dr. Susan Fox D.O., OB-GYN\",\"url\":\"https:\\\/\\\/obgynmiami.com\\\/\",\"logo\":{\"@type\":\"ImageObject\",\"inLanguage\":\"es\",\"@id\":\"https:\\\/\\\/obgynmiami.com\\\/#\\\/schema\\\/logo\\\/image\\\/\",\"url\":\"https:\\\/\\\/obgynmiami.com\\\/wp-content\\\/uploads\\\/2015\\\/11\\\/Susan-Fox-Logo-Bold.png\",\"contentUrl\":\"https:\\\/\\\/obgynmiami.com\\\/wp-content\\\/uploads\\\/2015\\\/11\\\/Susan-Fox-Logo-Bold.png\",\"width\":300,\"height\":140,\"caption\":\"Dr. Susan Fox D.O., OB-GYN\"},\"image\":{\"@id\":\"https:\\\/\\\/obgynmiami.com\\\/#\\\/schema\\\/logo\\\/image\\\/\"},\"sameAs\":[\"https:\\\/\\\/www.facebook.com\\\/pages\\\/Fox-Susan\\\/139797669401130?fref=ts\",\"https:\\\/\\\/x.com\\\/drsusanfox\"]}]}<\/script>\n<!-- \/ Yoast SEO plugin. -->","yoast_head_json":{"title":"Tratamientos de Menopausia en Miami | Hormone Replacement","description":"Los tratamientos de menopausia en Miami est\u00e1n disponibles en el centro de la Dra. Susan Fox para Mujeres. Programe una cita hoy!","robots":{"index":"index","follow":"follow","max-snippet":"max-snippet:-1","max-image-preview":"max-image-preview:large","max-video-preview":"max-video-preview:-1"},"canonical":"https:\/\/obgynmiami.com\/es\/natural-hormone-rejuvenation\/","og_locale":"es_ES","og_type":"article","og_title":"Tratamientos de Menopausia en Miami | Hormone Replacement","og_description":"Los tratamientos de menopausia en Miami est\u00e1n disponibles en el centro de la Dra. Susan Fox para Mujeres. Programe una cita hoy!","og_url":"https:\/\/obgynmiami.com\/es\/natural-hormone-rejuvenation\/","og_site_name":"Center For Women&#039;s Health And Wellness","article_publisher":"https:\/\/www.facebook.com\/pages\/Fox-Susan\/139797669401130?fref=ts","article_modified_time":"2024-11-23T07:40:33+00:00","og_image":[{"width":667,"height":1000,"url":"https:\/\/obgynmiami.com\/wp-content\/uploads\/2015\/11\/vaginal-rejuvination.jpg?wsr","type":"image\/jpeg"}],"twitter_card":"summary_large_image","twitter_site":"@drsusanfox","twitter_misc":{"Tiempo de lectura":"3 minutos"},"schema":{"@context":"https:\/\/schema.org","@graph":[{"@type":"WebPage","@id":"https:\/\/obgynmiami.com\/es\/natural-hormone-rejuvenation\/","url":"https:\/\/obgynmiami.com\/es\/natural-hormone-rejuvenation\/","name":"Tratamientos de Menopausia en Miami | Hormone Replacement","isPartOf":{"@id":"https:\/\/obgynmiami.com\/#website"},"primaryImageOfPage":{"@id":"https:\/\/obgynmiami.com\/es\/natural-hormone-rejuvenation\/#primaryimage"},"image":{"@id":"https:\/\/obgynmiami.com\/es\/natural-hormone-rejuvenation\/#primaryimage"},"thumbnailUrl":"https:\/\/obgynmiami.com\/wp-content\/uploads\/2015\/11\/vaginal-rejuvination-200x300.jpg","datePublished":"2015-11-30T18:59:09+00:00","dateModified":"2024-11-23T07:40:33+00:00","description":"Los tratamientos de menopausia en Miami est\u00e1n disponibles en el centro de la Dra. Susan Fox para Mujeres. Programe una cita hoy!","breadcrumb":{"@id":"https:\/\/obgynmiami.com\/es\/natural-hormone-rejuvenation\/#breadcrumb"},"inLanguage":"es","potentialAction":[{"@type":"ReadAction","target":["https:\/\/obgynmiami.com\/es\/natural-hormone-rejuvenation\/"]}]},{"@type":"ImageObject","inLanguage":"es","@id":"https:\/\/obgynmiami.com\/es\/natural-hormone-rejuvenation\/#primaryimage","url":"https:\/\/obgynmiami.com\/wp-content\/uploads\/2015\/11\/vaginal-rejuvination-200x300.jpg","contentUrl":"https:\/\/obgynmiami.com\/wp-content\/uploads\/2015\/11\/vaginal-rejuvination-200x300.jpg"},{"@type":"BreadcrumbList","@id":"https:\/\/obgynmiami.com\/es\/natural-hormone-rejuvenation\/#breadcrumb","itemListElement":[{"@type":"ListItem","position":1,"name":"Home","item":"https:\/\/obgynmiami.com\/es\/inicio\/"},{"@type":"ListItem","position":2,"name":"Rejuvenecimiento Hormona Natural"}]},{"@type":"WebSite","@id":"https:\/\/obgynmiami.com\/#website","url":"https:\/\/obgynmiami.com\/","name":"Center For Women&#039;s Health And Wellness","description":"Miami Obstetrician &amp; Gynecologist - OB-GYN in Kendall, Florida","publisher":{"@id":"https:\/\/obgynmiami.com\/#organization"},"potentialAction":[{"@type":"SearchAction","target":{"@type":"EntryPoint","urlTemplate":"https:\/\/obgynmiami.com\/?s={search_term_string}"},"query-input":{"@type":"PropertyValueSpecification","valueRequired":true,"valueName":"search_term_string"}}],"inLanguage":"es"},{"@type":"Organization","@id":"https:\/\/obgynmiami.com\/#organization","name":"Dr. Susan Fox D.O., OB-GYN","url":"https:\/\/obgynmiami.com\/","logo":{"@type":"ImageObject","inLanguage":"es","@id":"https:\/\/obgynmiami.com\/#\/schema\/logo\/image\/","url":"https:\/\/obgynmiami.com\/wp-content\/uploads\/2015\/11\/Susan-Fox-Logo-Bold.png","contentUrl":"https:\/\/obgynmiami.com\/wp-content\/uploads\/2015\/11\/Susan-Fox-Logo-Bold.png","width":300,"height":140,"caption":"Dr. Susan Fox D.O., OB-GYN"},"image":{"@id":"https:\/\/obgynmiami.com\/#\/schema\/logo\/image\/"},"sameAs":["https:\/\/www.facebook.com\/pages\/Fox-Susan\/139797669401130?fref=ts","https:\/\/x.com\/drsusanfox"]}]}},"jetpack_sharing_enabled":true,"jetpack_shortlink":"https:\/\/wp.me\/P8s4X2-Th","_links":{"self":[{"href":"https:\/\/obgynmiami.com\/es\/wp-json\/wp\/v2\/pages\/3427","targetHints":{"allow":["GET"]}}],"collection":[{"href":"https:\/\/obgynmiami.com\/es\/wp-json\/wp\/v2\/pages"}],"about":[{"href":"https:\/\/obgynmiami.com\/es\/wp-json\/wp\/v2\/types\/page"}],"author":[{"embeddable":true,"href":"https:\/\/obgynmiami.com\/es\/wp-json\/wp\/v2\/users\/1"}],"replies":[{"embeddable":true,"href":"https:\/\/obgynmiami.com\/es\/wp-json\/wp\/v2\/comments?post=3427"}],"version-history":[{"count":0,"href":"https:\/\/obgynmiami.com\/es\/wp-json\/wp\/v2\/pages\/3427\/revisions"}],"wp:attachment":[{"href":"https:\/\/obgynmiami.com\/es\/wp-json\/wp\/v2\/media?parent=3427"}],"curies":[{"name":"wp","href":"https:\/\/api.w.org\/{rel}","templated":true}]}}