{"id":3428,"date":"2015-11-30T16:43:00","date_gmt":"2015-11-30T21:43:00","guid":{"rendered":"http:\/\/obgynmiami.com\/es\/obstetrician\/"},"modified":"2025-03-10T02:01:22","modified_gmt":"2025-03-10T07:01:22","slug":"obstetrician","status":"publish","type":"page","link":"https:\/\/obgynmiami.com\/es\/obstetrician\/","title":{"rendered":"Obstetra"},"content":{"rendered":"<p>[vc_row rt_row_background_width=\u00bbfullwidth\u00bb rt_row_content_width=\u00bbdefault\u00bb rt_row_style=\u00bbdefault-style\u00bb rt_row_borders=\u00bb\u00bb rt_row_paddings=\u00bbtrue\u00bb rt_bg_image=\u00bb3127&#8243; rt_bg_effect=\u00bbclassic\u00bb rt_bg_image_repeat=\u00bbrepeat\u00bb rt_bg_size=\u00bbcover\u00bb rt_bg_position=\u00bbright top\u00bb rt_bg_attachment=\u00bbscroll\u00bb rt_bg_video_format=\u00bbself-hosted\u00bb rt_padding_top=\u00bb100&#8243; rt_padding_bottom=\u00bb140&#8243;][vc_column rt_wrp_col_paddings=\u00bbfalse\u00bb rt_border_top=\u00bb\u00bb rt_border_bottom=\u00bb\u00bb rt_border_left=\u00bb\u00bb rt_border_right=\u00bb\u00bb rt_border_top_mobile=\u00bb\u00bb rt_border_bottom_mobile=\u00bb\u00bb rt_border_left_mobile=\u00bb\u00bb rt_border_right_mobile=\u00bb\u00bb rt_bg_image_repeat=\u00bbrepeat\u00bb rt_bg_size=\u00bbauto auto\u00bb rt_bg_position=\u00bbright top\u00bb rt_bg_attachment=\u00bbscroll\u00bb]<div class=\"rt_heading_wrapper style-4\">\n\t\t\t\t\t\t<h1 class=\"rt_heading  style-4\" >OBSTETRA<\/h1>\n\t\t\t\t\t<\/div>[\/vc_column][\/vc_row][vc_row rt_row_background_width=\u00bbfullwidth\u00bb rt_row_content_width=\u00bbdefault\u00bb rt_row_style=\u00bbdefault-style\u00bb rt_row_borders=\u00bb\u00bb rt_row_paddings=\u00bbtrue\u00bb rt_bg_effect=\u00bbclassic\u00bb rt_bg_image_repeat=\u00bbrepeat\u00bb rt_bg_size=\u00bbcover\u00bb rt_bg_position=\u00bbright top\u00bb rt_bg_attachment=\u00bbscroll\u00bb rt_bg_video_format=\u00bbself-hosted\u00bb][vc_column rt_wrp_col_paddings=\u00bbfalse\u00bb rt_border_top=\u00bb\u00bb rt_border_bottom=\u00bb\u00bb rt_border_left=\u00bb\u00bb rt_border_right=\u00bb\u00bb rt_border_top_mobile=\u00bb\u00bb rt_border_bottom_mobile=\u00bb\u00bb rt_border_left_mobile=\u00bb\u00bb rt_border_right_mobile=\u00bb\u00bb rt_bg_image_repeat=\u00bbrepeat\u00bb rt_bg_size=\u00bbauto auto\u00bb rt_bg_position=\u00bbright top\u00bb rt_bg_attachment=\u00bbscroll\u00bb][vc_column_text css=\u00bb\u00bb]<\/p>\n<h2><span style=\"font-weight: 400;\">M\u00e9dico Obstetra<\/span><img loading=\"lazy\" decoding=\"async\" class=\"alignright wp-image-3499 size-medium\" src=\"https:\/\/obgynmiami.com\/wp-content\/uploads\/2016\/03\/Obstetrician-in-Kendall-300x216.jpg\" alt=\"Obstetrician Doctor\" width=\"300\" height=\"216\" srcset=\"https:\/\/obgynmiami.com\/wp-content\/uploads\/2016\/03\/Obstetrician-in-Kendall-300x216.jpg 300w, https:\/\/obgynmiami.com\/wp-content\/uploads\/2016\/03\/Obstetrician-in-Kendall-768x552.jpg 768w, https:\/\/obgynmiami.com\/wp-content\/uploads\/2016\/03\/Obstetrician-in-Kendall.jpg 1000w\" sizes=\"auto, (max-width: 300px) 100vw, 300px\" \/><\/h2>\n<p>Un obstetra trabaja estrechamente con mujeres que est\u00e1n embarazadas. Esto incluye monitorear y tratar a las mujeres durante el desarrollo del beb\u00e9, as\u00ed como desempe\u00f1ar un papel crucial en el proceso de parto.<\/p>\n<p>En el Centro para Mujeres de la Dra. Susan Fox, est\u00e1 en manos de uno de los obstetras m\u00e1s dedicados del sur de la Florida. Nuestro centro est\u00e1 constantemente ayudando a las mujeres embarazadas en diferentes etapas del embarazo. Muchos pacientes afirman sentirse a gusto sabiendo que tienen un profesional m\u00e9dico m\u00e1s que capaz a tan solo una llamada de distancia en caso de que surjan complicaciones.<\/p>\n<p>Los obstetras desempe\u00f1an un papel fundamental para garantizar la salud de un beb\u00e9 y de la madre durante cada etapa del embarazo. La contribuci\u00f3n de este m\u00e9dico abarca todas las \u00e1reas, pero algunos de sus trabajos m\u00e1s prominentes incluyen:<\/p>\n<p>Realizando ultrasonidos regulares<br \/>\nTomar medidas de rutina y ex\u00e1menes<br \/>\nAsegurando que el beb\u00e9 progresa a un ritmo normal<br \/>\nBuscando cualquier condici\u00f3n o complicaci\u00f3n existente<br \/>\nGuiando a la madre a trav\u00e9s de una dieta adecuada y ejercicio<br \/>\nAyudando a aliviar los s\u00edntomas tales como n\u00e1useas y dolores matutinos<br \/>\nEntregar de forma segura al beb\u00e9<br \/>\nSupervisar la recuperaci\u00f3n de la madre<br \/>\nResponda cualquier pregunta o trate cualquier inquietud en cada paso del camino<br \/>\nObst\u00e9trico local<br \/>\nEl embarazo puede ser un momento muy emocionante y angustiante en la vida de una mujer. Si bien puede estar encantado de dar la bienvenida a su paquete de alegr\u00eda en el mundo, hay muchos pasos y precauciones que debe tomar como madre para garantizar que su hijo est\u00e9 feliz y saludable. Al visitar a un obstetra que tiene a\u00f1os de experiencia en la supervisi\u00f3n de embarazos de innumerables mujeres, puede estar segura de que todo funcionar\u00e1 sin problemas.<\/p>\n<p>Comience su viaje como madre de la manera correcta y comun\u00edquese con el Centro para mujeres de la Dra. Susan Fox al (305) 595-6488 o haga clic aqu\u00ed para programar una cita con el mejor m\u00e9dico obstetra.[\/vc_column_text][\/vc_column][\/vc_row]<\/p>\n","protected":false},"excerpt":{"rendered":"<p>[vc_row rt_row_background_width=\u00bbfullwidth\u00bb rt_row_content_width=\u00bbdefault\u00bb rt_row_style=\u00bbdefault-style\u00bb rt_row_borders=\u00bb\u00bb rt_row_paddings=\u00bbtrue\u00bb rt_bg_image=\u00bb3127&#8243; rt_bg_effect=\u00bbclassic\u00bb rt_bg_image_repeat=\u00bbrepeat\u00bb rt_bg_size=\u00bbcover\u00bb rt_bg_position=\u00bbright top\u00bb rt_bg_attachment=\u00bbscroll\u00bb rt_bg_video_format=\u00bbself-hosted\u00bb rt_padding_top=\u00bb100&#8243; rt_padding_bottom=\u00bb140&#8243;][vc_column rt_wrp_col_paddings=\u00bbfalse\u00bb rt_border_top=\u00bb\u00bb rt_border_bottom=\u00bb\u00bb rt_border_left=\u00bb\u00bb rt_border_right=\u00bb\u00bb rt_border_top_mobile=\u00bb\u00bb rt_border_bottom_mobile=\u00bb\u00bb rt_border_left_mobile=\u00bb\u00bb rt_border_right_mobile=\u00bb\u00bb rt_bg_image_repeat=\u00bbrepeat\u00bb rt_bg_size=\u00bbauto auto\u00bb rt_bg_position=\u00bbright top\u00bb rt_bg_attachment=\u00bbscroll\u00bb][\/vc_column][\/vc_row][vc_row rt_row_background_width=\u00bbfullwidth\u00bb rt_row_content_width=\u00bbdefault\u00bb rt_row_style=\u00bbdefault-style\u00bb rt_row_borders=\u00bb\u00bb rt_row_paddings=\u00bbtrue\u00bb rt_bg_effect=\u00bbclassic\u00bb rt_bg_image_repeat=\u00bbrepeat\u00bb rt_bg_size=\u00bbcover\u00bb rt_bg_position=\u00bbright top\u00bb rt_bg_attachment=\u00bbscroll\u00bb rt_bg_video_format=\u00bbself-hosted\u00bb][vc_column rt_wrp_col_paddings=\u00bbfalse\u00bb rt_border_top=\u00bb\u00bb rt_border_bottom=\u00bb\u00bb rt_border_left=\u00bb\u00bb rt_border_right=\u00bb\u00bb rt_border_top_mobile=\u00bb\u00bb rt_border_bottom_mobile=\u00bb\u00bb rt_border_left_mobile=\u00bb\u00bb rt_border_right_mobile=\u00bb\u00bb rt_bg_image_repeat=\u00bbrepeat\u00bb rt_bg_size=\u00bbauto auto\u00bb [&hellip;]<\/p>\n","protected":false},"author":1,"featured_media":0,"parent":0,"menu_order":0,"comment_status":"closed","ping_status":"closed","template":"","meta":{"jetpack_post_was_ever_published":false,"footnotes":""},"class_list":["post-3428","page","type-page","status-publish","hentry"],"yoast_head":"<!-- This site is optimized with the Yoast SEO plugin v27.3 - https:\/\/yoast.com\/product\/yoast-seo-wordpress\/ -->\n<title>M\u00e9dico Obstetra | Dr. Susan Fox D.O., OB-GYN<\/title>\n<meta name=\"description\" content=\"Searching for the perfect Obstetrician Doctor? Start your journey as a mother the right way and contact\u00a0Dr. Susan Fox&#039;s Center for Women\u00a0at (305) 595-6488\" \/>\n<meta name=\"robots\" content=\"index, follow, max-snippet:-1, max-image-preview:large, max-video-preview:-1\" \/>\n<link rel=\"canonical\" href=\"https:\/\/obgynmiami.com\/es\/obstetrician\/\" \/>\n<meta property=\"og:locale\" content=\"es_ES\" \/>\n<meta property=\"og:type\" content=\"article\" \/>\n<meta property=\"og:title\" content=\"M\u00e9dico Obstetra | Dr. Susan Fox D.O., OB-GYN\" \/>\n<meta property=\"og:description\" content=\"Searching for the perfect Obstetrician Doctor? Start your journey as a mother the right way and contact\u00a0Dr. Susan Fox&#039;s Center for Women\u00a0at (305) 595-6488\" \/>\n<meta property=\"og:url\" content=\"https:\/\/obgynmiami.com\/es\/obstetrician\/\" \/>\n<meta property=\"og:site_name\" content=\"Center For Women&#039;s Health And Wellness\" \/>\n<meta property=\"article:publisher\" content=\"https:\/\/www.facebook.com\/pages\/Fox-Susan\/139797669401130?fref=ts\" \/>\n<meta property=\"article:modified_time\" content=\"2025-03-10T07:01:22+00:00\" \/>\n<meta property=\"og:image\" content=\"https:\/\/obgynmiami.com\/wp-content\/uploads\/2016\/03\/Obstetrician-in-Kendall.jpg?wsr\" \/>\n\t<meta property=\"og:image:width\" content=\"1000\" \/>\n\t<meta property=\"og:image:height\" content=\"719\" \/>\n\t<meta property=\"og:image:type\" content=\"image\/jpeg\" \/>\n<meta name=\"twitter:card\" content=\"summary_large_image\" \/>\n<meta name=\"twitter:site\" content=\"@drsusanfox\" \/>\n<meta name=\"twitter:label1\" content=\"Tiempo de lectura\" \/>\n\t<meta name=\"twitter:data1\" content=\"2 minutos\" \/>\n<script type=\"application\/ld+json\" class=\"yoast-schema-graph\">{\"@context\":\"https:\\\/\\\/schema.org\",\"@graph\":[{\"@type\":\"WebPage\",\"@id\":\"https:\\\/\\\/obgynmiami.com\\\/es\\\/obstetrician\\\/\",\"url\":\"https:\\\/\\\/obgynmiami.com\\\/es\\\/obstetrician\\\/\",\"name\":\"M\u00e9dico Obstetra | Dr. Susan Fox D.O., OB-GYN\",\"isPartOf\":{\"@id\":\"https:\\\/\\\/obgynmiami.com\\\/#website\"},\"primaryImageOfPage\":{\"@id\":\"https:\\\/\\\/obgynmiami.com\\\/es\\\/obstetrician\\\/#primaryimage\"},\"image\":{\"@id\":\"https:\\\/\\\/obgynmiami.com\\\/es\\\/obstetrician\\\/#primaryimage\"},\"thumbnailUrl\":\"https:\\\/\\\/obgynmiami.com\\\/wp-content\\\/uploads\\\/2016\\\/03\\\/Obstetrician-in-Kendall-300x216.jpg\",\"datePublished\":\"2015-11-30T21:43:00+00:00\",\"dateModified\":\"2025-03-10T07:01:22+00:00\",\"description\":\"Searching for the perfect Obstetrician Doctor? Start your journey as a mother the right way and contact\u00a0Dr. Susan Fox's Center for Women\u00a0at (305) 595-6488\",\"breadcrumb\":{\"@id\":\"https:\\\/\\\/obgynmiami.com\\\/es\\\/obstetrician\\\/#breadcrumb\"},\"inLanguage\":\"es\",\"potentialAction\":[{\"@type\":\"ReadAction\",\"target\":[\"https:\\\/\\\/obgynmiami.com\\\/es\\\/obstetrician\\\/\"]}]},{\"@type\":\"ImageObject\",\"inLanguage\":\"es\",\"@id\":\"https:\\\/\\\/obgynmiami.com\\\/es\\\/obstetrician\\\/#primaryimage\",\"url\":\"https:\\\/\\\/obgynmiami.com\\\/wp-content\\\/uploads\\\/2016\\\/03\\\/Obstetrician-in-Kendall-300x216.jpg\",\"contentUrl\":\"https:\\\/\\\/obgynmiami.com\\\/wp-content\\\/uploads\\\/2016\\\/03\\\/Obstetrician-in-Kendall-300x216.jpg\"},{\"@type\":\"BreadcrumbList\",\"@id\":\"https:\\\/\\\/obgynmiami.com\\\/es\\\/obstetrician\\\/#breadcrumb\",\"itemListElement\":[{\"@type\":\"ListItem\",\"position\":1,\"name\":\"Home\",\"item\":\"https:\\\/\\\/obgynmiami.com\\\/es\\\/inicio\\\/\"},{\"@type\":\"ListItem\",\"position\":2,\"name\":\"Obstetra\"}]},{\"@type\":\"WebSite\",\"@id\":\"https:\\\/\\\/obgynmiami.com\\\/#website\",\"url\":\"https:\\\/\\\/obgynmiami.com\\\/\",\"name\":\"Center For Women&#039;s Health And Wellness\",\"description\":\"Miami Obstetrician &amp; Gynecologist - OB-GYN in Kendall, Florida\",\"publisher\":{\"@id\":\"https:\\\/\\\/obgynmiami.com\\\/#organization\"},\"potentialAction\":[{\"@type\":\"SearchAction\",\"target\":{\"@type\":\"EntryPoint\",\"urlTemplate\":\"https:\\\/\\\/obgynmiami.com\\\/?s={search_term_string}\"},\"query-input\":{\"@type\":\"PropertyValueSpecification\",\"valueRequired\":true,\"valueName\":\"search_term_string\"}}],\"inLanguage\":\"es\"},{\"@type\":\"Organization\",\"@id\":\"https:\\\/\\\/obgynmiami.com\\\/#organization\",\"name\":\"Dr. Susan Fox D.O., OB-GYN\",\"url\":\"https:\\\/\\\/obgynmiami.com\\\/\",\"logo\":{\"@type\":\"ImageObject\",\"inLanguage\":\"es\",\"@id\":\"https:\\\/\\\/obgynmiami.com\\\/#\\\/schema\\\/logo\\\/image\\\/\",\"url\":\"https:\\\/\\\/obgynmiami.com\\\/wp-content\\\/uploads\\\/2015\\\/11\\\/Susan-Fox-Logo-Bold.png\",\"contentUrl\":\"https:\\\/\\\/obgynmiami.com\\\/wp-content\\\/uploads\\\/2015\\\/11\\\/Susan-Fox-Logo-Bold.png\",\"width\":300,\"height\":140,\"caption\":\"Dr. Susan Fox D.O., OB-GYN\"},\"image\":{\"@id\":\"https:\\\/\\\/obgynmiami.com\\\/#\\\/schema\\\/logo\\\/image\\\/\"},\"sameAs\":[\"https:\\\/\\\/www.facebook.com\\\/pages\\\/Fox-Susan\\\/139797669401130?fref=ts\",\"https:\\\/\\\/x.com\\\/drsusanfox\"]}]}<\/script>\n<!-- \/ Yoast SEO plugin. -->","yoast_head_json":{"title":"M\u00e9dico Obstetra | Dr. Susan Fox D.O., OB-GYN","description":"Searching for the perfect Obstetrician Doctor? Start your journey as a mother the right way and contact\u00a0Dr. Susan Fox's Center for Women\u00a0at (305) 595-6488","robots":{"index":"index","follow":"follow","max-snippet":"max-snippet:-1","max-image-preview":"max-image-preview:large","max-video-preview":"max-video-preview:-1"},"canonical":"https:\/\/obgynmiami.com\/es\/obstetrician\/","og_locale":"es_ES","og_type":"article","og_title":"M\u00e9dico Obstetra | Dr. Susan Fox D.O., OB-GYN","og_description":"Searching for the perfect Obstetrician Doctor? Start your journey as a mother the right way and contact\u00a0Dr. Susan Fox's Center for Women\u00a0at (305) 595-6488","og_url":"https:\/\/obgynmiami.com\/es\/obstetrician\/","og_site_name":"Center For Women&#039;s Health And Wellness","article_publisher":"https:\/\/www.facebook.com\/pages\/Fox-Susan\/139797669401130?fref=ts","article_modified_time":"2025-03-10T07:01:22+00:00","og_image":[{"width":1000,"height":719,"url":"https:\/\/obgynmiami.com\/wp-content\/uploads\/2016\/03\/Obstetrician-in-Kendall.jpg?wsr","type":"image\/jpeg"}],"twitter_card":"summary_large_image","twitter_site":"@drsusanfox","twitter_misc":{"Tiempo de lectura":"2 minutos"},"schema":{"@context":"https:\/\/schema.org","@graph":[{"@type":"WebPage","@id":"https:\/\/obgynmiami.com\/es\/obstetrician\/","url":"https:\/\/obgynmiami.com\/es\/obstetrician\/","name":"M\u00e9dico Obstetra | Dr. Susan Fox D.O., OB-GYN","isPartOf":{"@id":"https:\/\/obgynmiami.com\/#website"},"primaryImageOfPage":{"@id":"https:\/\/obgynmiami.com\/es\/obstetrician\/#primaryimage"},"image":{"@id":"https:\/\/obgynmiami.com\/es\/obstetrician\/#primaryimage"},"thumbnailUrl":"https:\/\/obgynmiami.com\/wp-content\/uploads\/2016\/03\/Obstetrician-in-Kendall-300x216.jpg","datePublished":"2015-11-30T21:43:00+00:00","dateModified":"2025-03-10T07:01:22+00:00","description":"Searching for the perfect Obstetrician Doctor? Start your journey as a mother the right way and contact\u00a0Dr. Susan Fox's Center for Women\u00a0at (305) 595-6488","breadcrumb":{"@id":"https:\/\/obgynmiami.com\/es\/obstetrician\/#breadcrumb"},"inLanguage":"es","potentialAction":[{"@type":"ReadAction","target":["https:\/\/obgynmiami.com\/es\/obstetrician\/"]}]},{"@type":"ImageObject","inLanguage":"es","@id":"https:\/\/obgynmiami.com\/es\/obstetrician\/#primaryimage","url":"https:\/\/obgynmiami.com\/wp-content\/uploads\/2016\/03\/Obstetrician-in-Kendall-300x216.jpg","contentUrl":"https:\/\/obgynmiami.com\/wp-content\/uploads\/2016\/03\/Obstetrician-in-Kendall-300x216.jpg"},{"@type":"BreadcrumbList","@id":"https:\/\/obgynmiami.com\/es\/obstetrician\/#breadcrumb","itemListElement":[{"@type":"ListItem","position":1,"name":"Home","item":"https:\/\/obgynmiami.com\/es\/inicio\/"},{"@type":"ListItem","position":2,"name":"Obstetra"}]},{"@type":"WebSite","@id":"https:\/\/obgynmiami.com\/#website","url":"https:\/\/obgynmiami.com\/","name":"Center For Women&#039;s Health And Wellness","description":"Miami Obstetrician &amp; Gynecologist - OB-GYN in Kendall, Florida","publisher":{"@id":"https:\/\/obgynmiami.com\/#organization"},"potentialAction":[{"@type":"SearchAction","target":{"@type":"EntryPoint","urlTemplate":"https:\/\/obgynmiami.com\/?s={search_term_string}"},"query-input":{"@type":"PropertyValueSpecification","valueRequired":true,"valueName":"search_term_string"}}],"inLanguage":"es"},{"@type":"Organization","@id":"https:\/\/obgynmiami.com\/#organization","name":"Dr. Susan Fox D.O., OB-GYN","url":"https:\/\/obgynmiami.com\/","logo":{"@type":"ImageObject","inLanguage":"es","@id":"https:\/\/obgynmiami.com\/#\/schema\/logo\/image\/","url":"https:\/\/obgynmiami.com\/wp-content\/uploads\/2015\/11\/Susan-Fox-Logo-Bold.png","contentUrl":"https:\/\/obgynmiami.com\/wp-content\/uploads\/2015\/11\/Susan-Fox-Logo-Bold.png","width":300,"height":140,"caption":"Dr. Susan Fox D.O., OB-GYN"},"image":{"@id":"https:\/\/obgynmiami.com\/#\/schema\/logo\/image\/"},"sameAs":["https:\/\/www.facebook.com\/pages\/Fox-Susan\/139797669401130?fref=ts","https:\/\/x.com\/drsusanfox"]}]}},"jetpack_sharing_enabled":true,"jetpack_shortlink":"https:\/\/wp.me\/P8s4X2-Ti","_links":{"self":[{"href":"https:\/\/obgynmiami.com\/es\/wp-json\/wp\/v2\/pages\/3428","targetHints":{"allow":["GET"]}}],"collection":[{"href":"https:\/\/obgynmiami.com\/es\/wp-json\/wp\/v2\/pages"}],"about":[{"href":"https:\/\/obgynmiami.com\/es\/wp-json\/wp\/v2\/types\/page"}],"author":[{"embeddable":true,"href":"https:\/\/obgynmiami.com\/es\/wp-json\/wp\/v2\/users\/1"}],"replies":[{"embeddable":true,"href":"https:\/\/obgynmiami.com\/es\/wp-json\/wp\/v2\/comments?post=3428"}],"version-history":[{"count":0,"href":"https:\/\/obgynmiami.com\/es\/wp-json\/wp\/v2\/pages\/3428\/revisions"}],"wp:attachment":[{"href":"https:\/\/obgynmiami.com\/es\/wp-json\/wp\/v2\/media?parent=3428"}],"curies":[{"name":"wp","href":"https:\/\/api.w.org\/{rel}","templated":true}]}}