{"id":3437,"date":"2015-09-10T23:11:26","date_gmt":"2015-09-10T23:11:26","guid":{"rendered":"http:\/\/obgynmiami.com\/es\/services\/"},"modified":"2016-08-03T08:30:14","modified_gmt":"2016-08-03T13:30:14","slug":"services","status":"publish","type":"page","link":"https:\/\/obgynmiami.com\/es\/services\/","title":{"rendered":"Servicios"},"content":{"rendered":"<p>[vc_row rt_row_background_width=\u00bbfullwidth\u00bb rt_row_content_width=\u00bbdefault\u00bb rt_row_style=\u00bbdefault-style\u00bb rt_row_borders=\u00bb\u00bb rt_row_paddings=\u00bbtrue\u00bb rt_bg_effect=\u00bbclassic\u00bb rt_bg_image_repeat=\u00bbno-repeat\u00bb rt_bg_size=\u00bbauto auto\u00bb rt_bg_position=\u00bbcenter center\u00bb rt_bg_attachment=\u00bbscroll\u00bb rt_bg_video_format=\u00bbself-hosted\u00bb rt_padding_top=\u00bb100&#8243; rt_padding_bottom=\u00bb140&#8243; rt_bg_image=\u00bb3123&#8243;][vc_column rt_bg_image_repeat=\u00bbrepeat\u00bb rt_bg_size=\u00bbauto auto\u00bb rt_bg_attachment=\u00bbscroll\u00bb]<div class=\"rt_heading_wrapper style-4\">\n\t\t\t\t\t\t<h1 class=\"rt_heading  style-4\" >SERVICIOS<\/h1>\n\t\t\t\t\t<\/div>[\/vc_column][\/vc_row][vc_row rt_row_background_width=\u00bbfullwidth\u00bb rt_row_content_width=\u00bbdefault\u00bb rt_row_style=\u00bbdefault-style\u00bb rt_row_borders=\u00bb\u00bb rt_row_paddings=\u00bbtrue\u00bb rt_bg_effect=\u00bbclassic\u00bb rt_bg_image_repeat=\u00bbrepeat\u00bb rt_bg_size=\u00bbcover\u00bb rt_bg_position=\u00bbright top\u00bb rt_bg_attachment=\u00bbscroll\u00bb rt_bg_video_format=\u00bbself-hosted\u00bb][vc_column width=\u00bb3\/4&#8243; rt_bg_image_repeat=\u00bbrepeat\u00bb rt_bg_size=\u00bbauto auto\u00bb rt_bg_attachment=\u00bbscroll\u00bb][vc_column_text]<\/p>\n<h2>Servicios Ofrecidos en el Centro de Dra. Susan Fox para Mujeres<\/h2>\n<h3>Centro de Salud de la Mujer<\/h3>\n<ul>\n<li><a href=\"http:\/\/obgynmiami.com\/es\/bartholin-cyst-drainage\/\">Drenaje Bartholin Quiste<\/a><\/li>\n<li><a href=\"http:\/\/obgynmiami.com\/es\/colposcopy\/\">Colposcopia<\/a><\/li>\n<li><a href=\"http:\/\/obgynmiami.com\/es\/endometrial-biopsy\/\">Biopsia Endometrial<\/a><\/li>\n<li><a href=\"http:\/\/obgynmiami.com\/es\/gynecologic-examination\/\">Disfunci\u00f3n Sexual Femenina<\/a><\/li>\n<li><a href=\"http:\/\/obgynmiami.com\/es\/gynecology\/\">Examen Ginecol\u00f3gico<\/a><\/li>\n<li><a href=\"http:\/\/obgynmiami.com\/es\/hysteroscopy\/\">Histeroscopia<\/a><\/li>\n<li><a href=\"http:\/\/obgynmiami.com\/es\/iud-birth-control\/\">Anticonceptivo DIU<\/a><\/li>\n<li><a href=\"http:\/\/obgynmiami.com\/es\/leep-biopsy\/\">Biopsia de LEEP<\/a><\/li>\n<li><a href=\"http:\/\/obgynmiami.com\/es\/nexplanon\/\">Nexplanon<\/a><\/li>\n<li><a href=\"http:\/\/obgynmiami.com\/es\/vaginal-rejuvenation\/\">Rejuvenecimiento Vaginal<\/a><\/li>\n<\/ul>\n<h2>Contacte el Centro de la Dra. Susan Fox para Mujeres<\/h2>\n<p>Dra. Fox y su equipo de profesionales dedicados van la milla extra para asegurarse de que sus pacientes son completamente satisfecho despu\u00e9s de cada cita, contestando cualquier pregunta que un paciente pueda tener. Si usted necesita una especialista ginec\u00f3logo obstetra confiable para la atenci\u00f3n ginecol\u00f3gica de rutina o una profesional con conocimientos para realizar una cirug\u00eda reconstructiva de la pelvis, el<b> Centro de la Dra. Susan Fox para Mujeres<\/b> es su opci\u00f3n m\u00e1s segura.<\/p>\n<p>P\u00f3ngase en contacto con el<b> Centro de la Dra. Susan Fox para Mujeres<\/b>\u00a0 hoy en (305) 595-6488 para ser tratados por uno de los mejores ginec\u00f3logos en el sur de Florida o haga clic <b><a href=\"http:\/\/obgynmiami.com\/es\/contact-us\/\" target=\"_blank\">aqu\u00ed<\/a><\/b> para programar su primer examen![\/vc_column_text][\/vc_column][vc_column width=\u00bb1\/4&#8243; rt_bg_image_repeat=\u00bbrepeat\u00bb rt_bg_size=\u00bbauto auto\u00bb rt_bg_attachment=\u00bbscroll\u00bb][vc_widget_sidebar sidebar_id=\u00bbsidebar-for-search\u00bb][\/vc_column][\/vc_row]<\/p>\n","protected":false},"excerpt":{"rendered":"<p>[vc_row rt_row_background_width=\u00bbfullwidth\u00bb rt_row_content_width=\u00bbdefault\u00bb rt_row_style=\u00bbdefault-style\u00bb rt_row_borders=\u00bb\u00bb rt_row_paddings=\u00bbtrue\u00bb rt_bg_effect=\u00bbclassic\u00bb rt_bg_image_repeat=\u00bbno-repeat\u00bb rt_bg_size=\u00bbauto auto\u00bb rt_bg_position=\u00bbcenter center\u00bb rt_bg_attachment=\u00bbscroll\u00bb rt_bg_video_format=\u00bbself-hosted\u00bb rt_padding_top=\u00bb100&#8243; rt_padding_bottom=\u00bb140&#8243; rt_bg_image=\u00bb3123&#8243;][vc_column rt_bg_image_repeat=\u00bbrepeat\u00bb rt_bg_size=\u00bbauto auto\u00bb rt_bg_attachment=\u00bbscroll\u00bb][\/vc_column][\/vc_row][vc_row rt_row_background_width=\u00bbfullwidth\u00bb rt_row_content_width=\u00bbdefault\u00bb rt_row_style=\u00bbdefault-style\u00bb rt_row_borders=\u00bb\u00bb rt_row_paddings=\u00bbtrue\u00bb rt_bg_effect=\u00bbclassic\u00bb rt_bg_image_repeat=\u00bbrepeat\u00bb rt_bg_size=\u00bbcover\u00bb rt_bg_position=\u00bbright top\u00bb rt_bg_attachment=\u00bbscroll\u00bb rt_bg_video_format=\u00bbself-hosted\u00bb][vc_column width=\u00bb3\/4&#8243; rt_bg_image_repeat=\u00bbrepeat\u00bb rt_bg_size=\u00bbauto auto\u00bb rt_bg_attachment=\u00bbscroll\u00bb][vc_column_text] Servicios Ofrecidos en el Centro de Dra. Susan Fox para Mujeres Centro de Salud de la Mujer [&hellip;]<\/p>\n","protected":false},"author":1,"featured_media":3619,"parent":0,"menu_order":0,"comment_status":"closed","ping_status":"closed","template":"","meta":{"jetpack_post_was_ever_published":false,"footnotes":""},"class_list":["post-3437","page","type-page","status-publish","has-post-thumbnail","hentry"],"yoast_head":"<!-- This site is optimized with the Yoast SEO plugin v27.3 - https:\/\/yoast.com\/product\/yoast-seo-wordpress\/ -->\n<title>Women Health Center | Gynecological Treatment Miami<\/title>\n<meta name=\"description\" content=\"Women Health Center - Dr. Susan Fox, a dependable and knowledgeable Obstetrician Gynecologist for routine gynecological care, pelvic surgery and more!\" \/>\n<meta name=\"robots\" content=\"index, follow, max-snippet:-1, max-image-preview:large, max-video-preview:-1\" \/>\n<link rel=\"canonical\" href=\"https:\/\/obgynmiami.com\/es\/services\/\" \/>\n<meta property=\"og:locale\" content=\"es_ES\" \/>\n<meta property=\"og:type\" content=\"article\" \/>\n<meta property=\"og:title\" content=\"Women Health Center | Gynecological Treatment Miami\" \/>\n<meta property=\"og:description\" content=\"Women Health Center - Dr. Susan Fox, a dependable and knowledgeable Obstetrician Gynecologist for routine gynecological care, pelvic surgery and more!\" \/>\n<meta property=\"og:url\" content=\"https:\/\/obgynmiami.com\/es\/services\/\" \/>\n<meta property=\"og:site_name\" content=\"Center For Women&#039;s Health And Wellness\" \/>\n<meta property=\"article:publisher\" content=\"https:\/\/www.facebook.com\/pages\/Fox-Susan\/139797669401130?fref=ts\" \/>\n<meta property=\"article:modified_time\" content=\"2016-08-03T13:30:14+00:00\" \/>\n<meta property=\"og:image\" content=\"https:\/\/obgynmiami.com\/wp-content\/uploads\/2016\/05\/Vagina-Rejuvenation-in-Kendall.jpg\" \/>\n\t<meta property=\"og:image:width\" content=\"1000\" \/>\n\t<meta property=\"og:image:height\" content=\"671\" \/>\n\t<meta property=\"og:image:type\" content=\"image\/jpeg\" \/>\n<meta name=\"twitter:card\" content=\"summary_large_image\" \/>\n<meta name=\"twitter:site\" content=\"@drsusanfox\" \/>\n<meta name=\"twitter:label1\" content=\"Tiempo de lectura\" \/>\n\t<meta name=\"twitter:data1\" content=\"2 minutos\" \/>\n<script type=\"application\/ld+json\" class=\"yoast-schema-graph\">{\"@context\":\"https:\\\/\\\/schema.org\",\"@graph\":[{\"@type\":\"WebPage\",\"@id\":\"https:\\\/\\\/obgynmiami.com\\\/es\\\/services\\\/\",\"url\":\"https:\\\/\\\/obgynmiami.com\\\/es\\\/services\\\/\",\"name\":\"Women Health Center | Gynecological Treatment Miami\",\"isPartOf\":{\"@id\":\"https:\\\/\\\/obgynmiami.com\\\/#website\"},\"primaryImageOfPage\":{\"@id\":\"https:\\\/\\\/obgynmiami.com\\\/es\\\/services\\\/#primaryimage\"},\"image\":{\"@id\":\"https:\\\/\\\/obgynmiami.com\\\/es\\\/services\\\/#primaryimage\"},\"thumbnailUrl\":\"https:\\\/\\\/obgynmiami.com\\\/wp-content\\\/uploads\\\/2016\\\/05\\\/Vagina-Rejuvenation-in-Kendall.jpg?wsr\",\"datePublished\":\"2015-09-10T23:11:26+00:00\",\"dateModified\":\"2016-08-03T13:30:14+00:00\",\"description\":\"Women Health Center - Dr. Susan Fox, a dependable and knowledgeable Obstetrician Gynecologist for routine gynecological care, pelvic surgery and more!\",\"breadcrumb\":{\"@id\":\"https:\\\/\\\/obgynmiami.com\\\/es\\\/services\\\/#breadcrumb\"},\"inLanguage\":\"es\",\"potentialAction\":[{\"@type\":\"ReadAction\",\"target\":[\"https:\\\/\\\/obgynmiami.com\\\/es\\\/services\\\/\"]}]},{\"@type\":\"ImageObject\",\"inLanguage\":\"es\",\"@id\":\"https:\\\/\\\/obgynmiami.com\\\/es\\\/services\\\/#primaryimage\",\"url\":\"https:\\\/\\\/obgynmiami.com\\\/wp-content\\\/uploads\\\/2016\\\/05\\\/Vagina-Rejuvenation-in-Kendall.jpg?wsr\",\"contentUrl\":\"https:\\\/\\\/obgynmiami.com\\\/wp-content\\\/uploads\\\/2016\\\/05\\\/Vagina-Rejuvenation-in-Kendall.jpg?wsr\",\"width\":1000,\"height\":671,\"caption\":\"Vagina Rejuvenation in Kendall , Women Health Center , Women Health Center , Obstetrics and Gynecology\"},{\"@type\":\"BreadcrumbList\",\"@id\":\"https:\\\/\\\/obgynmiami.com\\\/es\\\/services\\\/#breadcrumb\",\"itemListElement\":[{\"@type\":\"ListItem\",\"position\":1,\"name\":\"Home\",\"item\":\"https:\\\/\\\/obgynmiami.com\\\/es\\\/inicio\\\/\"},{\"@type\":\"ListItem\",\"position\":2,\"name\":\"Servicios\"}]},{\"@type\":\"WebSite\",\"@id\":\"https:\\\/\\\/obgynmiami.com\\\/#website\",\"url\":\"https:\\\/\\\/obgynmiami.com\\\/\",\"name\":\"Center For Women&#039;s Health And Wellness\",\"description\":\"Miami Obstetrician &amp; Gynecologist - OB-GYN in Kendall, Florida\",\"publisher\":{\"@id\":\"https:\\\/\\\/obgynmiami.com\\\/#organization\"},\"potentialAction\":[{\"@type\":\"SearchAction\",\"target\":{\"@type\":\"EntryPoint\",\"urlTemplate\":\"https:\\\/\\\/obgynmiami.com\\\/?s={search_term_string}\"},\"query-input\":{\"@type\":\"PropertyValueSpecification\",\"valueRequired\":true,\"valueName\":\"search_term_string\"}}],\"inLanguage\":\"es\"},{\"@type\":\"Organization\",\"@id\":\"https:\\\/\\\/obgynmiami.com\\\/#organization\",\"name\":\"Dr. Susan Fox D.O., OB-GYN\",\"url\":\"https:\\\/\\\/obgynmiami.com\\\/\",\"logo\":{\"@type\":\"ImageObject\",\"inLanguage\":\"es\",\"@id\":\"https:\\\/\\\/obgynmiami.com\\\/#\\\/schema\\\/logo\\\/image\\\/\",\"url\":\"https:\\\/\\\/obgynmiami.com\\\/wp-content\\\/uploads\\\/2015\\\/11\\\/Susan-Fox-Logo-Bold.png\",\"contentUrl\":\"https:\\\/\\\/obgynmiami.com\\\/wp-content\\\/uploads\\\/2015\\\/11\\\/Susan-Fox-Logo-Bold.png\",\"width\":300,\"height\":140,\"caption\":\"Dr. Susan Fox D.O., OB-GYN\"},\"image\":{\"@id\":\"https:\\\/\\\/obgynmiami.com\\\/#\\\/schema\\\/logo\\\/image\\\/\"},\"sameAs\":[\"https:\\\/\\\/www.facebook.com\\\/pages\\\/Fox-Susan\\\/139797669401130?fref=ts\",\"https:\\\/\\\/x.com\\\/drsusanfox\"]}]}<\/script>\n<!-- \/ Yoast SEO plugin. -->","yoast_head_json":{"title":"Women Health Center | Gynecological Treatment Miami","description":"Women Health Center - Dr. Susan Fox, a dependable and knowledgeable Obstetrician Gynecologist for routine gynecological care, pelvic surgery and more!","robots":{"index":"index","follow":"follow","max-snippet":"max-snippet:-1","max-image-preview":"max-image-preview:large","max-video-preview":"max-video-preview:-1"},"canonical":"https:\/\/obgynmiami.com\/es\/services\/","og_locale":"es_ES","og_type":"article","og_title":"Women Health Center | Gynecological Treatment Miami","og_description":"Women Health Center - Dr. Susan Fox, a dependable and knowledgeable Obstetrician Gynecologist for routine gynecological care, pelvic surgery and more!","og_url":"https:\/\/obgynmiami.com\/es\/services\/","og_site_name":"Center For Women&#039;s Health And Wellness","article_publisher":"https:\/\/www.facebook.com\/pages\/Fox-Susan\/139797669401130?fref=ts","article_modified_time":"2016-08-03T13:30:14+00:00","og_image":[{"width":1000,"height":671,"url":"https:\/\/obgynmiami.com\/wp-content\/uploads\/2016\/05\/Vagina-Rejuvenation-in-Kendall.jpg","type":"image\/jpeg"}],"twitter_card":"summary_large_image","twitter_site":"@drsusanfox","twitter_misc":{"Tiempo de lectura":"2 minutos"},"schema":{"@context":"https:\/\/schema.org","@graph":[{"@type":"WebPage","@id":"https:\/\/obgynmiami.com\/es\/services\/","url":"https:\/\/obgynmiami.com\/es\/services\/","name":"Women Health Center | Gynecological Treatment Miami","isPartOf":{"@id":"https:\/\/obgynmiami.com\/#website"},"primaryImageOfPage":{"@id":"https:\/\/obgynmiami.com\/es\/services\/#primaryimage"},"image":{"@id":"https:\/\/obgynmiami.com\/es\/services\/#primaryimage"},"thumbnailUrl":"https:\/\/obgynmiami.com\/wp-content\/uploads\/2016\/05\/Vagina-Rejuvenation-in-Kendall.jpg?wsr","datePublished":"2015-09-10T23:11:26+00:00","dateModified":"2016-08-03T13:30:14+00:00","description":"Women Health Center - Dr. Susan Fox, a dependable and knowledgeable Obstetrician Gynecologist for routine gynecological care, pelvic surgery and more!","breadcrumb":{"@id":"https:\/\/obgynmiami.com\/es\/services\/#breadcrumb"},"inLanguage":"es","potentialAction":[{"@type":"ReadAction","target":["https:\/\/obgynmiami.com\/es\/services\/"]}]},{"@type":"ImageObject","inLanguage":"es","@id":"https:\/\/obgynmiami.com\/es\/services\/#primaryimage","url":"https:\/\/obgynmiami.com\/wp-content\/uploads\/2016\/05\/Vagina-Rejuvenation-in-Kendall.jpg?wsr","contentUrl":"https:\/\/obgynmiami.com\/wp-content\/uploads\/2016\/05\/Vagina-Rejuvenation-in-Kendall.jpg?wsr","width":1000,"height":671,"caption":"Vagina Rejuvenation in Kendall , Women Health Center , Women Health Center , Obstetrics and Gynecology"},{"@type":"BreadcrumbList","@id":"https:\/\/obgynmiami.com\/es\/services\/#breadcrumb","itemListElement":[{"@type":"ListItem","position":1,"name":"Home","item":"https:\/\/obgynmiami.com\/es\/inicio\/"},{"@type":"ListItem","position":2,"name":"Servicios"}]},{"@type":"WebSite","@id":"https:\/\/obgynmiami.com\/#website","url":"https:\/\/obgynmiami.com\/","name":"Center For Women&#039;s Health And Wellness","description":"Miami Obstetrician &amp; Gynecologist - OB-GYN in Kendall, Florida","publisher":{"@id":"https:\/\/obgynmiami.com\/#organization"},"potentialAction":[{"@type":"SearchAction","target":{"@type":"EntryPoint","urlTemplate":"https:\/\/obgynmiami.com\/?s={search_term_string}"},"query-input":{"@type":"PropertyValueSpecification","valueRequired":true,"valueName":"search_term_string"}}],"inLanguage":"es"},{"@type":"Organization","@id":"https:\/\/obgynmiami.com\/#organization","name":"Dr. Susan Fox D.O., OB-GYN","url":"https:\/\/obgynmiami.com\/","logo":{"@type":"ImageObject","inLanguage":"es","@id":"https:\/\/obgynmiami.com\/#\/schema\/logo\/image\/","url":"https:\/\/obgynmiami.com\/wp-content\/uploads\/2015\/11\/Susan-Fox-Logo-Bold.png","contentUrl":"https:\/\/obgynmiami.com\/wp-content\/uploads\/2015\/11\/Susan-Fox-Logo-Bold.png","width":300,"height":140,"caption":"Dr. Susan Fox D.O., OB-GYN"},"image":{"@id":"https:\/\/obgynmiami.com\/#\/schema\/logo\/image\/"},"sameAs":["https:\/\/www.facebook.com\/pages\/Fox-Susan\/139797669401130?fref=ts","https:\/\/x.com\/drsusanfox"]}]}},"jetpack_sharing_enabled":true,"jetpack_shortlink":"https:\/\/wp.me\/P8s4X2-Tr","_links":{"self":[{"href":"https:\/\/obgynmiami.com\/es\/wp-json\/wp\/v2\/pages\/3437","targetHints":{"allow":["GET"]}}],"collection":[{"href":"https:\/\/obgynmiami.com\/es\/wp-json\/wp\/v2\/pages"}],"about":[{"href":"https:\/\/obgynmiami.com\/es\/wp-json\/wp\/v2\/types\/page"}],"author":[{"embeddable":true,"href":"https:\/\/obgynmiami.com\/es\/wp-json\/wp\/v2\/users\/1"}],"replies":[{"embeddable":true,"href":"https:\/\/obgynmiami.com\/es\/wp-json\/wp\/v2\/comments?post=3437"}],"version-history":[{"count":0,"href":"https:\/\/obgynmiami.com\/es\/wp-json\/wp\/v2\/pages\/3437\/revisions"}],"wp:featuredmedia":[{"embeddable":true,"href":"https:\/\/obgynmiami.com\/es\/wp-json\/wp\/v2\/media\/3619"}],"wp:attachment":[{"href":"https:\/\/obgynmiami.com\/es\/wp-json\/wp\/v2\/media?parent=3437"}],"curies":[{"name":"wp","href":"https:\/\/api.w.org\/{rel}","templated":true}]}}